{"id":3995,"date":"2016-04-22T07:00:24","date_gmt":"2016-04-22T07:00:24","guid":{"rendered":"http:\/\/eurotransis.com\/pt-pt\/tienda\/sin%20categorizar\/serie-em-600\/"},"modified":"2025-02-17T14:43:02","modified_gmt":"2025-02-17T13:43:02","slug":"serie-em-600","status":"publish","type":"product","link":"https:\/\/eurotransis.com\/pt-pt\/loja\/rolos-pt\/para-transporte-por-gravidade-pt\/serie-media-pt\/cabezales-plasticos-serie-media-pt\/serie-em-600\/","title":{"rendered":"Rolo S\u00e9rie EM-600"},"content":{"rendered":"<table style=\"height: 201px\" width=\"1275\">\n<tbody>\n<tr>\n<td style=\"text-align: center;width: 656px\" colspan=\"7\"><strong>TUBO<\/strong><\/td>\n<td style=\"text-align: center;width: 590px\" colspan=\"6\"><strong>\u00d8 EXIO (mm)<\/strong><\/td>\n<\/tr>\n<tr>\n<td style=\"width: 193px\"><strong>SERIE 600<\/strong><\/td>\n<td style=\"width: 140px\"><strong>\u00d8 (mm)<\/strong><\/td>\n<td style=\"width: 52px\"><strong>ST<\/strong><\/td>\n<td style=\"width: 67px\"><strong>STI<\/strong><\/td>\n<td style=\"width: 39px\"><strong>N<\/strong><\/td>\n<td style=\"width: 83px\"><strong>ALU<\/strong><\/td>\n<td style=\"width: 82px\"><strong>GAL<\/strong><\/td>\n<td style=\"width: 73px\"><strong>8<\/strong><\/td>\n<td style=\"width: 87px\"><strong>10<\/strong><\/td>\n<td style=\"width: 83px\"><strong>12<\/strong><\/td>\n<td style=\"width: 84px\"><strong>14<\/strong><\/td>\n<td style=\"width: 81px\"><strong>15<\/strong><\/td>\n<td style=\"width: 182px\"><strong>SW11<\/strong><\/td>\n<\/tr>\n<tr>\n<td style=\"width: 193px\"><strong>600-101<\/strong><\/td>\n<td style=\"width: 140px\">50&#215;1.5<\/td>\n<td style=\"width: 52px\">SI<\/td>\n<td style=\"width: 67px\">SI<\/td>\n<td style=\"width: 39px\">SI<\/td>\n<td style=\"width: 83px\">SI<\/td>\n<td style=\"width: 82px\">SI<\/td>\n<td style=\"width: 73px\">SI<\/td>\n<td style=\"width: 87px\">SI<\/td>\n<td style=\"width: 83px\">SI<\/td>\n<td style=\"width: 84px\"><\/td>\n<td style=\"width: 81px\"><\/td>\n<td style=\"width: 182px\">SI<\/td>\n<\/tr>\n<tr>\n<td style=\"width: 193px\"><strong>600-103<\/strong><\/td>\n<td style=\"width: 140px\">50&#215;1.5<\/td>\n<td style=\"width: 52px\">SI<\/td>\n<td style=\"width: 67px\">SI<\/td>\n<td style=\"width: 39px\">SI<\/td>\n<td style=\"width: 83px\">SI<\/td>\n<td style=\"width: 82px\">SI<\/td>\n<td style=\"width: 73px\">SI<\/td>\n<td style=\"width: 87px\">SI<\/td>\n<td style=\"width: 83px\">SI<\/td>\n<td style=\"width: 84px\"><\/td>\n<td style=\"width: 81px\"><\/td>\n<td style=\"width: 182px\">SI<\/td>\n<\/tr>\n<tr>\n<td style=\"width: 193px\"><strong>600-310<\/strong><\/td>\n<td style=\"width: 140px\">50&#215;1.5<\/td>\n<td style=\"width: 52px\">SI<\/td>\n<td style=\"width: 67px\">SI<\/td>\n<td style=\"width: 39px\">SI<\/td>\n<td style=\"width: 83px\">SI<\/td>\n<td style=\"width: 82px\">SI<\/td>\n<td style=\"width: 73px\"><\/td>\n<td style=\"width: 87px\">SI<\/td>\n<td style=\"width: 83px\">SI<\/td>\n<td style=\"width: 84px\">SI<\/td>\n<td style=\"width: 81px\">SI<\/td>\n<td style=\"width: 182px\">SI<\/td>\n<\/tr>\n<tr>\n<td style=\"width: 193px\"><strong>600-230<\/strong><\/td>\n<td style=\"width: 140px\">50&#215;1.5<\/td>\n<td style=\"width: 52px\">SI<\/td>\n<td style=\"width: 67px\">SI<\/td>\n<td style=\"width: 39px\">SI<\/td>\n<td style=\"width: 83px\">SI<\/td>\n<td style=\"width: 82px\">SI<\/td>\n<td style=\"width: 73px\">SI<\/td>\n<td style=\"width: 87px\">SI<\/td>\n<td style=\"width: 83px\">SI<\/td>\n<td style=\"width: 84px\"><\/td>\n<td style=\"width: 81px\">SI<\/td>\n<td style=\"width: 182px\">SI<\/td>\n<\/tr>\n<tr>\n<td style=\"width: 193px\"><strong>600-260<\/strong><\/td>\n<td style=\"width: 140px\">50&#215;1.5<\/td>\n<td style=\"width: 52px\">SI<\/td>\n<td style=\"width: 67px\">SI<\/td>\n<td style=\"width: 39px\">SI<\/td>\n<td style=\"width: 83px\">SI<\/td>\n<td style=\"width: 82px\">SI<\/td>\n<td style=\"width: 73px\"><\/td>\n<td style=\"width: 87px\">SI<\/td>\n<td style=\"width: 83px\">SI<\/td>\n<td style=\"width: 84px\"><\/td>\n<td style=\"width: 81px\">SI<\/td>\n<td style=\"width: 182px\">SI<\/td>\n<\/tr>\n<tr>\n<td style=\"width: 656px\" colspan=\"7\"><img loading=\"lazy\" decoding=\"async\" class=\"size-full wp-image-926 alignleft\" src=\"https:\/\/eurotransis.com\/wp-content\/uploads\/2016\/04\/cabezal.png\" alt=\"cabezal\" width=\"101\" height=\"72\" \/><\/p>\n<p style=\"text-align: right\"><strong>EM-600-101: Termopl\u00e1stico<\/strong><br \/>\n<strong>EM-600-103: Termopl\u00e1stico<\/strong><br \/>\n<strong>EM-600-310: Termopl\u00e1stico<\/strong><br \/>\n<strong>EM-600-230: Metal incorporado<\/strong><br \/>\n<strong>EM-600-260: Metal incorporado<\/strong><\/p>\n<\/td>\n<td style=\"width: 590px\" colspan=\"6\"><img loading=\"lazy\" decoding=\"async\" class=\"size-full wp-image-1453 alignleft\" src=\"https:\/\/eurotransis.com\/wp-content\/uploads\/2016\/04\/hilera.png\" alt=\"hilera\" width=\"101\" height=\"73\" srcset=\"https:\/\/eurotransis.com\/wp-content\/uploads\/2016\/04\/hilera.png 101w, https:\/\/eurotransis.com\/wp-content\/uploads\/2016\/04\/hilera-64x46.png 64w\" sizes=\"auto, (max-width: 101px) 100vw, 101px\" \/><\/p>\n<p style=\"text-align: right\"><strong>EM-600-101: Linhas de bola dupla<\/strong><br \/>\n<strong>EM-600-103: Linhas de bola dupla<\/strong><br \/>\n<strong>EM-600-310: Rolamento precis\u00e3o<\/strong><br \/>\n<strong>EM-600-230: Rolamento estampado<\/strong><br \/>\n<strong>EM-600-260: Rolamento precis\u00e3o<\/strong><\/p>\n<\/td>\n<\/tr>\n<tr>\n<td style=\"text-align: right;width: 656px\" colspan=\"7\"><strong><img loading=\"lazy\" decoding=\"async\" class=\"wp-image-1457 size-thumbnail alignleft\" src=\"https:\/\/eurotransis.com\/wp-content\/uploads\/2016\/04\/curva-gravedad-150x150.png\" alt=\"curva gravedad\" width=\"150\" height=\"150\" srcset=\"https:\/\/eurotransis.com\/wp-content\/uploads\/2016\/04\/curva-gravedad-150x150.png 150w, https:\/\/eurotransis.com\/wp-content\/uploads\/2016\/04\/curva-gravedad-100x100.png 100w, https:\/\/eurotransis.com\/wp-content\/uploads\/2016\/04\/curva-gravedad-66x66.png 66w\" sizes=\"auto, (max-width: 150px) 100vw, 150px\" \/>Curvas Ri = 800 mm<\/strong><\/td>\n<td style=\"width: 590px\" colspan=\"6\"><img loading=\"lazy\" decoding=\"async\" class=\"size-full wp-image-930 alignleft\" src=\"https:\/\/eurotransis.com\/wp-content\/uploads\/2016\/04\/fuerza.png\" alt=\"fuerza\" width=\"100\" height=\"72\" srcset=\"https:\/\/eurotransis.com\/wp-content\/uploads\/2016\/04\/fuerza.png 100w, https:\/\/eurotransis.com\/wp-content\/uploads\/2016\/04\/fuerza-64x46.png 64w\" sizes=\"auto, (max-width: 100px) 100vw, 100px\" \/><\/p>\n<p style=\"text-align: right\"><strong>EM-600-101: 24daN\/Cabe<span lang=\"pt\">\u00e7<\/span>a<br \/>\nEM-600-103: 24daN\/Cabe<span lang=\"pt\">\u00e7<\/span>a<br \/>\nEM-600-310: 80daN\/Cabe<span lang=\"pt\">\u00e7<\/span>a<br \/>\nEM-600-230: 80daN\/Cabe<span lang=\"pt\">\u00e7<\/span>a<br \/>\nEM-600-260: 80daN\/Cabe<span lang=\"pt\">\u00e7<\/span>a<\/strong><\/p>\n<\/td>\n<\/tr>\n<\/tbody>\n<\/table>\n<p>&nbsp;<\/p>\n","protected":false},"excerpt":{"rendered":"<p id=\"tw-target-text\" class=\"tw-data-text vk_txt tw-ta tw-text-small\" dir=\"ltr\" data-placeholder=\"Translation\">A s\u00e9rie Roltia EM-600 \u00e9 um rolo c\u00f4nico livre que pode ser montado com diferentes tipos de cabe\u00e7otes. \u00c9 fabricado com elementos c\u00f4nicos termopl\u00e1sticos para curvas com raio interno de 800 mm.<\/p>\n","protected":false},"featured_media":12802,"comment_status":"closed","ping_status":"closed","template":"","meta":[],"product_brand":[],"product_cat":[533],"product_tag":[],"class_list":{"0":"post-3995","1":"product","2":"type-product","3":"status-publish","4":"has-post-thumbnail","6":"product_cat-cabezales-plasticos-serie-media-pt","8":"first","9":"instock","10":"shipping-taxable","11":"product-type-simple"},"_links":{"self":[{"href":"https:\/\/eurotransis.com\/pt-pt\/wp-json\/wp\/v2\/product\/3995","targetHints":{"allow":["GET"]}}],"collection":[{"href":"https:\/\/eurotransis.com\/pt-pt\/wp-json\/wp\/v2\/product"}],"about":[{"href":"https:\/\/eurotransis.com\/pt-pt\/wp-json\/wp\/v2\/types\/product"}],"replies":[{"embeddable":true,"href":"https:\/\/eurotransis.com\/pt-pt\/wp-json\/wp\/v2\/comments?post=3995"}],"wp:featuredmedia":[{"embeddable":true,"href":"https:\/\/eurotransis.com\/pt-pt\/wp-json\/wp\/v2\/media\/12802"}],"wp:attachment":[{"href":"https:\/\/eurotransis.com\/pt-pt\/wp-json\/wp\/v2\/media?parent=3995"}],"wp:term":[{"taxonomy":"product_brand","embeddable":true,"href":"https:\/\/eurotransis.com\/pt-pt\/wp-json\/wp\/v2\/product_brand?post=3995"},{"taxonomy":"product_cat","embeddable":true,"href":"https:\/\/eurotransis.com\/pt-pt\/wp-json\/wp\/v2\/product_cat?post=3995"},{"taxonomy":"product_tag","embeddable":true,"href":"https:\/\/eurotransis.com\/pt-pt\/wp-json\/wp\/v2\/product_tag?post=3995"}],"curies":[{"name":"wp","href":"https:\/\/api.w.org\/{rel}","templated":true}]}}