{"id":3999,"date":"2016-04-21T12:08:58","date_gmt":"2016-04-21T12:08:58","guid":{"rendered":"http:\/\/eurotransis.com\/pt-pt\/tienda\/sin%20categorizar\/serie-ems-2\/"},"modified":"2025-02-14T12:52:54","modified_gmt":"2025-02-14T11:52:54","slug":"serie-ems-2","status":"publish","type":"product","link":"https:\/\/eurotransis.com\/pt-pt\/loja\/rolos-pt\/para-transporte-por-gravidade-pt\/serie-media-pt\/cabecas-metalicas-serie-media-pt\/serie-ems-2\/","title":{"rendered":"Rolo S\u00e9rie EMS"},"content":{"rendered":"<table style=\"height: 201px\" width=\"1275\">\n<tbody>\n<tr style=\"height: 24px\">\n<td style=\"text-align: center;height: 24px\" colspan=\"3\"><strong>\u00d8 TUBO<\/strong><\/td>\n<td style=\"text-align: center;height: 24px\" colspan=\"3\"><b>\u00d8 EIXO\u00a0<\/b><\/td>\n<\/tr>\n<tr style=\"height: 24px\">\n<td style=\"height: 24px\"><strong>\u00d8 (mm)<\/strong><\/td>\n<td style=\"height: 24px\"><strong>ST\u00a0<\/strong><\/td>\n<td style=\"height: 24px\"><strong>STI\u00a0<\/strong><\/td>\n<td style=\"height: 24px\"><strong>15<\/strong><\/td>\n<td style=\"height: 24px\"><b>17<\/b><\/td>\n<td style=\"height: 24px\"><b>20<\/b><\/td>\n<\/tr>\n<tr style=\"height: 24px\">\n<td style=\"height: 24px\"><strong>60&#215;2<\/strong><\/td>\n<td style=\"height: 24px\">SI<\/td>\n<td style=\"height: 24px\">SI<\/td>\n<td style=\"height: 24px\">SI<\/td>\n<td style=\"height: 24px\">SI<\/td>\n<td style=\"height: 24px\">SI<\/td>\n<\/tr>\n<tr style=\"height: 24px\">\n<td style=\"height: 24px\"><strong>76&#215;2<\/strong><\/td>\n<td style=\"height: 24px\">SI<\/td>\n<td style=\"height: 24px\">SI<\/td>\n<td style=\"height: 24px\">SI<\/td>\n<td style=\"height: 24px\">SI<\/td>\n<td style=\"height: 24px\">SI<\/td>\n<\/tr>\n<tr style=\"height: 104px\">\n<td style=\"height: 104px\" colspan=\"3\"><strong><strong><img loading=\"lazy\" decoding=\"async\" class=\"size-medium wp-image-640 alignleft\" src=\"https:\/\/eurotransis.com\/images\/catalogo\/iconos\/cabezal.png\" alt=\"cabezal\" width=\"101\" height=\"72\" \/><\/strong><\/strong><\/p>\n<p id=\"tw-target-text\" class=\"tw-data-text vk_txt tw-ta tw-text-small\" dir=\"ltr\" data-placeholder=\"Translation\"><strong>Cabe\u00e7a a\u00e7o AP-04<\/strong><\/p>\n<p class=\"tw-data-text vk_txt tw-ta tw-text-small\" dir=\"ltr\" data-placeholder=\"Translation\"><strong>Labirinto termopl\u00e1stico<\/strong><\/p>\n<\/td>\n<td style=\"height: 104px\" colspan=\"3\"><strong>Rolamento precis\u00e3o<img loading=\"lazy\" decoding=\"async\" class=\"size-medium wp-image-648 alignleft\" src=\"https:\/\/eurotransis.com\/images\/catalogo\/iconos\/hilera.png\" alt=\"hilera\" width=\"101\" height=\"73\" \/><\/strong><\/td>\n<\/tr>\n<tr style=\"height: 136px\">\n<td style=\"height: 136px\" colspan=\"3\">\n<p><strong><img loading=\"lazy\" decoding=\"async\" class=\"size-full wp-image-636 alignleft\" src=\"https:\/\/eurotransis.com\/images\/catalogo\/iconos\/aplicacion.png\" alt=\"aplicacion\" width=\"100\" height=\"75\" \/>Actividade mineira semi-pesada<\/strong><\/p>\n<p><strong>Paletiza\u00e7\u00e3o<br \/>\n<\/strong><\/p>\n<p><strong><span lang=\"fr\">Tubo \u00d860&#215;2 (rolo guia o vertical)<\/span><\/strong><\/td>\n<td style=\"height: 136px\" colspan=\"3\"><strong><img loading=\"lazy\" decoding=\"async\" class=\"size-medium wp-image-644 alignleft\" src=\"https:\/\/eurotransis.com\/images\/catalogo\/iconos\/fuerza.png\" alt=\"fuerza\" width=\"100\" height=\"72\" \/>250 d<strong>aN\/Cabe\u00e7a<\/strong><\/strong><\/td>\n<\/tr>\n<tr style=\"height: 24px\">\n<td style=\"height: 24px\" colspan=\"6\"><strong>NOTA: \u00d876X2 S\u00d3 CABE\u00c7A EMBUTIDA<\/strong><\/td>\n<\/tr>\n<tr>\n<td colspan=\"6\">\n<p><strong style=\"font-family: inherit;font-size: inherit\"><span lang=\"en\"><strong><img loading=\"lazy\" decoding=\"async\" class=\"alignleft\" src=\"https:\/\/eurotransis.com\/wp-content\/uploads\/2016\/04\/CL-150x150.png\" width=\"80\" height=\"80\" \/><\/strong><\/span><\/strong><strong>COMPONENTES RELACIONADOS: <\/strong><\/p>\n<p><strong>CL-FECHO DE LABIRINTO<\/strong><\/td>\n<\/tr>\n<\/tbody>\n<\/table>\n<p>&nbsp;<\/p>\n","protected":false},"excerpt":{"rendered":"<p id=\"tw-target-text\" class=\"tw-data-text vk_txt tw-ta tw-text-small\" dir=\"ltr\" data-placeholder=\"Translation\">A s\u00e9rie Roltia EMS \u00e9 um rolo livre com copo de metal soldado com rolamento r\u00edgido de esferas (6202\/6303\/6204). \u00c9 fabricado em di\u00e2metros de tubos que variam de \u00d860 a \u00d876 em a\u00e7o. S\u00e3o adequados para o transporte de cargas semipesadas.<\/p>\n","protected":false},"featured_media":12920,"comment_status":"open","ping_status":"closed","template":"","meta":[],"product_brand":[],"product_cat":[531],"product_tag":[],"class_list":{"0":"post-3999","1":"product","2":"type-product","3":"status-publish","4":"has-post-thumbnail","6":"product_cat-cabecas-metalicas-serie-media-pt","8":"first","9":"instock","10":"shipping-taxable","11":"product-type-simple"},"_links":{"self":[{"href":"https:\/\/eurotransis.com\/pt-pt\/wp-json\/wp\/v2\/product\/3999","targetHints":{"allow":["GET"]}}],"collection":[{"href":"https:\/\/eurotransis.com\/pt-pt\/wp-json\/wp\/v2\/product"}],"about":[{"href":"https:\/\/eurotransis.com\/pt-pt\/wp-json\/wp\/v2\/types\/product"}],"replies":[{"embeddable":true,"href":"https:\/\/eurotransis.com\/pt-pt\/wp-json\/wp\/v2\/comments?post=3999"}],"wp:featuredmedia":[{"embeddable":true,"href":"https:\/\/eurotransis.com\/pt-pt\/wp-json\/wp\/v2\/media\/12920"}],"wp:attachment":[{"href":"https:\/\/eurotransis.com\/pt-pt\/wp-json\/wp\/v2\/media?parent=3999"}],"wp:term":[{"taxonomy":"product_brand","embeddable":true,"href":"https:\/\/eurotransis.com\/pt-pt\/wp-json\/wp\/v2\/product_brand?post=3999"},{"taxonomy":"product_cat","embeddable":true,"href":"https:\/\/eurotransis.com\/pt-pt\/wp-json\/wp\/v2\/product_cat?post=3999"},{"taxonomy":"product_tag","embeddable":true,"href":"https:\/\/eurotransis.com\/pt-pt\/wp-json\/wp\/v2\/product_tag?post=3999"}],"curies":[{"name":"wp","href":"https:\/\/api.w.org\/{rel}","templated":true}]}}