{"id":4000,"date":"2016-04-21T12:02:19","date_gmt":"2016-04-21T12:02:19","guid":{"rendered":"http:\/\/eurotransis.com\/pt-pt\/tienda\/sin%20categorizar\/serie-em-330\/"},"modified":"2025-02-14T12:44:27","modified_gmt":"2025-02-14T11:44:27","slug":"serie-em-330","status":"publish","type":"product","link":"https:\/\/eurotransis.com\/pt-pt\/loja\/rolos-pt\/para-transporte-por-gravidade-pt\/serie-media-pt\/cabezales-plasticos-serie-media-pt\/serie-em-330\/","title":{"rendered":"Rolo S\u00e9rie EM-330"},"content":{"rendered":"<table style=\"height: 201px\" width=\"1275\">\n<tbody>\n<tr>\n<td style=\"text-align: center\" colspan=\"5\"><strong>\u00d8 TUBO<\/strong><\/td>\n<td style=\"text-align: center\" colspan=\"2\"><b><\/b><b>\u00d8 EIXO<\/b><\/td>\n<\/tr>\n<tr>\n<td><strong>(mm)<\/strong><\/td>\n<td><strong>ST<\/strong><\/td>\n<td><strong>STI<\/strong><\/td>\n<td><strong>N<\/strong><\/td>\n<td><strong>KG<\/strong><\/td>\n<td><b>17<\/b><\/td>\n<td><b>20<\/b><\/td>\n<\/tr>\n<tr>\n<td><strong>89&#215;3<\/strong><\/td>\n<td>SI<\/td>\n<td>SI<\/td>\n<td>SI<\/td>\n<td>SI<\/td>\n<td>SI<\/td>\n<td>SI<\/td>\n<\/tr>\n<tr>\n<td><strong>90&#215;7<\/strong><\/td>\n<td><\/td>\n<td><\/td>\n<td><\/td>\n<td>SI<\/td>\n<td>SI<\/td>\n<td>SI<\/td>\n<\/tr>\n<tr>\n<td><strong>108&#215;3<\/strong><\/td>\n<td>SI<\/td>\n<td>SI<\/td>\n<td><\/td>\n<td>SI<\/td>\n<td>SI<\/td>\n<td>SI<\/td>\n<\/tr>\n<tr>\n<td style=\"text-align: center\" colspan=\"7\"><\/td>\n<\/tr>\n<tr>\n<td colspan=\"5\"><strong><img loading=\"lazy\" decoding=\"async\" class=\"size-full wp-image-926 alignleft\" src=\"https:\/\/eurotransis.com\/wp-content\/uploads\/2016\/04\/cabezal.png\" alt=\"cabezal\" width=\"101\" height=\"72\" \/><\/strong><\/p>\n<p id=\"tw-target-text\" class=\"tw-data-text vk_txt tw-ta tw-text-small\" dir=\"ltr\" data-placeholder=\"Translation\"><strong><span lang=\"pt\">Cabe\u00e7a termopl\u00e1stica<\/span><\/strong><\/p>\n<p class=\"tw-data-text vk_txt tw-ta tw-text-small\" dir=\"ltr\" data-placeholder=\"Translation\"><strong><span lang=\"pt\">Labirinto \u00a0polipropileno<\/span><\/strong><\/p>\n<\/td>\n<td colspan=\"2\"><strong>\u00a0Rolamento precis\u00e3o<strong><img loading=\"lazy\" decoding=\"async\" class=\"size-full wp-image-819 alignleft\" src=\"https:\/\/eurotransis.com\/wp-content\/uploads\/2016\/04\/rodillos-traccionados.png\" alt=\"rodillos traccionados\" width=\"100\" height=\"72\" srcset=\"https:\/\/eurotransis.com\/wp-content\/uploads\/2016\/04\/rodillos-traccionados.png 100w, https:\/\/eurotransis.com\/wp-content\/uploads\/2016\/04\/rodillos-traccionados-64x46.png 64w\" sizes=\"auto, (max-width: 100px) 100vw, 100px\" \/><\/strong><\/strong><strong><br \/>\n<\/strong><\/td>\n<\/tr>\n<tr>\n<td colspan=\"5\"><strong><img loading=\"lazy\" decoding=\"async\" class=\"size-full wp-image-815 alignleft\" src=\"https:\/\/eurotransis.com\/wp-content\/uploads\/2016\/04\/aplicacion.png\" alt=\"aplicacion\" width=\"100\" height=\"75\" srcset=\"https:\/\/eurotransis.com\/wp-content\/uploads\/2016\/04\/aplicacion.png 100w, https:\/\/eurotransis.com\/wp-content\/uploads\/2016\/04\/aplicacion-64x48.png 64w\" sizes=\"auto, (max-width: 100px) 100vw, 100px\" \/>Actividade mineira semi-pesada<br \/>\n<\/strong><\/td>\n<td colspan=\"2\"><strong><img loading=\"lazy\" decoding=\"async\" class=\"size-full wp-image-930 alignleft\" src=\"https:\/\/eurotransis.com\/wp-content\/uploads\/2016\/04\/fuerza.png\" alt=\"fuerza\" width=\"100\" height=\"72\" srcset=\"https:\/\/eurotransis.com\/wp-content\/uploads\/2016\/04\/fuerza.png 100w, https:\/\/eurotransis.com\/wp-content\/uploads\/2016\/04\/fuerza-64x46.png 64w\" sizes=\"auto, (max-width: 100px) 100vw, 100px\" \/>200 daN\/Cabe\u00e7a<br \/>\n<\/strong><\/td>\n<\/tr>\n<tr>\n<td colspan=\"7\">\n<p><strong><img loading=\"lazy\" decoding=\"async\" class=\"alignleft\" src=\"https:\/\/eurotransis.com\/wp-content\/uploads\/2016\/04\/CL-150x150.png\" width=\"80\" height=\"80\" \/><\/strong><strong>COMPONENTES RELACIONADOS: <\/strong><\/p>\n<p><strong>CL-FECHO DE LABIRINTO<\/strong><\/td>\n<\/tr>\n<\/tbody>\n<\/table>\n<p>&nbsp;<\/p>\n","protected":false},"excerpt":{"rendered":"<p id=\"tw-target-text\" class=\"tw-data-text vk_txt tw-ta tw-text-small\" dir=\"ltr\" data-placeholder=\"Translation\">A s\u00e9rie EM-330 da Roltia \u00e9 um rolo livre com cabe\u00e7a termopl\u00e1stica com rolamento r\u00edgido de esferas (6303\/6204). \u00c9 fabricado em di\u00e2metros de tubo que variam de \u00d889 a \u00d8108 em diversos materiais. S\u00e3o adequados para o transporte de cargas semipesadas.<\/p>\n","protected":false},"featured_media":12580,"comment_status":"open","ping_status":"closed","template":"","meta":[],"product_brand":[],"product_cat":[533],"product_tag":[],"class_list":{"0":"post-4000","1":"product","2":"type-product","3":"status-publish","4":"has-post-thumbnail","6":"product_cat-cabezales-plasticos-serie-media-pt","8":"first","9":"instock","10":"shipping-taxable","11":"product-type-simple"},"_links":{"self":[{"href":"https:\/\/eurotransis.com\/pt-pt\/wp-json\/wp\/v2\/product\/4000","targetHints":{"allow":["GET"]}}],"collection":[{"href":"https:\/\/eurotransis.com\/pt-pt\/wp-json\/wp\/v2\/product"}],"about":[{"href":"https:\/\/eurotransis.com\/pt-pt\/wp-json\/wp\/v2\/types\/product"}],"replies":[{"embeddable":true,"href":"https:\/\/eurotransis.com\/pt-pt\/wp-json\/wp\/v2\/comments?post=4000"}],"wp:featuredmedia":[{"embeddable":true,"href":"https:\/\/eurotransis.com\/pt-pt\/wp-json\/wp\/v2\/media\/12580"}],"wp:attachment":[{"href":"https:\/\/eurotransis.com\/pt-pt\/wp-json\/wp\/v2\/media?parent=4000"}],"wp:term":[{"taxonomy":"product_brand","embeddable":true,"href":"https:\/\/eurotransis.com\/pt-pt\/wp-json\/wp\/v2\/product_brand?post=4000"},{"taxonomy":"product_cat","embeddable":true,"href":"https:\/\/eurotransis.com\/pt-pt\/wp-json\/wp\/v2\/product_cat?post=4000"},{"taxonomy":"product_tag","embeddable":true,"href":"https:\/\/eurotransis.com\/pt-pt\/wp-json\/wp\/v2\/product_tag?post=4000"}],"curies":[{"name":"wp","href":"https:\/\/api.w.org\/{rel}","templated":true}]}}