{"id":4008,"date":"2016-04-21T11:17:19","date_gmt":"2016-04-21T11:17:19","guid":{"rendered":"http:\/\/eurotransis.com\/pt-pt\/tienda\/sin%20categorizar\/serie-em-508\/"},"modified":"2025-08-07T08:26:51","modified_gmt":"2025-08-07T06:26:51","slug":"serie-em-508","status":"publish","type":"product","link":"https:\/\/eurotransis.com\/pt-pt\/loja\/rolos-pt\/para-transporte-motorizado-pt\/rolos-motorizados-serie-media-pt\/transmissao-corrente-com-carreto-soldado-pt\/serie-em-508\/","title":{"rendered":"Rolo S\u00e9rie EM-508"},"content":{"rendered":"<table style=\"height: 201px\" width=\"1275\">\n<tbody>\n<tr>\n<td style=\"text-align: center;width: 462px\" colspan=\"4\"><strong>\u00d8 TUBO<\/strong><\/td>\n<td style=\"text-align: center;width: 635px\" colspan=\"4\"><strong>\u00d8 EIXO\u00a0<\/strong><\/td>\n<\/tr>\n<tr>\n<td style=\"width: 164px\"><strong>\u00d8 (mm)<\/strong><\/td>\n<td style=\"width: 100px\"><strong>ST<\/strong><\/td>\n<td style=\"width: 105px\"><strong>STI<\/strong><\/td>\n<td style=\"width: 93px\"><strong>N<\/strong><\/td>\n<td style=\"width: 151px\"><strong>12<\/strong><\/td>\n<td style=\"width: 164px\"><strong>14<\/strong><\/td>\n<td style=\"width: 165px\"><strong>15<\/strong><\/td>\n<td style=\"width: 155px\"><strong>17<\/strong><\/td>\n<\/tr>\n<tr>\n<td style=\"width: 164px\"><strong>50&#215;1.5<\/strong><\/td>\n<td style=\"width: 100px\">SI<\/td>\n<td style=\"width: 105px\">SI<\/td>\n<td style=\"width: 93px\">SI<\/td>\n<td style=\"width: 151px\">SI<\/td>\n<td style=\"width: 164px\">SI<\/td>\n<td style=\"width: 165px\">SI<\/td>\n<td style=\"width: 155px\">SI<\/td>\n<\/tr>\n<tr>\n<td style=\"width: 164px\"><strong>60&#215;2<\/strong><\/td>\n<td style=\"width: 100px\">SI<\/td>\n<td style=\"width: 105px\">SI<\/td>\n<td style=\"width: 93px\">SI<\/td>\n<td style=\"width: 151px\">SI<\/td>\n<td style=\"width: 164px\">SI<\/td>\n<td style=\"width: 165px\">SI<\/td>\n<td style=\"width: 155px\">SI<\/td>\n<\/tr>\n<tr>\n<td style=\"width: 164px\"><strong>80&#215;2<\/strong><\/td>\n<td style=\"width: 100px\">SI<\/td>\n<td style=\"width: 105px\">SI<\/td>\n<td style=\"width: 93px\">SI<\/td>\n<td style=\"width: 151px\">SI<\/td>\n<td style=\"width: 164px\">SI<\/td>\n<td style=\"width: 165px\">SI<\/td>\n<td style=\"width: 155px\">SI<\/td>\n<\/tr>\n<tr>\n<td style=\"width: 462px\" colspan=\"4\"><strong><img loading=\"lazy\" decoding=\"async\" class=\"size-full wp-image-926 alignleft\" src=\"https:\/\/eurotransis.com\/wp-content\/uploads\/2016\/04\/cabezal.png\" alt=\"cabezal\" width=\"101\" height=\"72\" \/><\/strong><\/p>\n<p id=\"tw-target-text\" class=\"tw-data-text vk_txt tw-ta tw-text-medium\" dir=\"ltr\" data-placeholder=\"Translation\"><strong>Cabe\u00e7a met\u00e1lica soldada<\/strong><\/p>\n<\/td>\n<td style=\"width: 635px\" colspan=\"4\">\n<p>\u00a0<strong><img loading=\"lazy\" decoding=\"async\" class=\"size-full wp-image-819 alignleft\" src=\"https:\/\/eurotransis.com\/wp-content\/uploads\/2016\/04\/rodillos-traccionados.png\" alt=\"rodillos traccionados\" width=\"100\" height=\"72\" srcset=\"https:\/\/eurotransis.com\/wp-content\/uploads\/2016\/04\/rodillos-traccionados.png 100w, https:\/\/eurotransis.com\/wp-content\/uploads\/2016\/04\/rodillos-traccionados-64x46.png 64w\" sizes=\"auto, (max-width: 100px) 100vw, 100px\" \/>Simples<\/strong><\/p>\n<p><strong>Z14 &#8211; 1\/2&#8243;<br \/>\n<\/strong><\/td>\n<\/tr>\n<tr>\n<td style=\"width: 462px\" colspan=\"4\"><strong><img loading=\"lazy\" decoding=\"async\" class=\"size-full wp-image-815 alignleft\" src=\"https:\/\/eurotransis.com\/wp-content\/uploads\/2016\/04\/aplicacion.png\" alt=\"aplicacion\" width=\"100\" height=\"75\" srcset=\"https:\/\/eurotransis.com\/wp-content\/uploads\/2016\/04\/aplicacion.png 100w, https:\/\/eurotransis.com\/wp-content\/uploads\/2016\/04\/aplicacion-64x48.png 64w\" sizes=\"auto, (max-width: 100px) 100vw, 100px\" \/>Soldada<br \/>\n<\/strong><\/td>\n<td style=\"width: 635px\" colspan=\"4\"><strong><img loading=\"lazy\" decoding=\"async\" class=\"size-full wp-image-930 alignleft\" src=\"https:\/\/eurotransis.com\/wp-content\/uploads\/2016\/04\/fuerza.png\" alt=\"fuerza\" width=\"100\" height=\"72\" srcset=\"https:\/\/eurotransis.com\/wp-content\/uploads\/2016\/04\/fuerza.png 100w, https:\/\/eurotransis.com\/wp-content\/uploads\/2016\/04\/fuerza-64x46.png 64w\" sizes=\"auto, (max-width: 100px) 100vw, 100px\" \/>Segundo o tipo<\/strong><\/td>\n<\/tr>\n<\/tbody>\n<\/table>\n<p>&nbsp;<\/p>\n","protected":false},"excerpt":{"rendered":"<p>O rolo transportador Roltia EM-506 \u00e9 um rolo acionado com roda dentada simples de a\u00e7o Z-14 \u00bd&#8221;. Projetado para trabalhar em acumula\u00e7\u00e3o e transmiss\u00e3o por corrente conforme norma DIN-8187. \u00c9 fabricado em di\u00e2metros de tubo que variam de \u00d850 a \u00d880. , usando materiais diferentes.<\/p>\n","protected":false},"featured_media":12708,"comment_status":"open","ping_status":"closed","template":"","meta":[],"product_brand":[],"product_cat":[512],"product_tag":[],"class_list":{"0":"post-4008","1":"product","2":"type-product","3":"status-publish","4":"has-post-thumbnail","6":"product_cat-transmissao-corrente-com-carreto-soldado-pt","8":"first","9":"instock","10":"shipping-taxable","11":"product-type-simple"},"_links":{"self":[{"href":"https:\/\/eurotransis.com\/pt-pt\/wp-json\/wp\/v2\/product\/4008","targetHints":{"allow":["GET"]}}],"collection":[{"href":"https:\/\/eurotransis.com\/pt-pt\/wp-json\/wp\/v2\/product"}],"about":[{"href":"https:\/\/eurotransis.com\/pt-pt\/wp-json\/wp\/v2\/types\/product"}],"replies":[{"embeddable":true,"href":"https:\/\/eurotransis.com\/pt-pt\/wp-json\/wp\/v2\/comments?post=4008"}],"wp:featuredmedia":[{"embeddable":true,"href":"https:\/\/eurotransis.com\/pt-pt\/wp-json\/wp\/v2\/media\/12708"}],"wp:attachment":[{"href":"https:\/\/eurotransis.com\/pt-pt\/wp-json\/wp\/v2\/media?parent=4008"}],"wp:term":[{"taxonomy":"product_brand","embeddable":true,"href":"https:\/\/eurotransis.com\/pt-pt\/wp-json\/wp\/v2\/product_brand?post=4008"},{"taxonomy":"product_cat","embeddable":true,"href":"https:\/\/eurotransis.com\/pt-pt\/wp-json\/wp\/v2\/product_cat?post=4008"},{"taxonomy":"product_tag","embeddable":true,"href":"https:\/\/eurotransis.com\/pt-pt\/wp-json\/wp\/v2\/product_tag?post=4008"}],"curies":[{"name":"wp","href":"https:\/\/api.w.org\/{rel}","templated":true}]}}