{"id":4025,"date":"2016-04-21T10:00:12","date_gmt":"2016-04-21T10:00:12","guid":{"rendered":"http:\/\/eurotransis.com\/pt-pt\/tienda\/sin%20categorizar\/serie-emp-k2\/"},"modified":"2025-02-14T13:00:59","modified_gmt":"2025-02-14T12:00:59","slug":"serie-emp-k2","status":"publish","type":"product","link":"https:\/\/eurotransis.com\/pt-pt\/loja\/rolos-pt\/para-transporte-por-gravidade-pt\/rolos-serie-pesada-pt\/cabecas-metalicas-serie-pesada-pt\/serie-emp-k2\/","title":{"rendered":"Rolo S\u00e9rie EMP-K2"},"content":{"rendered":"<table style=\"height: 201px\" width=\"1275\">\n<tbody>\n<tr>\n<td style=\"text-align: center\" colspan=\"4\"><strong>\u00d8 TUBO<\/strong><\/td>\n<td style=\"text-align: center\" colspan=\"6\"><b>\u00d8 EIXO\u00a0<\/b><\/td>\n<\/tr>\n<tr>\n<td><strong>\u00d8 (mm)<\/strong><\/td>\n<td><strong>ST<\/strong><\/td>\n<td><strong>STI<\/strong><\/td>\n<td><strong>N<\/strong><\/td>\n<td><strong>17<\/strong><\/td>\n<td><b>20<\/b><\/td>\n<td><strong>25<\/strong><\/td>\n<td><strong>30<\/strong><\/td>\n<td><strong>35<\/strong><\/td>\n<td><strong>40<\/strong><\/td>\n<\/tr>\n<tr>\n<td><strong>63.5&#215;2.9<\/strong><\/td>\n<td>SI<\/td>\n<td>SI<\/td>\n<td><\/td>\n<td>SI<\/td>\n<td>SI<\/td>\n<td><\/td>\n<td><\/td>\n<td><\/td>\n<td><\/td>\n<\/tr>\n<tr>\n<td><strong>80&#215;2<\/strong><\/td>\n<td>SI<\/td>\n<td>SI<\/td>\n<td><\/td>\n<td>SI<\/td>\n<td>SI<\/td>\n<td><\/td>\n<td><\/td>\n<td><\/td>\n<td><\/td>\n<\/tr>\n<tr>\n<td><strong>80&#215;3<\/strong><\/td>\n<td>SI<\/td>\n<td>SI<\/td>\n<td><\/td>\n<td>SI<\/td>\n<td>SI<\/td>\n<td><\/td>\n<td><\/td>\n<td><\/td>\n<td><\/td>\n<\/tr>\n<tr>\n<td><strong>89&#215;3<\/strong><\/td>\n<td>SI<\/td>\n<td>SI<\/td>\n<td>SI<\/td>\n<td>SI<\/td>\n<td>SI<\/td>\n<td>SI<\/td>\n<td>SI<\/td>\n<td>SI<\/td>\n<td><\/td>\n<\/tr>\n<tr>\n<td><strong>101.6&#215;3<\/strong><\/td>\n<td>SI<\/td>\n<td>SI<\/td>\n<td><\/td>\n<td>SI<\/td>\n<td>SI<\/td>\n<td>SI<\/td>\n<td>SI<\/td>\n<td><\/td>\n<td><\/td>\n<\/tr>\n<tr>\n<td><strong>108&#215;3<\/strong><\/td>\n<td>SI<\/td>\n<td>SI<\/td>\n<td><\/td>\n<td>SI<\/td>\n<td>SI<\/td>\n<td>SI<\/td>\n<td>SI<\/td>\n<td><\/td>\n<td><\/td>\n<\/tr>\n<tr>\n<td><strong>108&#215;3.6<\/strong><\/td>\n<td>SI<\/td>\n<td>SI<\/td>\n<td>SI<\/td>\n<td>SI<\/td>\n<td>SI<\/td>\n<td>SI<\/td>\n<td>SI<\/td>\n<td><\/td>\n<td><\/td>\n<\/tr>\n<tr>\n<td><strong>127&#215;4<\/strong><\/td>\n<td>SI<\/td>\n<td>SI<\/td>\n<td><\/td>\n<td><\/td>\n<td><\/td>\n<td>SI<\/td>\n<td><\/td>\n<td><\/td>\n<td><\/td>\n<\/tr>\n<tr>\n<td><strong>133&#215;4<\/strong><\/td>\n<td>SI<\/td>\n<td>SI<\/td>\n<td><\/td>\n<td>SI<\/td>\n<td>SI<\/td>\n<td>SI<\/td>\n<td>SI<\/td>\n<td>SI<\/td>\n<td>SI<\/td>\n<\/tr>\n<tr>\n<td><strong>159&#215;4<\/strong><\/td>\n<td>SI<\/td>\n<td>SI<\/td>\n<td><\/td>\n<td><\/td>\n<td><\/td>\n<td>SI<\/td>\n<td>SI<\/td>\n<td><\/td>\n<td>SI<\/td>\n<\/tr>\n<tr>\n<td colspan=\"4\">\n<p><strong><strong><img loading=\"lazy\" decoding=\"async\" class=\"size-medium wp-image-640 alignleft\" src=\"https:\/\/eurotransis.com\/images\/catalogo\/iconos\/cabezal.png\" alt=\"cabezal\" width=\"101\" height=\"72\" \/>Cabe\u00e7a a\u00e7o AP-04<\/strong><\/strong><\/p>\n<p><strong><strong>Labirinto termopl\u00e1stico<\/strong><\/strong><\/td>\n<td colspan=\"6\"><strong>Rolamento precis\u00e3o<img loading=\"lazy\" decoding=\"async\" class=\"size-medium wp-image-648 alignleft\" src=\"https:\/\/eurotransis.com\/images\/catalogo\/iconos\/hilera.png\" alt=\"hilera\" width=\"101\" height=\"73\" \/><\/strong><\/td>\n<\/tr>\n<tr>\n<td colspan=\"4\"><img loading=\"lazy\" decoding=\"async\" class=\"size-full wp-image-1206 alignleft\" src=\"https:\/\/eurotransis.com\/wp-content\/uploads\/2016\/04\/mineria-r.png\" alt=\"mineria r\" width=\"101\" height=\"74\" \/><\/p>\n<p id=\"tw-target-text\" class=\"tw-data-text vk_txt tw-ta tw-text-small\" dir=\"ltr\" data-placeholder=\"Translation\"><strong>Minera\u00e7\u00e3o pesada<\/strong><\/p>\n<p class=\"tw-data-text vk_txt tw-ta tw-text-small\" dir=\"ltr\" data-placeholder=\"Translation\"><strong>Paletiza\u00e7\u00e3o<\/strong><\/p>\n<p class=\"tw-data-text vk_txt tw-ta tw-text-small\" dir=\"ltr\" data-placeholder=\"Translation\"><strong>Tubo \u00d863.5&#215;2.9 y \u00d889&#215;3 (rolo guia o vertical)<\/strong><\/p>\n<\/td>\n<td colspan=\"6\"><strong><img loading=\"lazy\" decoding=\"async\" class=\"size-medium wp-image-644 alignleft\" src=\"https:\/\/eurotransis.com\/images\/catalogo\/iconos\/fuerza.png\" alt=\"fuerza\" width=\"100\" height=\"72\" \/>500 d<strong>aN\/Cabe\u00e7a<\/strong><\/strong><\/td>\n<\/tr>\n<tr>\n<td colspan=\"10\">\n<p><strong><img loading=\"lazy\" decoding=\"async\" class=\"alignleft\" src=\"https:\/\/eurotransis.com\/wp-content\/uploads\/2016\/04\/CL-150x150.png\" width=\"80\" height=\"80\" \/><\/strong><strong>COMPONENTES RELACIONADOS: <\/strong><\/p>\n<p><strong>CL-FECHO DE LABIRINTO<\/strong><\/td>\n<\/tr>\n<\/tbody>\n<\/table>\n<p>&nbsp;<\/p>\n","protected":false},"excerpt":{"rendered":"<p id=\"tw-target-text\" class=\"tw-data-text vk_txt tw-ta tw-text-small\" dir=\"ltr\" data-placeholder=\"Translation\">A s\u00e9rie EMP-K1 da Roltia \u00e9 um rolo livre com copo de metal soldado com rolamento r\u00edgido de esferas (6303\/6204\/6305\/6206\/6007\/6308). \u00c9 fabricado em tubos com di\u00e2metros que variam de \u00d880 a \u00d8159 em a\u00e7o. S\u00e3o adequados para transportar cargas pesadas.<\/p>\n","protected":false},"featured_media":12861,"comment_status":"open","ping_status":"closed","template":"","meta":[],"product_brand":[],"product_cat":[536],"product_tag":[],"class_list":{"0":"post-4025","1":"product","2":"type-product","3":"status-publish","4":"has-post-thumbnail","6":"product_cat-cabecas-metalicas-serie-pesada-pt","8":"first","9":"instock","10":"shipping-taxable","11":"product-type-simple"},"_links":{"self":[{"href":"https:\/\/eurotransis.com\/pt-pt\/wp-json\/wp\/v2\/product\/4025","targetHints":{"allow":["GET"]}}],"collection":[{"href":"https:\/\/eurotransis.com\/pt-pt\/wp-json\/wp\/v2\/product"}],"about":[{"href":"https:\/\/eurotransis.com\/pt-pt\/wp-json\/wp\/v2\/types\/product"}],"replies":[{"embeddable":true,"href":"https:\/\/eurotransis.com\/pt-pt\/wp-json\/wp\/v2\/comments?post=4025"}],"wp:featuredmedia":[{"embeddable":true,"href":"https:\/\/eurotransis.com\/pt-pt\/wp-json\/wp\/v2\/media\/12861"}],"wp:attachment":[{"href":"https:\/\/eurotransis.com\/pt-pt\/wp-json\/wp\/v2\/media?parent=4025"}],"wp:term":[{"taxonomy":"product_brand","embeddable":true,"href":"https:\/\/eurotransis.com\/pt-pt\/wp-json\/wp\/v2\/product_brand?post=4025"},{"taxonomy":"product_cat","embeddable":true,"href":"https:\/\/eurotransis.com\/pt-pt\/wp-json\/wp\/v2\/product_cat?post=4025"},{"taxonomy":"product_tag","embeddable":true,"href":"https:\/\/eurotransis.com\/pt-pt\/wp-json\/wp\/v2\/product_tag?post=4025"}],"curies":[{"name":"wp","href":"https:\/\/api.w.org\/{rel}","templated":true}]}}