{"id":4026,"date":"2016-04-21T09:52:41","date_gmt":"2016-04-21T09:52:41","guid":{"rendered":"http:\/\/eurotransis.com\/pt-pt\/tienda\/sin%20categorizar\/serie-emp-k1\/"},"modified":"2025-02-14T13:23:11","modified_gmt":"2025-02-14T12:23:11","slug":"serie-emp-k1","status":"publish","type":"product","link":"https:\/\/eurotransis.com\/pt-pt\/loja\/rolos-pt\/para-transporte-por-gravidade-pt\/rolos-serie-pesada-pt\/cabecas-metalicas-serie-pesada-pt\/serie-emp-k1\/","title":{"rendered":"Rolo S\u00e9rie EMP-K1"},"content":{"rendered":"<table style=\"height: 201px\" width=\"1275\">\n<tbody>\n<tr>\n<td style=\"text-align: center\" colspan=\"3\"><strong>\u00d8 TUBO<\/strong><\/td>\n<td style=\"text-align: center\" colspan=\"3\"><b>\u00d8 EIXO\u00a0<\/b><\/td>\n<\/tr>\n<tr>\n<td><strong>\u00d8 (mm)<\/strong><\/td>\n<td><strong>ST<\/strong><\/td>\n<td><strong>STI<\/strong><\/td>\n<td><strong>15<\/strong><\/td>\n<td><b>17<\/b><\/td>\n<td><strong>20<\/strong><\/td>\n<\/tr>\n<tr>\n<td><strong>60&#215;3<\/strong><\/td>\n<td>SI<\/td>\n<td>SI<\/td>\n<td>SI<\/td>\n<td>SI<\/td>\n<td>SI<\/td>\n<\/tr>\n<tr>\n<td><strong>70&#215;2<\/strong><\/td>\n<td>SI<\/td>\n<td>SI<\/td>\n<td><\/td>\n<td>SI<\/td>\n<td>SI<\/td>\n<\/tr>\n<tr>\n<td><strong>70&#215;3<\/strong><\/td>\n<td>SI<\/td>\n<td>SI<\/td>\n<td><\/td>\n<td>SI<\/td>\n<td>SI<\/td>\n<\/tr>\n<tr>\n<td><strong>76&#215;2<\/strong><\/td>\n<td>SI<\/td>\n<td>SI<\/td>\n<td><\/td>\n<td>SI<\/td>\n<td>SI<\/td>\n<\/tr>\n<tr>\n<td><strong>76&#215;3<\/strong><\/td>\n<td>SI<\/td>\n<td>SI<\/td>\n<td><\/td>\n<td>SI<\/td>\n<td>SI<\/td>\n<\/tr>\n<tr>\n<td colspan=\"3\"><strong><strong><img loading=\"lazy\" decoding=\"async\" class=\"size-medium wp-image-640 alignleft\" src=\"https:\/\/eurotransis.com\/images\/catalogo\/iconos\/cabezal.png\" alt=\"cabezal\" width=\"101\" height=\"72\" \/><\/strong><\/strong><\/p>\n<p id=\"tw-target-text\" class=\"tw-data-text vk_txt tw-ta tw-text-small\" dir=\"ltr\" data-placeholder=\"Translation\"><strong>Cabe\u00e7a a\u00e7o AP-04<\/strong><\/p>\n<p class=\"tw-data-text vk_txt tw-ta tw-text-small\" dir=\"ltr\" data-placeholder=\"Translation\"><strong>Labirinto\u00a0termopl\u00e1stico<\/strong><\/p>\n<\/td>\n<td colspan=\"3\"><strong>Rolamento precis\u00e3o<img loading=\"lazy\" decoding=\"async\" class=\"size-medium wp-image-648 alignleft\" src=\"https:\/\/eurotransis.com\/images\/catalogo\/iconos\/hilera.png\" alt=\"hilera\" width=\"101\" height=\"73\" \/><\/strong><\/td>\n<\/tr>\n<tr>\n<td colspan=\"3\">\n<p><strong><img loading=\"lazy\" decoding=\"async\" class=\"size-full wp-image-1206 alignleft\" src=\"https:\/\/eurotransis.com\/wp-content\/uploads\/2016\/04\/mineria-r.png\" alt=\"mineria r\" width=\"101\" height=\"74\" \/>Minera\u00e7\u00e3o pesada<\/strong><\/p>\n<p><strong>Paletiza\u00e7\u00e3o<\/strong><\/p>\n<p><strong style=\"font-family: inherit;font-size: inherit;line-height: 1.5\">Tubo \u00d860&#215;3 (rolo guia o vertical)<\/strong><\/td>\n<td colspan=\"3\"><strong><img loading=\"lazy\" decoding=\"async\" class=\"size-medium wp-image-644 alignleft\" src=\"https:\/\/eurotransis.com\/images\/catalogo\/iconos\/fuerza.png\" alt=\"fuerza\" width=\"100\" height=\"72\" \/>500 d<strong>aN\/Cabe\u00e7a<\/strong><\/strong><\/td>\n<\/tr>\n<tr>\n<td colspan=\"6\">\n<p><strong><img loading=\"lazy\" decoding=\"async\" class=\"alignleft\" src=\"https:\/\/eurotransis.com\/wp-content\/uploads\/2016\/04\/CL-150x150.png\" width=\"80\" height=\"80\" \/><\/strong><strong>COMPONENTES RELACIONADOS: <\/strong><\/p>\n<p><strong>CL-FECHO DE LABIRINTO<\/strong><\/td>\n<\/tr>\n<\/tbody>\n<\/table>\n<p>&nbsp;<\/p>\n","protected":false},"excerpt":{"rendered":"<p>A s\u00e9rie EMP-K1 da Rotlia \u00e9 um rolo livre com copo de metal soldado e rolamento r\u00edgido de esferas (6202\/6303\/6204). \u00c9 fabricado em di\u00e2metros de tubos que variam de \u00d860 a \u00d876 em a\u00e7o. S\u00e3o adequados para transportar cargas pesadas.<\/p>\n","protected":false},"featured_media":12857,"comment_status":"open","ping_status":"closed","template":"","meta":[],"product_brand":[],"product_cat":[536],"product_tag":[],"class_list":{"0":"post-4026","1":"product","2":"type-product","3":"status-publish","4":"has-post-thumbnail","6":"product_cat-cabecas-metalicas-serie-pesada-pt","8":"first","9":"instock","10":"shipping-taxable","11":"product-type-simple"},"_links":{"self":[{"href":"https:\/\/eurotransis.com\/pt-pt\/wp-json\/wp\/v2\/product\/4026","targetHints":{"allow":["GET"]}}],"collection":[{"href":"https:\/\/eurotransis.com\/pt-pt\/wp-json\/wp\/v2\/product"}],"about":[{"href":"https:\/\/eurotransis.com\/pt-pt\/wp-json\/wp\/v2\/types\/product"}],"replies":[{"embeddable":true,"href":"https:\/\/eurotransis.com\/pt-pt\/wp-json\/wp\/v2\/comments?post=4026"}],"wp:featuredmedia":[{"embeddable":true,"href":"https:\/\/eurotransis.com\/pt-pt\/wp-json\/wp\/v2\/media\/12857"}],"wp:attachment":[{"href":"https:\/\/eurotransis.com\/pt-pt\/wp-json\/wp\/v2\/media?parent=4026"}],"wp:term":[{"taxonomy":"product_brand","embeddable":true,"href":"https:\/\/eurotransis.com\/pt-pt\/wp-json\/wp\/v2\/product_brand?post=4026"},{"taxonomy":"product_cat","embeddable":true,"href":"https:\/\/eurotransis.com\/pt-pt\/wp-json\/wp\/v2\/product_cat?post=4026"},{"taxonomy":"product_tag","embeddable":true,"href":"https:\/\/eurotransis.com\/pt-pt\/wp-json\/wp\/v2\/product_tag?post=4026"}],"curies":[{"name":"wp","href":"https:\/\/api.w.org\/{rel}","templated":true}]}}