{"id":4043,"date":"2016-04-20T12:45:32","date_gmt":"2016-04-20T12:45:32","guid":{"rendered":"http:\/\/eurotransis.com\/pt-pt\/tienda\/sin%20categorizar\/serie-em-564\/"},"modified":"2024-10-02T08:08:51","modified_gmt":"2024-10-02T06:08:51","slug":"rolo-serie-em-564","status":"publish","type":"product","link":"https:\/\/eurotransis.com\/pt-pt\/loja\/rolos-pt\/para-transporte-motorizado-pt\/rolos-motorizados-serie-ligeira-pt\/transmissao-por-corrente-pt\/transmissao-por-corrente-carreto-metalico-pt\/rolo-serie-em-564\/","title":{"rendered":"Rolo S\u00e9rie EM-564"},"content":{"rendered":"<table style=\"height: 201px\" width=\"1275\">\n<tbody>\n<tr>\n<td style=\"text-align: center\" colspan=\"4\"><strong>\u00d8 TUBE<\/strong><\/td>\n<td style=\"text-align: center\" colspan=\"2\"><b>\u00d8 EIXO<\/b><\/td>\n<\/tr>\n<tr>\n<td><strong>(mm)<\/strong><\/td>\n<td><strong>ST<\/strong><\/td>\n<td><strong>STI<\/strong><\/td>\n<td><strong>N<\/strong><\/td>\n<td><b>8<\/b><\/td>\n<td><strong>10<\/strong><\/td>\n<\/tr>\n<tr>\n<td><strong>30&#215;1.5<\/strong><\/td>\n<td>SI<\/td>\n<td>SI<\/td>\n<td>SI<\/td>\n<td>SI<\/td>\n<td>SI<\/td>\n<\/tr>\n<tr>\n<td colspan=\"4\"><strong><img loading=\"lazy\" decoding=\"async\" class=\"size-full wp-image-926 alignleft\" src=\"https:\/\/eurotransis.com\/wp-content\/uploads\/2016\/04\/cabezal.png\" alt=\"cabezal\" width=\"101\" height=\"72\" \/><\/strong><\/p>\n<p id=\"tw-target-text\" class=\"tw-data-text vk_txt tw-ta tw-text-medium\" dir=\"ltr\" data-placeholder=\"Translation\"><strong><span lang=\"pt\">Cabe\u00e7a de metal embutida<\/span><\/strong><\/p>\n<\/td>\n<td colspan=\"2\"><strong><img loading=\"lazy\" decoding=\"async\" class=\"size-full wp-image-819 alignleft\" src=\"https:\/\/eurotransis.com\/wp-content\/uploads\/2016\/04\/rodillos-traccionados.png\" alt=\"rodillos traccionados\" width=\"100\" height=\"72\" srcset=\"https:\/\/eurotransis.com\/wp-content\/uploads\/2016\/04\/rodillos-traccionados.png 100w, https:\/\/eurotransis.com\/wp-content\/uploads\/2016\/04\/rodillos-traccionados-64x46.png 64w\" sizes=\"auto, (max-width: 100px) 100vw, 100px\" \/>Duplo<br \/>\n<\/strong><strong>Z12- 3\/8&#8243;\u00a0<\/strong><\/td>\n<\/tr>\n<tr>\n<td colspan=\"4\"><strong><img loading=\"lazy\" decoding=\"async\" class=\"alignleft wp-image-1540 \" src=\"https:\/\/eurotransis.com\/wp-content\/uploads\/2016\/04\/curva-motorizada-150x150.png\" alt=\"curva motorizada\" width=\"82\" height=\"82\" \/>Fixo<br \/>\n<\/strong><\/td>\n<td colspan=\"2\"><strong><img loading=\"lazy\" decoding=\"async\" class=\"size-full wp-image-930 alignleft\" src=\"https:\/\/eurotransis.com\/wp-content\/uploads\/2016\/04\/fuerza.png\" alt=\"fuerza\" width=\"100\" height=\"72\" srcset=\"https:\/\/eurotransis.com\/wp-content\/uploads\/2016\/04\/fuerza.png 100w, https:\/\/eurotransis.com\/wp-content\/uploads\/2016\/04\/fuerza-64x46.png 64w\" sizes=\"auto, (max-width: 100px) 100vw, 100px\" \/>EM-564 FIXO\u00a0 \u00a0 \u00a0 \u00a0 \u00a0 \u00a0\u2013 10 daN\/Cabe\u00e7a<br \/>\nEM-565 FRIC\u00c7\u00c3O\u00a0 \u00a0\u2013 10 daN\/Cabe\u00e7a<br \/>\nEM-566 SOLDADO \u2013 40 daN\/Cabe\u00e7a<\/strong><\/td>\n<\/tr>\n<\/tbody>\n<\/table>\n<p>A tabela a seguir representa os comprimentos de cada elemento c\u00f4nico padr\u00e3o, bem como os maiores e menores di\u00e2metros de cada cone. O menor di\u00e2metro do cone ser\u00e1 sempre de 34 mm. e o maior ser\u00e1 condicionado pela quantidade de cones que forem montados. Por exemplo, se EMT-1 a EMT-5 forem montados, o comprimento \u00fatil do rolo c\u00f4nico ser\u00e1 de 483 mm. (a soma dos 5 elementos c\u00f4nicos) e o maior di\u00e2metro do cone ser\u00e1 de 67 mm.<\/p>\n<table style=\"border-collapse: collapse;width: 100%\" border=\"1\">\n<tbody>\n<tr style=\"height: 24px\">\n<td style=\"width: 7.61975%;height: 24px;text-align: center\"><strong>CARA<\/strong><\/td>\n<td style=\"width: 32.3802%;height: 24px;text-align: center\"><strong>\u00d8 TUBO (mm)<\/strong><\/td>\n<td style=\"width: 20%;height: 24px;text-align: center\"><strong>\u00d8 MAX. (mm)<\/strong><\/td>\n<td style=\"width: 20%;height: 24px;text-align: center\"><strong>\u00d8 MIN. (mm)<\/strong><\/td>\n<td style=\"width: 14.031%;height: 24px;text-align: center\"><strong>L (mm)<\/strong><\/td>\n<\/tr>\n<tr style=\"height: 24px\">\n<td style=\"width: 7.61975%;height: 24px;text-align: center\">EMT-1<\/td>\n<td style=\"width: 32.3802%;height: 24px;text-align: center\">30<\/td>\n<td style=\"width: 20%;height: 24px;text-align: center\">39.6<\/td>\n<td style=\"width: 20%;height: 24px;text-align: center\">34<\/td>\n<td style=\"width: 14.031%;height: 24px;text-align: center\">83<\/td>\n<\/tr>\n<tr style=\"height: 24px\">\n<td style=\"width: 7.61975%;height: 24px;text-align: center\">EMT-2<\/td>\n<td style=\"width: 32.3802%;height: 24px;text-align: center\">30<\/td>\n<td style=\"width: 20%;height: 24px;text-align: center\">46.4<\/td>\n<td style=\"width: 20%;height: 24px;text-align: center\">39.6<\/td>\n<td style=\"width: 14.031%;height: 24px;text-align: center\">100<\/td>\n<\/tr>\n<tr style=\"height: 24px\">\n<td style=\"width: 7.61975%;height: 24px;text-align: center\">EMT-3<\/td>\n<td style=\"width: 32.3802%;height: 24px;text-align: center\">30<\/td>\n<td style=\"width: 20%;height: 24px;text-align: center\">53.2<\/td>\n<td style=\"width: 20%;height: 24px;text-align: center\">46.4<\/td>\n<td style=\"width: 14.031%;height: 24px;text-align: center\">100<\/td>\n<\/tr>\n<tr style=\"height: 24px\">\n<td style=\"width: 7.61975%;height: 24px;text-align: center\">EMT-4<\/td>\n<td style=\"width: 32.3802%;height: 24px;text-align: center\">30<\/td>\n<td style=\"width: 20%;height: 24px;text-align: center\">59.9<\/td>\n<td style=\"width: 20%;height: 24px;text-align: center\">53.2<\/td>\n<td style=\"width: 14.031%;height: 24px;text-align: center\">100<\/td>\n<\/tr>\n<tr style=\"height: 24px\">\n<td style=\"width: 7.61975%;height: 24px;text-align: center\">EMT-5<\/td>\n<td style=\"width: 32.3802%;height: 24px;text-align: center\">30<\/td>\n<td style=\"width: 20%;height: 24px;text-align: center\">66.7<\/td>\n<td style=\"width: 20%;height: 24px;text-align: center\">59.9<\/td>\n<td style=\"width: 14.031%;height: 24px;text-align: center\">100<\/td>\n<\/tr>\n<tr style=\"height: 24px\">\n<td style=\"width: 7.61975%;height: 24px;text-align: center\">EMT-6<\/td>\n<td style=\"width: 32.3802%;height: 24px;text-align: center\">30<\/td>\n<td style=\"width: 20%;height: 24px;text-align: center\">73.5<\/td>\n<td style=\"width: 20%;height: 24px;text-align: center\">66.7<\/td>\n<td style=\"width: 14.031%;height: 24px;text-align: center\">100<\/td>\n<\/tr>\n<tr style=\"height: 91px\">\n<td style=\"width: 7.61975%;text-align: left;vertical-align: top;height: 91px\" colspan=\"3\"><strong><img loading=\"lazy\" decoding=\"async\" class=\"alignleft wp-image-1540 \" src=\"https:\/\/eurotransis.com\/wp-content\/uploads\/2016\/04\/curva-motorizada-150x150.png\" alt=\"curva motorizada\" width=\"82\" height=\"82\" \/>Curvas de raio interior= 500 mm.<\/strong><\/td>\n<td style=\"width: 20%;text-align: left;height: 91px\" colspan=\"2\"><strong><img loading=\"lazy\" decoding=\"async\" class=\"size-full wp-image-926 alignleft\" src=\"https:\/\/eurotransis.com\/wp-content\/uploads\/2016\/04\/cabezal.png\" alt=\"cabezal\" width=\"101\" height=\"72\" \/>Polipropileno<\/strong><\/td>\n<\/tr>\n<\/tbody>\n<\/table>\n<p>&nbsp;<\/p>\n","protected":false},"excerpt":{"rendered":"<p>O rolo transportador Roltia EM-564 \u00e9 um rolo c\u00f4nico acionado por uma roda dentada dupla de a\u00e7o estampada profunda Z12 3\/8\u2033. Projetado para trabalhar em acumula\u00e7\u00e3o e transmiss\u00e3o por corrente conforme norma DIN-8187. \u00c9 fabricado com elementos c\u00f4nicos termopl\u00e1sticos para curvas com raio interno de 500 mm.<\/p>\n","protected":false},"featured_media":12790,"comment_status":"open","ping_status":"closed","template":"","meta":[],"product_brand":[],"product_cat":[685],"product_tag":[],"class_list":{"0":"post-4043","1":"product","2":"type-product","3":"status-publish","4":"has-post-thumbnail","6":"product_cat-transmissao-por-corrente-carreto-metalico-pt","8":"first","9":"instock","10":"shipping-taxable","11":"product-type-simple"},"_links":{"self":[{"href":"https:\/\/eurotransis.com\/pt-pt\/wp-json\/wp\/v2\/product\/4043","targetHints":{"allow":["GET"]}}],"collection":[{"href":"https:\/\/eurotransis.com\/pt-pt\/wp-json\/wp\/v2\/product"}],"about":[{"href":"https:\/\/eurotransis.com\/pt-pt\/wp-json\/wp\/v2\/types\/product"}],"replies":[{"embeddable":true,"href":"https:\/\/eurotransis.com\/pt-pt\/wp-json\/wp\/v2\/comments?post=4043"}],"wp:featuredmedia":[{"embeddable":true,"href":"https:\/\/eurotransis.com\/pt-pt\/wp-json\/wp\/v2\/media\/12790"}],"wp:attachment":[{"href":"https:\/\/eurotransis.com\/pt-pt\/wp-json\/wp\/v2\/media?parent=4043"}],"wp:term":[{"taxonomy":"product_brand","embeddable":true,"href":"https:\/\/eurotransis.com\/pt-pt\/wp-json\/wp\/v2\/product_brand?post=4043"},{"taxonomy":"product_cat","embeddable":true,"href":"https:\/\/eurotransis.com\/pt-pt\/wp-json\/wp\/v2\/product_cat?post=4043"},{"taxonomy":"product_tag","embeddable":true,"href":"https:\/\/eurotransis.com\/pt-pt\/wp-json\/wp\/v2\/product_tag?post=4043"}],"curies":[{"name":"wp","href":"https:\/\/api.w.org\/{rel}","templated":true}]}}