{"id":4048,"date":"2016-04-20T12:13:37","date_gmt":"2016-04-20T12:13:37","guid":{"rendered":"http:\/\/eurotransis.com\/pt-pt\/tienda\/sin%20categorizar\/serie-em-506\/"},"modified":"2024-10-14T09:10:01","modified_gmt":"2024-10-14T07:10:01","slug":"rolo-serie-em-506","status":"publish","type":"product","link":"https:\/\/eurotransis.com\/pt-pt\/loja\/rolos-pt\/para-transporte-motorizado-pt\/rolos-motorizados-serie-ligeira-pt\/transmissao-por-corrente-pt\/transmissao-por-corrente-carreto-metalico-pt\/rolo-serie-em-506\/","title":{"rendered":"Rolo S\u00e9rie EM-506"},"content":{"rendered":"<table style=\"height: 201px\" width=\"1275\">\n<tbody>\n<tr>\n<td style=\"text-align: center;width: 442px\" colspan=\"6\"><strong>\u00d8 TUBO<\/strong><\/td>\n<td style=\"text-align: center;width: 817px\" colspan=\"4\"><strong>\u00d8 EIXO\u00a0<\/strong><\/td>\n<\/tr>\n<tr>\n<td style=\"width: 138px\"><strong>\u00d8 (mm)<\/strong><\/td>\n<td style=\"width: 52px\"><strong>ST<\/strong><\/td>\n<td style=\"width: 66px\"><strong>STI<\/strong><\/td>\n<td style=\"width: 40px\"><strong>N<\/strong><\/td>\n<td style=\"width: 81px\"><strong>GAL<\/strong><\/td>\n<td style=\"width: 65px\"><strong>Kg<\/strong><\/td>\n<td style=\"width: 199px\"><strong>12<\/strong><\/td>\n<td style=\"width: 213px\"><strong>14<\/strong><\/td>\n<td style=\"width: 206px\"><strong>15<\/strong><\/td>\n<td style=\"width: 199px\"><strong>17<\/strong><\/td>\n<\/tr>\n<tr>\n<td style=\"width: 138px\"><strong>50&#215;1.5<\/strong><\/td>\n<td style=\"width: 52px\">SI<\/td>\n<td style=\"width: 66px\">SI<\/td>\n<td style=\"width: 40px\">SI<\/td>\n<td style=\"width: 81px\">SI<\/td>\n<td style=\"width: 65px\"><\/td>\n<td style=\"width: 199px\">SI<\/td>\n<td style=\"width: 213px\">SI<\/td>\n<td style=\"width: 206px\">SI<\/td>\n<td style=\"width: 199px\">SI<\/td>\n<\/tr>\n<tr>\n<td style=\"width: 138px\"><strong>50&#215;2.8<\/strong><\/td>\n<td style=\"width: 52px\"><\/td>\n<td style=\"width: 66px\"><\/td>\n<td style=\"width: 40px\"><\/td>\n<td style=\"width: 81px\"><\/td>\n<td style=\"width: 65px\">SI<\/td>\n<td style=\"width: 199px\">SI<\/td>\n<td style=\"width: 213px\">SI<\/td>\n<td style=\"width: 206px\"><\/td>\n<td style=\"width: 199px\"><\/td>\n<\/tr>\n<tr>\n<td style=\"width: 138px\"><strong>60&#215;2<\/strong><\/td>\n<td style=\"width: 52px\">SI<\/td>\n<td style=\"width: 66px\">SI<\/td>\n<td style=\"width: 40px\"><\/td>\n<td style=\"width: 81px\">SI<\/td>\n<td style=\"width: 65px\"><\/td>\n<td style=\"width: 199px\">SI<\/td>\n<td style=\"width: 213px\">SI<\/td>\n<td style=\"width: 206px\">SI<\/td>\n<td style=\"width: 199px\">SI<\/td>\n<\/tr>\n<tr>\n<td style=\"width: 138px\"><strong>60.3&#215;2<\/strong><\/td>\n<td style=\"width: 52px\"><\/td>\n<td style=\"width: 66px\"><\/td>\n<td style=\"width: 40px\">SI<\/td>\n<td style=\"width: 81px\"><\/td>\n<td style=\"width: 65px\"><\/td>\n<td style=\"width: 199px\">SI<\/td>\n<td style=\"width: 213px\">SI<\/td>\n<td style=\"width: 206px\"><\/td>\n<td style=\"width: 199px\"><\/td>\n<\/tr>\n<tr>\n<td style=\"width: 138px\"><strong>63&#215;3<\/strong><\/td>\n<td style=\"width: 52px\"><\/td>\n<td style=\"width: 66px\"><\/td>\n<td style=\"width: 40px\"><\/td>\n<td style=\"width: 81px\"><\/td>\n<td style=\"width: 65px\">SI<\/td>\n<td style=\"width: 199px\">SI<\/td>\n<td style=\"width: 213px\">SI<\/td>\n<td style=\"width: 206px\">SI<\/td>\n<td style=\"width: 199px\">SI<\/td>\n<\/tr>\n<tr>\n<td style=\"width: 138px\"><strong>80&#215;2<\/strong><\/td>\n<td style=\"width: 52px\">SI<\/td>\n<td style=\"width: 66px\">SI<\/td>\n<td style=\"width: 40px\">SI<\/td>\n<td style=\"width: 81px\">SI<\/td>\n<td style=\"width: 65px\"><\/td>\n<td style=\"width: 199px\">SI<\/td>\n<td style=\"width: 213px\">SI<\/td>\n<td style=\"width: 206px\">SI<\/td>\n<td style=\"width: 199px\">SI<\/td>\n<\/tr>\n<tr>\n<td style=\"width: 442px\" colspan=\"6\"><strong><img loading=\"lazy\" decoding=\"async\" class=\"size-full wp-image-926 alignleft\" src=\"https:\/\/eurotransis.com\/wp-content\/uploads\/2016\/04\/cabezal.png\" alt=\"cabezal\" width=\"101\" height=\"72\" \/><\/strong><\/p>\n<p id=\"tw-target-text\" class=\"tw-data-text vk_txt tw-ta tw-text-medium\" dir=\"ltr\" data-placeholder=\"Translation\"><strong>Cabe\u00e7a met\u00e1lica embutida<\/strong><\/p>\n<\/td>\n<td style=\"width: 817px\" colspan=\"4\">\u00a0<strong><img loading=\"lazy\" decoding=\"async\" class=\"size-full wp-image-819 alignleft\" src=\"https:\/\/eurotransis.com\/wp-content\/uploads\/2016\/04\/rodillos-traccionados.png\" alt=\"rodillos traccionados\" width=\"100\" height=\"72\" srcset=\"https:\/\/eurotransis.com\/wp-content\/uploads\/2016\/04\/rodillos-traccionados.png 100w, https:\/\/eurotransis.com\/wp-content\/uploads\/2016\/04\/rodillos-traccionados-64x46.png 64w\" sizes=\"auto, (max-width: 100px) 100vw, 100px\" \/>Simples<br \/>\nZ14 &#8211; 1\/2&#8243;<br \/>\n<\/strong><\/td>\n<\/tr>\n<tr>\n<td style=\"width: 442px\" colspan=\"6\"><strong><strong><img loading=\"lazy\" decoding=\"async\" class=\"size-full wp-image-815 alignleft\" src=\"https:\/\/eurotransis.com\/wp-content\/uploads\/2016\/04\/aplicacion.png\" alt=\"aplicacion\" width=\"100\" height=\"75\" srcset=\"https:\/\/eurotransis.com\/wp-content\/uploads\/2016\/04\/aplicacion.png 100w, https:\/\/eurotransis.com\/wp-content\/uploads\/2016\/04\/aplicacion-64x48.png 64w\" sizes=\"auto, (max-width: 100px) 100vw, 100px\" \/><\/strong><strong>Acumula\u00e7\u00e3o<\/strong><\/strong><strong><br \/>\n<\/strong><\/td>\n<td style=\"width: 817px\" colspan=\"4\">\n<p><strong><img loading=\"lazy\" decoding=\"async\" class=\"size-full wp-image-930 alignleft\" src=\"https:\/\/eurotransis.com\/wp-content\/uploads\/2016\/04\/fuerza.png\" alt=\"fuerza\" width=\"100\" height=\"72\" srcset=\"https:\/\/eurotransis.com\/wp-content\/uploads\/2016\/04\/fuerza.png 100w, https:\/\/eurotransis.com\/wp-content\/uploads\/2016\/04\/fuerza-64x46.png 64w\" sizes=\"auto, (max-width: 100px) 100vw, 100px\" \/>EM-506 FRIC\u00c7\u00c3O\u00a0 \u00a0\u2013 10 daN\/Cabe\u00e7a <\/strong><\/p>\n<p><strong>EM-507 FIXO\u00a0 \u00a0 \u00a0 \u00a0 \u00a0 \u00a0 \u2013 40 daN\/Cabe\u00e7a <\/strong><\/p>\n<p><strong>EM-508 SOLDADO \u2013 Segundo o tipo<\/strong><\/td>\n<\/tr>\n<\/tbody>\n<\/table>\n<p>&nbsp;<\/p>\n","protected":false},"excerpt":{"rendered":"<p>O rolo transportador Roltia EM-506 \u00e9 um rolo acionado com roda dentada simples de a\u00e7o Z-14 \u00bd&#8221;. Projetado para trabalhar em acumula\u00e7\u00e3o e transmiss\u00e3o por corrente conforme norma DIN-8187. \u00c9 fabricado em di\u00e2metros de tubo que variam de \u00d850 a \u00d880. , usando materiais diferentes.<\/p>\n","protected":false},"featured_media":12700,"comment_status":"open","ping_status":"closed","template":"","meta":[],"product_brand":[],"product_cat":[685],"product_tag":[],"class_list":{"0":"post-4048","1":"product","2":"type-product","3":"status-publish","4":"has-post-thumbnail","6":"product_cat-transmissao-por-corrente-carreto-metalico-pt","8":"first","9":"instock","10":"shipping-taxable","11":"product-type-simple"},"_links":{"self":[{"href":"https:\/\/eurotransis.com\/pt-pt\/wp-json\/wp\/v2\/product\/4048","targetHints":{"allow":["GET"]}}],"collection":[{"href":"https:\/\/eurotransis.com\/pt-pt\/wp-json\/wp\/v2\/product"}],"about":[{"href":"https:\/\/eurotransis.com\/pt-pt\/wp-json\/wp\/v2\/types\/product"}],"replies":[{"embeddable":true,"href":"https:\/\/eurotransis.com\/pt-pt\/wp-json\/wp\/v2\/comments?post=4048"}],"wp:featuredmedia":[{"embeddable":true,"href":"https:\/\/eurotransis.com\/pt-pt\/wp-json\/wp\/v2\/media\/12700"}],"wp:attachment":[{"href":"https:\/\/eurotransis.com\/pt-pt\/wp-json\/wp\/v2\/media?parent=4048"}],"wp:term":[{"taxonomy":"product_brand","embeddable":true,"href":"https:\/\/eurotransis.com\/pt-pt\/wp-json\/wp\/v2\/product_brand?post=4048"},{"taxonomy":"product_cat","embeddable":true,"href":"https:\/\/eurotransis.com\/pt-pt\/wp-json\/wp\/v2\/product_cat?post=4048"},{"taxonomy":"product_tag","embeddable":true,"href":"https:\/\/eurotransis.com\/pt-pt\/wp-json\/wp\/v2\/product_tag?post=4048"}],"curies":[{"name":"wp","href":"https:\/\/api.w.org\/{rel}","templated":true}]}}