{"id":4053,"date":"2016-04-20T11:56:02","date_gmt":"2016-04-20T11:56:02","guid":{"rendered":"http:\/\/eurotransis.com\/pt-pt\/tienda\/sin%20categorizar\/serie-em-471\/"},"modified":"2024-09-24T08:46:09","modified_gmt":"2024-09-24T06:46:09","slug":"rolo-serie-em-471","status":"publish","type":"product","link":"https:\/\/eurotransis.com\/pt-pt\/loja\/rolos-pt\/para-transporte-motorizado-pt\/rolos-motorizados-serie-ligeira-pt\/transmissao-por-corrente-pt\/transmissao-por-corrente-carreto-plastico-pt\/rolo-serie-em-471\/","title":{"rendered":"Rolo S\u00e9rie EM-471"},"content":{"rendered":"<table style=\"height: 201px\" width=\"1275\">\n<tbody>\n<tr style=\"height: 24px\">\n<td style=\"text-align: center;height: 24px\" colspan=\"6\"><strong>\u00d8 TUBO<\/strong><\/td>\n<td style=\"text-align: center;height: 24px\" colspan=\"2\"><strong>\u00d8 EIXO\u00a0<\/strong><\/td>\n<\/tr>\n<tr style=\"height: 24px\">\n<td style=\"height: 24px\"><strong>\u00d8 (mm)<\/strong><\/td>\n<td style=\"height: 24px\"><strong>ST<\/strong><\/td>\n<td style=\"height: 24px\"><strong>STI<\/strong><\/td>\n<td style=\"height: 24px\"><strong>N<\/strong><\/td>\n<td style=\"height: 24px\"><strong>GAL<\/strong><\/td>\n<td style=\"height: 24px\"><strong>Kg<\/strong><\/td>\n<td style=\"height: 24px\"><strong>12<\/strong><\/td>\n<td style=\"height: 24px\"><strong>14<\/strong><\/td>\n<\/tr>\n<tr style=\"height: 24px\">\n<td style=\"height: 24px\"><strong>50&#215;1.5<\/strong><\/td>\n<td style=\"height: 24px\">SI<\/td>\n<td style=\"height: 24px\">SI<\/td>\n<td style=\"height: 24px\">SI<\/td>\n<td style=\"height: 24px\">SI<\/td>\n<td style=\"height: 24px\">SI<\/td>\n<td style=\"height: 24px\">SI<\/td>\n<td style=\"height: 24px\">SI<\/td>\n<\/tr>\n<tr style=\"height: 24px\">\n<td style=\"height: 24px\"><strong>50&#215;2.8<\/strong><\/td>\n<td style=\"height: 24px\"><\/td>\n<td style=\"height: 24px\"><\/td>\n<td style=\"height: 24px\"><\/td>\n<td style=\"height: 24px\"><\/td>\n<td style=\"height: 24px\">SI<\/td>\n<td style=\"height: 24px\">SI<\/td>\n<td style=\"height: 24px\">SI<\/td>\n<\/tr>\n<tr style=\"height: 24px\">\n<td style=\"height: 24px\"><strong>60&#215;2<\/strong><\/td>\n<td style=\"height: 24px\">SI<\/td>\n<td style=\"height: 24px\">SI<\/td>\n<td style=\"height: 24px\">SI<\/td>\n<td style=\"height: 24px\">SI<\/td>\n<td style=\"height: 24px\"><\/td>\n<td style=\"height: 24px\">SI<\/td>\n<td style=\"height: 24px\">SI<\/td>\n<\/tr>\n<tr style=\"height: 24px\">\n<td style=\"height: 24px\"><strong>60.3&#215;2<\/strong><\/td>\n<td style=\"height: 24px\"><\/td>\n<td style=\"height: 24px\"><\/td>\n<td style=\"height: 24px\">SI<\/td>\n<td style=\"height: 24px\"><\/td>\n<td style=\"height: 24px\"><\/td>\n<td style=\"height: 24px\">SI<\/td>\n<td style=\"height: 24px\">SI<\/td>\n<\/tr>\n<tr style=\"height: 24px\">\n<td style=\"height: 24px\"><strong>63&#215;3<\/strong><\/td>\n<td style=\"height: 24px\"><\/td>\n<td style=\"height: 24px\"><\/td>\n<td style=\"height: 24px\"><\/td>\n<td style=\"height: 24px\"><\/td>\n<td style=\"height: 24px\">SI<\/td>\n<td style=\"height: 24px\">SI<\/td>\n<td style=\"height: 24px\">SI<\/td>\n<\/tr>\n<tr style=\"height: 24px\">\n<td style=\"height: 24px\"><strong>80&#215;2<\/strong><\/td>\n<td style=\"height: 24px\">SI<\/td>\n<td style=\"height: 24px\">SI<\/td>\n<td style=\"height: 24px\">SI<\/td>\n<td style=\"height: 24px\">SI<\/td>\n<td style=\"height: 24px\"><\/td>\n<td style=\"height: 24px\">SI<\/td>\n<td style=\"height: 24px\">SI<\/td>\n<\/tr>\n<tr style=\"height: 104px\">\n<td style=\"height: 104px\" colspan=\"6\"><strong><img loading=\"lazy\" decoding=\"async\" class=\"size-full wp-image-926 alignleft\" src=\"https:\/\/eurotransis.com\/wp-content\/uploads\/2016\/04\/cabezal.png\" alt=\"cabezal\" width=\"101\" height=\"72\" \/><\/strong><\/p>\n<p id=\"tw-target-text\" class=\"tw-data-text vk_txt tw-ta tw-text-medium\" dir=\"ltr\" data-placeholder=\"Translation\"><strong>Cabe\u00e7a poliamida\u00a06<\/strong><\/p>\n<\/td>\n<td style=\"height: 104px\" colspan=\"2\"><strong><img loading=\"lazy\" decoding=\"async\" class=\"size-full wp-image-819 alignleft\" src=\"https:\/\/eurotransis.com\/wp-content\/uploads\/2016\/04\/rodillos-traccionados.png\" alt=\"rodillos traccionados\" width=\"100\" height=\"72\" srcset=\"https:\/\/eurotransis.com\/wp-content\/uploads\/2016\/04\/rodillos-traccionados.png 100w, https:\/\/eurotransis.com\/wp-content\/uploads\/2016\/04\/rodillos-traccionados-64x46.png 64w\" sizes=\"auto, (max-width: 100px) 100vw, 100px\" \/>Simples<br \/>\nZ14 &#8211; 1\/2&#8243;<br \/>\n<\/strong><\/td>\n<\/tr>\n<tr style=\"height: 91px\">\n<td style=\"height: 91px\" colspan=\"6\"><strong><img loading=\"lazy\" decoding=\"async\" class=\"size-full wp-image-815 alignleft\" src=\"https:\/\/eurotransis.com\/wp-content\/uploads\/2016\/04\/aplicacion.png\" alt=\"aplicacion\" width=\"100\" height=\"75\" srcset=\"https:\/\/eurotransis.com\/wp-content\/uploads\/2016\/04\/aplicacion.png 100w, https:\/\/eurotransis.com\/wp-content\/uploads\/2016\/04\/aplicacion-64x48.png 64w\" sizes=\"auto, (max-width: 100px) 100vw, 100px\" \/>Fixo<br \/>\n<\/strong><\/td>\n<td style=\"height: 91px\" colspan=\"2\">\n<p><strong><img loading=\"lazy\" decoding=\"async\" class=\"size-full wp-image-930 alignleft\" src=\"https:\/\/eurotransis.com\/wp-content\/uploads\/2016\/04\/fuerza.png\" alt=\"fuerza\" width=\"100\" height=\"72\" srcset=\"https:\/\/eurotransis.com\/wp-content\/uploads\/2016\/04\/fuerza.png 100w, https:\/\/eurotransis.com\/wp-content\/uploads\/2016\/04\/fuerza-64x46.png 64w\" sizes=\"auto, (max-width: 100px) 100vw, 100px\" \/>EM-471 FIXO \u2013<\/strong><\/p>\n<p><strong>40 daN\/Cabe\u00e7a<br \/>\n<\/strong><\/td>\n<\/tr>\n<\/tbody>\n<\/table>\n<p>&nbsp;<\/p>\n","protected":false},"excerpt":{"rendered":"<p>O rolo transportador Roltia EM-471 \u00e9 um rolo acionado com roda dentada simples em poliamida termopl\u00e1stica Z-14 1\/2&#8243;. A roda dentada, que \u00e9 fixada ao tubo, permite a transmiss\u00e3o por corrente conforme norma DIN-8187. \u00c9 fabricada em di\u00e2metros de tubo de \u00d850 a \u00d880, utilizando diversos materiais.<\/p>\n","protected":false},"featured_media":12676,"comment_status":"open","ping_status":"closed","template":"","meta":[],"product_brand":[],"product_cat":[688],"product_tag":[],"class_list":{"0":"post-4053","1":"product","2":"type-product","3":"status-publish","4":"has-post-thumbnail","6":"product_cat-transmissao-por-corrente-carreto-plastico-pt","8":"first","9":"instock","10":"shipping-taxable","11":"product-type-simple"},"_links":{"self":[{"href":"https:\/\/eurotransis.com\/pt-pt\/wp-json\/wp\/v2\/product\/4053","targetHints":{"allow":["GET"]}}],"collection":[{"href":"https:\/\/eurotransis.com\/pt-pt\/wp-json\/wp\/v2\/product"}],"about":[{"href":"https:\/\/eurotransis.com\/pt-pt\/wp-json\/wp\/v2\/types\/product"}],"replies":[{"embeddable":true,"href":"https:\/\/eurotransis.com\/pt-pt\/wp-json\/wp\/v2\/comments?post=4053"}],"wp:featuredmedia":[{"embeddable":true,"href":"https:\/\/eurotransis.com\/pt-pt\/wp-json\/wp\/v2\/media\/12676"}],"wp:attachment":[{"href":"https:\/\/eurotransis.com\/pt-pt\/wp-json\/wp\/v2\/media?parent=4053"}],"wp:term":[{"taxonomy":"product_brand","embeddable":true,"href":"https:\/\/eurotransis.com\/pt-pt\/wp-json\/wp\/v2\/product_brand?post=4053"},{"taxonomy":"product_cat","embeddable":true,"href":"https:\/\/eurotransis.com\/pt-pt\/wp-json\/wp\/v2\/product_cat?post=4053"},{"taxonomy":"product_tag","embeddable":true,"href":"https:\/\/eurotransis.com\/pt-pt\/wp-json\/wp\/v2\/product_tag?post=4053"}],"curies":[{"name":"wp","href":"https:\/\/api.w.org\/{rel}","templated":true}]}}