{"id":4065,"date":"2016-04-20T11:29:08","date_gmt":"2016-04-20T11:29:08","guid":{"rendered":"http:\/\/eurotransis.com\/pt-pt\/tienda\/sin%20categorizar\/serie-em-444\/"},"modified":"2026-02-09T10:30:49","modified_gmt":"2026-02-09T09:30:49","slug":"rolo-serie-em-444","status":"publish","type":"product","link":"https:\/\/eurotransis.com\/pt-pt\/loja\/rolos-pt\/para-transporte-motorizado-pt\/rolos-motorizados-serie-ligeira-pt\/transmissao-por-corrente-pt\/transmissao-por-corrente-carreto-metalico-pt\/rolo-serie-em-444\/","title":{"rendered":"Rolo S\u00e9rie EM-444"},"content":{"rendered":"<table style=\"height: 201px\" width=\"1275\">\n<tbody>\n<tr>\n<td style=\"text-align: center;width: 601px\" colspan=\"6\"><strong>\u00d8 TUBO<\/strong><\/td>\n<td style=\"text-align: center;width: 663px\"><strong>\u00d8 EIXO\u00a0<\/strong><\/td>\n<\/tr>\n<tr>\n<td style=\"width: 193px\"><strong>\u00d8 (mm)<\/strong><\/td>\n<td style=\"width: 72px\"><strong>ST<\/strong><\/td>\n<td style=\"width: 92px\"><strong>STI<\/strong><\/td>\n<td style=\"width: 55px\"><strong>N<\/strong><\/td>\n<td style=\"width: 114px\"><strong>GAL<\/strong><\/td>\n<td style=\"width: 75px\"><strong>Kg<\/strong><\/td>\n<td style=\"width: 663px\"><strong>12<\/strong><\/td>\n<\/tr>\n<tr>\n<td style=\"width: 193px\"><strong>50&#215;1.5<\/strong><\/td>\n<td style=\"width: 72px\">SI<\/td>\n<td style=\"width: 92px\">SI<\/td>\n<td style=\"width: 55px\">SI<\/td>\n<td style=\"width: 114px\">SI<\/td>\n<td style=\"width: 75px\"><\/td>\n<td style=\"width: 663px\">SI<\/td>\n<\/tr>\n<tr>\n<td style=\"width: 193px\"><strong>50&#215;2.8<\/strong><\/td>\n<td style=\"width: 72px\"><\/td>\n<td style=\"width: 92px\"><\/td>\n<td style=\"width: 55px\"><\/td>\n<td style=\"width: 114px\"><\/td>\n<td style=\"width: 75px\">SI<\/td>\n<td style=\"width: 663px\">SI<\/td>\n<\/tr>\n<tr>\n<td style=\"width: 193px\"><strong>60&#215;2<\/strong><\/td>\n<td style=\"width: 72px\">SI<\/td>\n<td style=\"width: 92px\">SI<\/td>\n<td style=\"width: 55px\"><\/td>\n<td style=\"width: 114px\">SI<\/td>\n<td style=\"width: 75px\"><\/td>\n<td style=\"width: 663px\">SI<\/td>\n<\/tr>\n<tr>\n<td style=\"width: 193px\"><strong>60.3&#215;2<\/strong><\/td>\n<td style=\"width: 72px\"><\/td>\n<td style=\"width: 92px\"><\/td>\n<td style=\"width: 55px\">SI<\/td>\n<td style=\"width: 114px\"><\/td>\n<td style=\"width: 75px\"><\/td>\n<td style=\"width: 663px\">SI<\/td>\n<\/tr>\n<tr>\n<td style=\"width: 193px\"><strong>63&#215;3<\/strong><\/td>\n<td style=\"width: 72px\"><\/td>\n<td style=\"width: 92px\"><\/td>\n<td style=\"width: 55px\"><\/td>\n<td style=\"width: 114px\"><\/td>\n<td style=\"width: 75px\">SI<\/td>\n<td style=\"width: 663px\">SI<\/td>\n<\/tr>\n<tr>\n<td style=\"width: 193px\"><strong>80&#215;2<\/strong><\/td>\n<td style=\"width: 72px\">SI<\/td>\n<td style=\"width: 92px\">SI<\/td>\n<td style=\"width: 55px\">SI<\/td>\n<td style=\"width: 114px\">SI<\/td>\n<td style=\"width: 75px\"><\/td>\n<td style=\"width: 663px\">SI<\/td>\n<\/tr>\n<tr>\n<td style=\"width: 601px\" colspan=\"6\">\n<p id=\"tw-target-text\" class=\"tw-data-text vk_txt tw-ta tw-text-medium\" dir=\"ltr\" data-placeholder=\"Translation\"><strong><img loading=\"lazy\" decoding=\"async\" class=\"size-full wp-image-815 alignleft\" src=\"https:\/\/eurotransis.com\/wp-content\/uploads\/2016\/04\/aplicacion.png\" alt=\"aplicacion\" width=\"100\" height=\"75\" srcset=\"https:\/\/eurotransis.com\/wp-content\/uploads\/2016\/04\/aplicacion.png 100w, https:\/\/eurotransis.com\/wp-content\/uploads\/2016\/04\/aplicacion-64x48.png 64w\" sizes=\"auto, (max-width: 100px) 100vw, 100px\" \/>Acumula\u00e7ao<\/strong><\/p>\n<\/td>\n<td style=\"width: 663px\">\u00a0<strong><img loading=\"lazy\" decoding=\"async\" class=\"size-full wp-image-819 alignleft\" src=\"https:\/\/eurotransis.com\/wp-content\/uploads\/2016\/04\/rodillos-traccionados.png\" alt=\"rodillos traccionados\" width=\"100\" height=\"72\" srcset=\"https:\/\/eurotransis.com\/wp-content\/uploads\/2016\/04\/rodillos-traccionados.png 100w, https:\/\/eurotransis.com\/wp-content\/uploads\/2016\/04\/rodillos-traccionados-64x46.png 64w\" sizes=\"auto, (max-width: 100px) 100vw, 100px\" \/>Simples<br \/>\nZ9 &#8211; 1\/2&#8243;<br \/>\n<\/strong><\/td>\n<\/tr>\n<tr>\n<td style=\"width: 601px\" colspan=\"6\"><strong><img loading=\"lazy\" decoding=\"async\" class=\"size-full wp-image-926 alignleft\" src=\"https:\/\/eurotransis.com\/wp-content\/uploads\/2016\/04\/cabezal.png\" alt=\"cabezal\" width=\"101\" height=\"72\" \/><\/strong><strong>Pinh\u00e3o a\u00e7o F-114<\/strong><\/td>\n<td style=\"width: 663px\">\n<p><strong><img loading=\"lazy\" decoding=\"async\" class=\"size-full wp-image-930 alignleft\" src=\"https:\/\/eurotransis.com\/wp-content\/uploads\/2016\/04\/fuerza.png\" alt=\"fuerza\" width=\"100\" height=\"72\" srcset=\"https:\/\/eurotransis.com\/wp-content\/uploads\/2016\/04\/fuerza.png 100w, https:\/\/eurotransis.com\/wp-content\/uploads\/2016\/04\/fuerza-64x46.png 64w\" sizes=\"auto, (max-width: 100px) 100vw, 100px\" \/>EM-444 FRIC\u00c7\u00c3O\u2013<\/strong><\/p>\n<p><strong>10 daN\/Cabe\u00e7a<br \/>\n<\/strong><\/td>\n<\/tr>\n<\/tbody>\n<\/table>\n<p>&nbsp;<\/p>\n","protected":false},"excerpt":{"rendered":"<p>O rolo transportador Roltia EM-444 \u00e9 um rolo acionado com roda dentada simples de a\u00e7o Z-9 \u00bd&#8221;. Projetado para trabalhar em acumula\u00e7\u00e3o e transmiss\u00e3o por corrente conforme norma DIN-8187. \u00c9 fabricado em di\u00e2metros de tubos que variam de \u00d850 a \u00d880, utilizando materiais diferentes.<\/p>\n","protected":false},"featured_media":12632,"comment_status":"open","ping_status":"closed","template":"","meta":[],"product_brand":[],"product_cat":[685],"product_tag":[],"class_list":{"0":"post-4065","1":"product","2":"type-product","3":"status-publish","4":"has-post-thumbnail","6":"product_cat-transmissao-por-corrente-carreto-metalico-pt","8":"first","9":"instock","10":"shipping-taxable","11":"product-type-simple"},"_links":{"self":[{"href":"https:\/\/eurotransis.com\/pt-pt\/wp-json\/wp\/v2\/product\/4065","targetHints":{"allow":["GET"]}}],"collection":[{"href":"https:\/\/eurotransis.com\/pt-pt\/wp-json\/wp\/v2\/product"}],"about":[{"href":"https:\/\/eurotransis.com\/pt-pt\/wp-json\/wp\/v2\/types\/product"}],"replies":[{"embeddable":true,"href":"https:\/\/eurotransis.com\/pt-pt\/wp-json\/wp\/v2\/comments?post=4065"}],"wp:featuredmedia":[{"embeddable":true,"href":"https:\/\/eurotransis.com\/pt-pt\/wp-json\/wp\/v2\/media\/12632"}],"wp:attachment":[{"href":"https:\/\/eurotransis.com\/pt-pt\/wp-json\/wp\/v2\/media?parent=4065"}],"wp:term":[{"taxonomy":"product_brand","embeddable":true,"href":"https:\/\/eurotransis.com\/pt-pt\/wp-json\/wp\/v2\/product_brand?post=4065"},{"taxonomy":"product_cat","embeddable":true,"href":"https:\/\/eurotransis.com\/pt-pt\/wp-json\/wp\/v2\/product_cat?post=4065"},{"taxonomy":"product_tag","embeddable":true,"href":"https:\/\/eurotransis.com\/pt-pt\/wp-json\/wp\/v2\/product_tag?post=4065"}],"curies":[{"name":"wp","href":"https:\/\/api.w.org\/{rel}","templated":true}]}}