{"id":4073,"date":"2016-04-20T10:22:26","date_gmt":"2016-04-20T10:22:26","guid":{"rendered":"http:\/\/eurotransis.com\/pt-pt\/tienda\/sin%20categorizar\/serie-em-415\/"},"modified":"2024-09-19T11:06:35","modified_gmt":"2024-09-19T09:06:35","slug":"rolo-serie-em-415","status":"publish","type":"product","link":"https:\/\/eurotransis.com\/pt-pt\/loja\/rolos-pt\/para-transporte-motorizado-pt\/rolos-motorizados-serie-ligeira-pt\/transmissao-por-correia-pt\/poly-v-pt\/rolo-serie-em-415\/","title":{"rendered":"Rolo S\u00e9rie EM-415"},"content":{"rendered":"<table style=\"height: 201px\" width=\"1275\">\n<tbody>\n<tr>\n<td style=\"text-align: center;width: 537px\" colspan=\"5\"><strong>\u00d8 TUBO<\/strong><\/td>\n<td style=\"text-align: center;width: 720px\" colspan=\"2\"><strong>\u00d8 EIXO\u00a0<\/strong><\/td>\n<\/tr>\n<tr>\n<td style=\"width: 195px\"><strong>\u00d8 (mm)<\/strong><\/td>\n<td style=\"width: 74px\"><strong>ST<\/strong><\/td>\n<td style=\"width: 94px\"><strong>STI<\/strong><\/td>\n<td style=\"width: 57px\"><strong>N<\/strong><\/td>\n<td style=\"width: 117px\"><strong>GAL<\/strong><\/td>\n<td style=\"width: 218px\"><strong>12<\/strong><\/td>\n<td style=\"width: 502px\"><strong>SW11<\/strong><\/td>\n<\/tr>\n<tr>\n<td style=\"width: 195px\"><strong>50&#215;1.5<\/strong><\/td>\n<td style=\"width: 74px\">SI<\/td>\n<td style=\"width: 94px\">SI<\/td>\n<td style=\"width: 57px\">SI<\/td>\n<td style=\"width: 117px\">SI<\/td>\n<td style=\"width: 218px\">SI<\/td>\n<td style=\"width: 502px\">SI<\/td>\n<\/tr>\n<tr>\n<td style=\"width: 537px\" colspan=\"5\">\n<p><strong><img loading=\"lazy\" decoding=\"async\" class=\"size-full wp-image-926 alignleft\" src=\"https:\/\/eurotransis.com\/wp-content\/uploads\/2016\/04\/cabezal.png\" alt=\"cabezal\" width=\"101\" height=\"72\" \/><\/strong><\/p>\n<p><strong>Cabe\u00e7a termopl\u00e1stico<\/strong><\/td>\n<td style=\"width: 720px\" colspan=\"2\">\n<p><strong><img loading=\"lazy\" decoding=\"async\" class=\"size-full wp-image-819 alignleft\" src=\"https:\/\/eurotransis.com\/wp-content\/uploads\/2016\/04\/rodillos-traccionados.png\" alt=\"rodillos traccionados\" width=\"100\" height=\"72\" srcset=\"https:\/\/eurotransis.com\/wp-content\/uploads\/2016\/04\/rodillos-traccionados.png 100w, https:\/\/eurotransis.com\/wp-content\/uploads\/2016\/04\/rodillos-traccionados-64x46.png 64w\" sizes=\"auto, (max-width: 100px) 100vw, 100px\" \/>Correia POLY-V<\/strong><\/p>\n<p><strong>Passo: 2,34 mm<\/strong><\/td>\n<\/tr>\n<tr>\n<td style=\"width: 537px\" colspan=\"5\"><strong>Fixo<\/strong><strong><strong><img loading=\"lazy\" decoding=\"async\" class=\"size-full wp-image-815 alignleft\" src=\"https:\/\/eurotransis.com\/wp-content\/uploads\/2016\/04\/aplicacion.png\" alt=\"aplicacion\" width=\"100\" height=\"75\" srcset=\"https:\/\/eurotransis.com\/wp-content\/uploads\/2016\/04\/aplicacion.png 100w, https:\/\/eurotransis.com\/wp-content\/uploads\/2016\/04\/aplicacion-64x48.png 64w\" sizes=\"auto, (max-width: 100px) 100vw, 100px\" \/><\/strong><\/strong><\/td>\n<td style=\"width: 720px\" colspan=\"2\"><strong><img loading=\"lazy\" decoding=\"async\" class=\"size-full wp-image-930 alignleft\" src=\"https:\/\/eurotransis.com\/wp-content\/uploads\/2016\/04\/fuerza.png\" alt=\"fuerza\" width=\"100\" height=\"72\" srcset=\"https:\/\/eurotransis.com\/wp-content\/uploads\/2016\/04\/fuerza.png 100w, https:\/\/eurotransis.com\/wp-content\/uploads\/2016\/04\/fuerza-64x46.png 64w\" sizes=\"auto, (max-width: 100px) 100vw, 100px\" \/>40 daN\/Cabe\u00e7a<br \/>\n<\/strong><\/td>\n<\/tr>\n<\/tbody>\n<\/table>\n<p>&nbsp;<\/p>\n","protected":false},"excerpt":{"rendered":"<p>O rolo transportador Roltia EM-415 \u00e9 um rolo acionado com cabe\u00e7a de metal. Polia de a\u00e7o fixada ao tubo e transmiss\u00e3o por correia Poly-V perfil PJ com passo de 2,34 mm. \u00c9 fabricado em tubos com di\u00e2metro de 50 mm. de a\u00e7o.<\/p>\n","protected":false},"featured_media":12592,"comment_status":"open","ping_status":"closed","template":"","meta":[],"product_brand":[],"product_cat":[677],"product_tag":[],"class_list":{"0":"post-4073","1":"product","2":"type-product","3":"status-publish","4":"has-post-thumbnail","6":"product_cat-poly-v-pt","8":"first","9":"instock","10":"shipping-taxable","11":"product-type-simple"},"_links":{"self":[{"href":"https:\/\/eurotransis.com\/pt-pt\/wp-json\/wp\/v2\/product\/4073","targetHints":{"allow":["GET"]}}],"collection":[{"href":"https:\/\/eurotransis.com\/pt-pt\/wp-json\/wp\/v2\/product"}],"about":[{"href":"https:\/\/eurotransis.com\/pt-pt\/wp-json\/wp\/v2\/types\/product"}],"replies":[{"embeddable":true,"href":"https:\/\/eurotransis.com\/pt-pt\/wp-json\/wp\/v2\/comments?post=4073"}],"wp:featuredmedia":[{"embeddable":true,"href":"https:\/\/eurotransis.com\/pt-pt\/wp-json\/wp\/v2\/media\/12592"}],"wp:attachment":[{"href":"https:\/\/eurotransis.com\/pt-pt\/wp-json\/wp\/v2\/media?parent=4073"}],"wp:term":[{"taxonomy":"product_brand","embeddable":true,"href":"https:\/\/eurotransis.com\/pt-pt\/wp-json\/wp\/v2\/product_brand?post=4073"},{"taxonomy":"product_cat","embeddable":true,"href":"https:\/\/eurotransis.com\/pt-pt\/wp-json\/wp\/v2\/product_cat?post=4073"},{"taxonomy":"product_tag","embeddable":true,"href":"https:\/\/eurotransis.com\/pt-pt\/wp-json\/wp\/v2\/product_tag?post=4073"}],"curies":[{"name":"wp","href":"https:\/\/api.w.org\/{rel}","templated":true}]}}