{"id":4076,"date":"2016-04-20T10:03:58","date_gmt":"2016-04-20T10:03:58","guid":{"rendered":"http:\/\/eurotransis.com\/pt-pt\/tienda\/sin%20categorizar\/serie-em-310-dg\/"},"modified":"2024-09-19T09:42:11","modified_gmt":"2024-09-19T07:42:11","slug":"rolo-serie-em-310-dg","status":"publish","type":"product","link":"https:\/\/eurotransis.com\/pt-pt\/loja\/rolos-pt\/para-transporte-motorizado-pt\/rolos-motorizados-serie-ligeira-pt\/transmissao-por-correia-pt\/toroidal-pt\/rolo-serie-em-310-dg\/","title":{"rendered":"Rolo S\u00e9rie EM-310-DG"},"content":{"rendered":"<table style=\"height: 201px\" width=\"1275\">\n<tbody>\n<tr>\n<td style=\"text-align: center;width: 490px\" colspan=\"3\"><strong>\u00d8 TUBO<\/strong><\/td>\n<td style=\"text-align: center;width: 769px\" colspan=\"6\"><strong>\u00d8 EIXO<\/strong><\/td>\n<\/tr>\n<tr>\n<td style=\"width: 264px\"><strong>\u00d8 (mm)<\/strong><\/td>\n<td style=\"width: 99px\"><strong>ST<\/strong><\/td>\n<td style=\"width: 127px\"><strong>STI<\/strong><\/td>\n<td style=\"width: 113px\"><strong>10<\/strong><\/td>\n<td style=\"width: 107px\"><strong>12<\/strong><\/td>\n<td style=\"width: 109px\"><strong>14<\/strong><\/td>\n<td style=\"width: 105px\"><strong>15<\/strong><\/td>\n<td style=\"width: 102px\"><strong>17<\/strong><\/td>\n<td style=\"width: 233px\"><strong>SW11<\/strong><\/td>\n<\/tr>\n<tr>\n<td style=\"width: 264px\"><strong>40&#215;1.5<\/strong><\/td>\n<td style=\"width: 99px\">SI<\/td>\n<td style=\"width: 127px\">SI<\/td>\n<td style=\"width: 113px\">SI<\/td>\n<td style=\"width: 107px\">SI<\/td>\n<td style=\"width: 109px\"><\/td>\n<td style=\"width: 105px\"><\/td>\n<td style=\"width: 102px\"><\/td>\n<td style=\"width: 233px\">SI<\/td>\n<\/tr>\n<tr>\n<td style=\"width: 264px\"><strong>50&#215;1.5<\/strong><\/td>\n<td style=\"width: 99px\">SI<\/td>\n<td style=\"width: 127px\">SI<\/td>\n<td style=\"width: 113px\">SI<\/td>\n<td style=\"width: 107px\">SI<\/td>\n<td style=\"width: 109px\">SI<\/td>\n<td style=\"width: 105px\">SI<\/td>\n<td style=\"width: 102px\"><\/td>\n<td style=\"width: 233px\">SI<\/td>\n<\/tr>\n<tr>\n<td style=\"width: 264px\"><strong>60&#215;1.5<\/strong><\/td>\n<td style=\"width: 99px\">SI<\/td>\n<td style=\"width: 127px\">SI<\/td>\n<td style=\"width: 113px\">SI<\/td>\n<td style=\"width: 107px\">SI<\/td>\n<td style=\"width: 109px\">SI<\/td>\n<td style=\"width: 105px\">SI<\/td>\n<td style=\"width: 102px\"><\/td>\n<td style=\"width: 233px\">SI<\/td>\n<\/tr>\n<tr>\n<td style=\"width: 264px\"><strong>60&#215;2<\/strong><\/td>\n<td style=\"width: 99px\">SI<\/td>\n<td style=\"width: 127px\">SI<\/td>\n<td style=\"width: 113px\">SI<\/td>\n<td style=\"width: 107px\">SI<\/td>\n<td style=\"width: 109px\">SI<\/td>\n<td style=\"width: 105px\">SI<\/td>\n<td style=\"width: 102px\">SI<\/td>\n<td style=\"width: 233px\">SI<\/td>\n<\/tr>\n<tr>\n<td style=\"width: 264px\"><strong>80&#215;2<\/strong><\/td>\n<td style=\"width: 99px\">SI<\/td>\n<td style=\"width: 127px\">SI<\/td>\n<td style=\"width: 113px\">SI<\/td>\n<td style=\"width: 107px\">SI<\/td>\n<td style=\"width: 109px\">SI<\/td>\n<td style=\"width: 105px\">SI<\/td>\n<td style=\"width: 102px\">SI<\/td>\n<td style=\"width: 233px\">SI<\/td>\n<\/tr>\n<tr>\n<td style=\"width: 490px\" colspan=\"3\">\n<p><strong><img loading=\"lazy\" decoding=\"async\" class=\"size-full wp-image-815 alignleft\" src=\"https:\/\/eurotransis.com\/wp-content\/uploads\/2016\/04\/aplicacion.png\" alt=\"aplicacion\" width=\"100\" height=\"75\" srcset=\"https:\/\/eurotransis.com\/wp-content\/uploads\/2016\/04\/aplicacion.png 100w, https:\/\/eurotransis.com\/wp-content\/uploads\/2016\/04\/aplicacion-64x48.png 64w\" sizes=\"auto, (max-width: 100px) 100vw, 100px\" \/><\/strong><strong>Cabe\u00e7a\u00a0termopl\u00e1stica<\/strong><\/p>\n<p><strong>Garganta\u00a0Dupla<\/strong><\/p>\n<p><strong>Dispon\u00edvel para a s\u00e9rie EM-600<\/strong><\/td>\n<td style=\"width: 769px\" colspan=\"6\"><img loading=\"lazy\" decoding=\"async\" class=\"size-full wp-image-819 alignleft\" src=\"https:\/\/eurotransis.com\/wp-content\/uploads\/2016\/04\/rodillos-traccionados.png\" alt=\"rodillos traccionados\" width=\"100\" height=\"72\" srcset=\"https:\/\/eurotransis.com\/wp-content\/uploads\/2016\/04\/rodillos-traccionados.png 100w, https:\/\/eurotransis.com\/wp-content\/uploads\/2016\/04\/rodillos-traccionados-64x46.png 64w\" sizes=\"auto, (max-width: 100px) 100vw, 100px\" \/><strong>Correia Toroidal\u00a0<\/strong><strong>\u00d84-\u00d86-\u00d88 (mm)<\/strong><\/p>\n<p class=\"tw-data-text vk_txt tw-ta tw-text-medium\" dir=\"ltr\" data-placeholder=\"Translation\"><strong>120 daN\/Cabe\u00e7a<\/strong><\/p>\n<\/td>\n<\/tr>\n<\/tbody>\n<\/table>\n<p>&nbsp;<\/p>\n","protected":false},"excerpt":{"rendered":"<p>A s\u00e9rie EM-310-DG da Roltia \u00e9 um rolo toroidal acionado por correia com cabe\u00e7a termopl\u00e1stica e rolamentos r\u00edgidos de esferas (6002\/6204). \u00c9 fabricado em tubos de a\u00e7o com di\u00e2metros que variam de \u00d840 a \u00d880. S\u00e3o adequados para o transporte de cargas semipesadas.<\/p>\n<p>Vers\u00e3o antiest\u00e1tica (&lt;106\u03a9) para tubos \u00d840, \u00d850 e \u00d860 at\u00e9 eixo \u00d815.<\/p>\n","protected":false},"featured_media":12572,"comment_status":"open","ping_status":"closed","template":"","meta":[],"product_brand":[],"product_cat":[671],"product_tag":[],"class_list":{"0":"post-4076","1":"product","2":"type-product","3":"status-publish","4":"has-post-thumbnail","6":"product_cat-toroidal-pt","8":"first","9":"instock","10":"shipping-taxable","11":"product-type-simple"},"_links":{"self":[{"href":"https:\/\/eurotransis.com\/pt-pt\/wp-json\/wp\/v2\/product\/4076","targetHints":{"allow":["GET"]}}],"collection":[{"href":"https:\/\/eurotransis.com\/pt-pt\/wp-json\/wp\/v2\/product"}],"about":[{"href":"https:\/\/eurotransis.com\/pt-pt\/wp-json\/wp\/v2\/types\/product"}],"replies":[{"embeddable":true,"href":"https:\/\/eurotransis.com\/pt-pt\/wp-json\/wp\/v2\/comments?post=4076"}],"wp:featuredmedia":[{"embeddable":true,"href":"https:\/\/eurotransis.com\/pt-pt\/wp-json\/wp\/v2\/media\/12572"}],"wp:attachment":[{"href":"https:\/\/eurotransis.com\/pt-pt\/wp-json\/wp\/v2\/media?parent=4076"}],"wp:term":[{"taxonomy":"product_brand","embeddable":true,"href":"https:\/\/eurotransis.com\/pt-pt\/wp-json\/wp\/v2\/product_brand?post=4076"},{"taxonomy":"product_cat","embeddable":true,"href":"https:\/\/eurotransis.com\/pt-pt\/wp-json\/wp\/v2\/product_cat?post=4076"},{"taxonomy":"product_tag","embeddable":true,"href":"https:\/\/eurotransis.com\/pt-pt\/wp-json\/wp\/v2\/product_tag?post=4076"}],"curies":[{"name":"wp","href":"https:\/\/api.w.org\/{rel}","templated":true}]}}