{"id":4078,"date":"2016-04-14T11:17:04","date_gmt":"2016-04-14T11:17:04","guid":{"rendered":"http:\/\/eurotransis.com\/pt-pt\/tienda\/sin%20categorizar\/serie-em-51\/"},"modified":"2025-08-11T11:01:13","modified_gmt":"2025-08-11T09:01:13","slug":"serie-em-51","status":"publish","type":"product","link":"https:\/\/eurotransis.com\/pt-pt\/loja\/rolos-pt\/para-transporte-por-gravidade-pt\/serie-ligeira-pt\/cabecas-de-plastico-pt\/serie-em-51\/","title":{"rendered":"Rolo S\u00e9rie EM-51"},"content":{"rendered":"<table style=\"height: 201px\" width=\"1275\">\n<tbody>\n<tr>\n<td style=\"text-align: center;width: 867px\" colspan=\"7\"><strong>\u00d8 TUBO<\/strong><\/td>\n<td style=\"text-align: center;width: 380px\" colspan=\"5\"><b>\u00d8 EIXO<\/b><\/td>\n<\/tr>\n<tr>\n<td style=\"width: 263px\"><strong>\u00d8 (mm)<\/strong><\/td>\n<td style=\"width: 98px\"><strong>ST<\/strong><\/td>\n<td style=\"width: 93px\"><strong>STI<\/strong><\/td>\n<td style=\"width: 104px\"><strong>N<\/strong><\/td>\n<td style=\"width: 106px\"><strong>GAL<\/strong><\/td>\n<td style=\"width: 106px\"><strong>ALU<\/strong><\/td>\n<td style=\"width: 97px\"><strong>Kg<\/strong><\/td>\n<td style=\"width: 78px\"><strong>4<\/strong><\/td>\n<td style=\"width: 77px\"><b>5<\/b><\/td>\n<td style=\"width: 79px\"><b>6<\/b><\/td>\n<td style=\"width: 72px\"><strong>8<\/strong><\/td>\n<td style=\"width: 74px\"><strong>10<\/strong><\/td>\n<\/tr>\n<tr>\n<td style=\"width: 263px\"><strong>12&#215;1<\/strong><\/td>\n<td style=\"width: 98px\"><\/td>\n<td style=\"width: 93px\"><\/td>\n<td style=\"width: 104px\">SI<\/td>\n<td style=\"width: 106px\"><\/td>\n<td style=\"width: 106px\"><\/td>\n<td style=\"width: 97px\"><\/td>\n<td style=\"width: 78px\">SI<\/td>\n<td style=\"width: 77px\"><\/td>\n<td style=\"width: 79px\"><\/td>\n<td style=\"width: 72px\"><\/td>\n<td style=\"width: 74px\"><\/td>\n<\/tr>\n<tr>\n<td style=\"width: 263px\"><strong>16&#215;1<\/strong><\/td>\n<td style=\"width: 98px\">SI<\/td>\n<td style=\"width: 93px\">SI<\/td>\n<td style=\"width: 104px\">SI<\/td>\n<td style=\"width: 106px\"><\/td>\n<td style=\"width: 106px\">SI<\/td>\n<td style=\"width: 97px\"><\/td>\n<td style=\"width: 78px\"><\/td>\n<td style=\"width: 77px\">SI<\/td>\n<td style=\"width: 79px\">SI<\/td>\n<td style=\"width: 72px\"><\/td>\n<td style=\"width: 74px\"><\/td>\n<\/tr>\n<tr>\n<td style=\"width: 263px\"><strong>20&#215;1.5<\/strong><\/td>\n<td style=\"width: 98px\">SI<\/td>\n<td style=\"width: 93px\">SI<\/td>\n<td style=\"width: 104px\">SI<\/td>\n<td style=\"width: 106px\"><\/td>\n<td style=\"width: 106px\">SI<\/td>\n<td style=\"width: 97px\">SI<\/td>\n<td style=\"width: 78px\"><\/td>\n<td style=\"width: 77px\"><\/td>\n<td style=\"width: 79px\">SI<\/td>\n<td style=\"width: 72px\">SI<\/td>\n<td style=\"width: 74px\"><\/td>\n<\/tr>\n<tr>\n<td style=\"width: 263px\"><strong>30&#215;1.5<\/strong><\/td>\n<td style=\"width: 98px\">SI<\/td>\n<td style=\"width: 93px\">SI<\/td>\n<td style=\"width: 104px\">SI<\/td>\n<td style=\"width: 106px\"><\/td>\n<td style=\"width: 106px\">SI<\/td>\n<td style=\"width: 97px\"><\/td>\n<td style=\"width: 78px\"><\/td>\n<td style=\"width: 77px\"><\/td>\n<td style=\"width: 79px\">SI<\/td>\n<td style=\"width: 72px\">SI<\/td>\n<td style=\"width: 74px\">SI<\/td>\n<\/tr>\n<tr>\n<td style=\"width: 263px\"><strong>30&#215;1.8<\/strong><\/td>\n<td style=\"width: 98px\"><\/td>\n<td style=\"width: 93px\"><\/td>\n<td style=\"width: 104px\"><\/td>\n<td style=\"width: 106px\"><\/td>\n<td style=\"width: 106px\"><\/td>\n<td style=\"width: 97px\">SI<\/td>\n<td style=\"width: 78px\"><\/td>\n<td style=\"width: 77px\"><\/td>\n<td style=\"width: 79px\">SI<\/td>\n<td style=\"width: 72px\">SI<\/td>\n<td style=\"width: 74px\">SI<\/td>\n<\/tr>\n<tr>\n<td style=\"width: 263px\"><strong>40&#215;1.5<\/strong><\/td>\n<td style=\"width: 98px\">SI<\/td>\n<td style=\"width: 93px\">SI<\/td>\n<td style=\"width: 104px\">SI<\/td>\n<td style=\"width: 106px\">SI<\/td>\n<td style=\"width: 106px\">SI<\/td>\n<td style=\"width: 97px\">SI<\/td>\n<td style=\"width: 78px\"><\/td>\n<td style=\"width: 77px\"><\/td>\n<td style=\"width: 79px\">SI<\/td>\n<td style=\"width: 72px\">SI<\/td>\n<td style=\"width: 74px\">SI<\/td>\n<\/tr>\n<tr>\n<td style=\"width: 263px\"><strong>40&#215;2.3<\/strong><\/td>\n<td style=\"width: 98px\"><\/td>\n<td style=\"width: 93px\"><\/td>\n<td style=\"width: 104px\"><\/td>\n<td style=\"width: 106px\"><\/td>\n<td style=\"width: 106px\"><\/td>\n<td style=\"width: 97px\">SI<\/td>\n<td style=\"width: 78px\"><\/td>\n<td style=\"width: 77px\"><\/td>\n<td style=\"width: 79px\">SI<\/td>\n<td style=\"width: 72px\">SI<\/td>\n<td style=\"width: 74px\">SI<\/td>\n<\/tr>\n<tr>\n<td style=\"width: 664px\" colspan=\"5\">\n<p><strong><strong><img loading=\"lazy\" decoding=\"async\" class=\"size-medium wp-image-640 alignleft\" src=\"https:\/\/eurotransis.com\/images\/catalogo\/iconos\/cabezal.png\" alt=\"cabezal\" width=\"101\" height=\"72\" \/>Cabe\u00e7a em polipropileno (Exceto \u00d812)<\/strong><\/strong><\/p>\n<p><strong><strong>Cabe\u00e7a AISI-303 (para tubo \u00d812)<\/strong><\/strong><\/td>\n<td style=\"width: 583px\" colspan=\"7\">\n<p><img loading=\"lazy\" decoding=\"async\" class=\"size-medium wp-image-648 alignleft\" src=\"https:\/\/eurotransis.com\/images\/catalogo\/iconos\/hilera.png\" alt=\"hilera\" width=\"101\" height=\"73\" \/><strong>Linha de bola simples em a\u00e7o Inox.<\/strong><\/p>\n<p><strong>EM-51 A\u00e7o Inox. AISI-420<\/strong><\/td>\n<\/tr>\n<tr>\n<td style=\"width: 664px\" colspan=\"5\"><strong> Manuten\u00e7\u00e3o<img loading=\"lazy\" decoding=\"async\" class=\"size-full wp-image-636 alignleft\" src=\"https:\/\/eurotransis.com\/images\/catalogo\/iconos\/aplicacion.png\" alt=\"aplicacion\" width=\"100\" height=\"75\" \/><\/strong><\/td>\n<td style=\"width: 583px\" colspan=\"7\">\n<p><strong><img loading=\"lazy\" decoding=\"async\" class=\"size-medium wp-image-644 alignleft\" src=\"https:\/\/eurotransis.com\/images\/catalogo\/iconos\/fuerza.png\" alt=\"fuerza\" width=\"100\" height=\"72\" \/>4 daN\/Cabe\u00e7a &#8211; \u00d812 y \u00d816<\/strong><\/p>\n<p><strong>5 daN\/Cabe\u00e7a &#8211; \u00d820<\/strong><\/p>\n<p><strong>7 daN\/Cabe\u00e7a &#8211; \u00d830 y \u00d840<\/strong><\/td>\n<\/tr>\n<\/tbody>\n<\/table>\n<p>&nbsp;<\/p>\n","protected":false},"excerpt":{"rendered":"<p id=\"tw-target-text\" class=\"tw-data-text vk_txt tw-ta tw-text-small\" dir=\"ltr\" data-placeholder=\"Translation\">A s\u00e9rie EM-51 da Roltia \u00e9 um rolo livre com cabe\u00e7a de polipropileno e uma fileira de esferas de a\u00e7o inoxid\u00e1vel. \u00c9 fabricado em tubos com di\u00e2metros que variam de \u00d812 a \u00d840, em diversos materiais. S\u00e3o adequados para o transporte de cargas muito leves.<\/p>\n<table style=\"height: 30px\" width=\"400\">\n<tbody>\n<tr>\n<td style=\"text-align: center\" colspan=\"7\"><strong><strong><a href=\"https:\/\/eurotransis.com\/wp-content\/uploads\/2016\/04\/PLANTILLA-SOLICITUD-OFERTA-EM-51-PROTEGIDO-watermark.pdf\" target=\"_blank\" rel=\"noopener noreferrer\">PLANTILLA SOLICITUD OFERTA EM-51<\/a><\/strong><\/strong><\/td>\n<\/tr>\n<\/tbody>\n<\/table>\n<p>&nbsp;<\/p>\n","protected":false},"featured_media":12847,"comment_status":"open","ping_status":"closed","template":"","meta":[],"product_brand":[],"product_cat":[527],"product_tag":[],"class_list":{"0":"post-4078","1":"product","2":"type-product","3":"status-publish","4":"has-post-thumbnail","6":"product_cat-cabecas-de-plastico-pt","8":"first","9":"instock","10":"shipping-taxable","11":"product-type-simple"},"_links":{"self":[{"href":"https:\/\/eurotransis.com\/pt-pt\/wp-json\/wp\/v2\/product\/4078","targetHints":{"allow":["GET"]}}],"collection":[{"href":"https:\/\/eurotransis.com\/pt-pt\/wp-json\/wp\/v2\/product"}],"about":[{"href":"https:\/\/eurotransis.com\/pt-pt\/wp-json\/wp\/v2\/types\/product"}],"replies":[{"embeddable":true,"href":"https:\/\/eurotransis.com\/pt-pt\/wp-json\/wp\/v2\/comments?post=4078"}],"wp:featuredmedia":[{"embeddable":true,"href":"https:\/\/eurotransis.com\/pt-pt\/wp-json\/wp\/v2\/media\/12847"}],"wp:attachment":[{"href":"https:\/\/eurotransis.com\/pt-pt\/wp-json\/wp\/v2\/media?parent=4078"}],"wp:term":[{"taxonomy":"product_brand","embeddable":true,"href":"https:\/\/eurotransis.com\/pt-pt\/wp-json\/wp\/v2\/product_brand?post=4078"},{"taxonomy":"product_cat","embeddable":true,"href":"https:\/\/eurotransis.com\/pt-pt\/wp-json\/wp\/v2\/product_cat?post=4078"},{"taxonomy":"product_tag","embeddable":true,"href":"https:\/\/eurotransis.com\/pt-pt\/wp-json\/wp\/v2\/product_tag?post=4078"}],"curies":[{"name":"wp","href":"https:\/\/api.w.org\/{rel}","templated":true}]}}