{"id":4079,"date":"2016-04-14T11:16:06","date_gmt":"2016-04-14T11:16:06","guid":{"rendered":"http:\/\/eurotransis.com\/pt-pt\/tienda\/sin%20categorizar\/serie-em-50-cs\/"},"modified":"2024-09-17T11:00:37","modified_gmt":"2024-09-17T09:00:37","slug":"serie-em-50-cs","status":"publish","type":"product","link":"https:\/\/eurotransis.com\/pt-pt\/loja\/rolos-pt\/para-transporte-por-gravidade-pt\/serie-ligeira-pt\/cabecas-de-plastico-pt\/serie-em-50-cs\/","title":{"rendered":"Rolo S\u00e9rie EM-50-CS"},"content":{"rendered":"<table style=\"height: 201px\" width=\"1275\">\n<tbody>\n<tr>\n<td style=\"text-align: center;width: 954px\" colspan=\"6\"><strong>\u00d8 TUBO<\/strong><\/td>\n<td style=\"text-align: center;width: 302px\" colspan=\"2\"><b>\u00d8 EIXO<\/b><\/td>\n<\/tr>\n<tr>\n<td style=\"width: 299px\"><strong>\u00d8 (mm)<\/strong><\/td>\n<td style=\"width: 112px\"><strong>ST<\/strong><\/td>\n<td style=\"width: 143px\"><strong>STI<\/strong><\/td>\n<td style=\"width: 85px\"><strong>N<\/strong><\/td>\n<td style=\"width: 191px\"><strong>ALU<\/strong><\/td>\n<td style=\"width: 124px\"><strong>Kg<\/strong><\/td>\n<td style=\"width: 151px\"><strong>6<\/strong><\/td>\n<td style=\"width: 151px\"><b>8<\/b><\/td>\n<\/tr>\n<tr>\n<td style=\"width: 299px\"><strong>20&#215;1.5<\/strong><\/td>\n<td style=\"width: 112px\">SI<\/td>\n<td style=\"width: 143px\">SI<\/td>\n<td style=\"width: 85px\">SI<\/td>\n<td style=\"width: 191px\">SI<\/td>\n<td style=\"width: 124px\">SI<\/td>\n<td style=\"width: 151px\">SI<\/td>\n<td style=\"width: 151px\"><\/td>\n<\/tr>\n<tr>\n<td style=\"width: 299px\"><strong>30&#215;1.8<\/strong><\/td>\n<td style=\"width: 112px\"><\/td>\n<td style=\"width: 143px\"><\/td>\n<td style=\"width: 85px\"><\/td>\n<td style=\"width: 191px\"><\/td>\n<td style=\"width: 124px\">SI<\/td>\n<td style=\"width: 151px\"><\/td>\n<td style=\"width: 151px\">SI<\/td>\n<\/tr>\n<tr>\n<td style=\"width: 299px\"><strong>40&#215;2.3<\/strong><\/td>\n<td style=\"width: 112px\"><\/td>\n<td style=\"width: 143px\"><\/td>\n<td style=\"width: 85px\"><\/td>\n<td style=\"width: 191px\"><\/td>\n<td style=\"width: 124px\">SI<\/td>\n<td style=\"width: 151px\"><\/td>\n<td style=\"width: 151px\">SI<\/td>\n<\/tr>\n<tr>\n<td style=\"width: 639px\" colspan=\"4\"><strong><strong><img loading=\"lazy\" decoding=\"async\" class=\"size-medium wp-image-640 alignleft\" src=\"https:\/\/eurotransis.com\/images\/catalogo\/iconos\/cabezal.png\" alt=\"cabezal\" width=\"101\" height=\"72\" \/><\/strong>Cabe\u00e7a Polipropileno<br \/>\n<\/strong><\/td>\n<td style=\"width: 617px\" colspan=\"4\"><img loading=\"lazy\" decoding=\"async\" class=\"size-medium wp-image-648 alignleft\" src=\"https:\/\/eurotransis.com\/images\/catalogo\/iconos\/hilera.png\" alt=\"hilera\" width=\"101\" height=\"73\" \/><\/p>\n<p id=\"tw-target-text\" class=\"tw-data-text vk_txt tw-ta tw-text-small\" dir=\"ltr\" data-placeholder=\"Translation\"><strong>Linha de bola simples<\/strong><\/p>\n<p class=\"tw-data-text vk_txt tw-ta tw-text-small\" dir=\"ltr\" data-placeholder=\"Translation\"><strong>EM-50-CS A\u00e7o carbono<\/strong><\/p>\n<\/td>\n<\/tr>\n<tr>\n<td style=\"width: 639px\" colspan=\"4\"><strong> Manuten\u00e7\u00e3o<img loading=\"lazy\" decoding=\"async\" class=\"size-full wp-image-636 alignleft\" src=\"https:\/\/eurotransis.com\/images\/catalogo\/iconos\/aplicacion.png\" alt=\"aplicacion\" width=\"100\" height=\"75\" \/><\/strong><\/td>\n<td style=\"width: 617px\" colspan=\"4\">\n<p>\u00a0<img loading=\"lazy\" decoding=\"async\" class=\"size-medium wp-image-644 alignleft\" src=\"https:\/\/eurotransis.com\/wp-content\/uploads\/2016\/04\/rodillos_libres_con_cabezales_termoplasticos_serie_em-103-c-300x225.png\" alt=\"fuerza\" width=\"100\" height=\"72\" srcset=\"https:\/\/eurotransis.com\/wp-content\/uploads\/2016\/04\/rodillos_libres_con_cabezales_termoplasticos_serie_em-103-c-300x214.png 300w, https:\/\/eurotransis.com\/wp-content\/uploads\/2016\/04\/rodillos_libres_con_cabezales_termoplasticos_serie_em-103-c-220x161.png 220w\" sizes=\"auto, (max-width: 100px) 100vw, 100px\" \/><strong>8 daN\/Cabe\u00e7a &#8211; \u00d820<\/strong><\/p>\n<p><strong>10 daN\/Cabe\u00e7a &#8211; \u00d830, \u00d840<\/strong><\/td>\n<\/tr>\n<\/tbody>\n<\/table>\n<p><\/p>\n","protected":false},"excerpt":{"rendered":"<p>A s\u00e9rie Roltia EM-50-CS \u00e9 um rolo livre com cabe\u00e7a de polipropileno e uma fileira de esferas de a\u00e7o carbono. \u00c9 fabricado em tubos com di\u00e2metros que variam de \u00d820 a \u00d840, principalmente em PVC. Incorpora um eixo com mola. S\u00e3o adequados para o transporte de cargas muito leves.<\/p>\n","protected":false},"featured_media":12843,"comment_status":"open","ping_status":"closed","template":"","meta":[],"product_brand":[],"product_cat":[527],"product_tag":[],"class_list":{"0":"post-4079","1":"product","2":"type-product","3":"status-publish","4":"has-post-thumbnail","6":"product_cat-cabecas-de-plastico-pt","8":"first","9":"instock","10":"shipping-taxable","11":"product-type-simple"},"_links":{"self":[{"href":"https:\/\/eurotransis.com\/pt-pt\/wp-json\/wp\/v2\/product\/4079","targetHints":{"allow":["GET"]}}],"collection":[{"href":"https:\/\/eurotransis.com\/pt-pt\/wp-json\/wp\/v2\/product"}],"about":[{"href":"https:\/\/eurotransis.com\/pt-pt\/wp-json\/wp\/v2\/types\/product"}],"replies":[{"embeddable":true,"href":"https:\/\/eurotransis.com\/pt-pt\/wp-json\/wp\/v2\/comments?post=4079"}],"wp:featuredmedia":[{"embeddable":true,"href":"https:\/\/eurotransis.com\/pt-pt\/wp-json\/wp\/v2\/media\/12843"}],"wp:attachment":[{"href":"https:\/\/eurotransis.com\/pt-pt\/wp-json\/wp\/v2\/media?parent=4079"}],"wp:term":[{"taxonomy":"product_brand","embeddable":true,"href":"https:\/\/eurotransis.com\/pt-pt\/wp-json\/wp\/v2\/product_brand?post=4079"},{"taxonomy":"product_cat","embeddable":true,"href":"https:\/\/eurotransis.com\/pt-pt\/wp-json\/wp\/v2\/product_cat?post=4079"},{"taxonomy":"product_tag","embeddable":true,"href":"https:\/\/eurotransis.com\/pt-pt\/wp-json\/wp\/v2\/product_tag?post=4079"}],"curies":[{"name":"wp","href":"https:\/\/api.w.org\/{rel}","templated":true}]}}