{"id":4082,"date":"2016-04-14T11:11:48","date_gmt":"2016-04-14T11:11:48","guid":{"rendered":"http:\/\/eurotransis.com\/pt-pt\/tienda\/sin%20categorizar\/serie-em-310\/"},"modified":"2024-09-17T10:33:30","modified_gmt":"2024-09-17T08:33:30","slug":"serie-em-310","status":"publish","type":"product","link":"https:\/\/eurotransis.com\/pt-pt\/loja\/rolos-pt\/para-transporte-por-gravidade-pt\/serie-media-pt\/cabezales-plasticos-serie-media-pt\/serie-em-310\/","title":{"rendered":"Rolo S\u00e9rie EM-310"},"content":{"rendered":"<table style=\"height: 201px\" width=\"1275\">\n<tbody>\n<tr>\n<td style=\"text-align: center;width: 809px\" colspan=\"7\"><strong>\u00d8 TUBO<\/strong><\/td>\n<td style=\"text-align: center;width: 445px\" colspan=\"8\"><strong>\u00d8 EIXO<\/strong><\/td>\n<\/tr>\n<tr>\n<td style=\"width: 246px\"><strong>\u00d8 (mm)<\/strong><\/td>\n<td style=\"width: 88px\"><strong>ST<\/strong><\/td>\n<td style=\"width: 119px\"><strong>STI<\/strong><\/td>\n<td style=\"width: 69px\"><strong>N<\/strong><\/td>\n<td style=\"width: 152px\"><strong>GAL<\/strong><\/td>\n<td style=\"width: 82px\"><strong>ALU<\/strong><\/td>\n<td style=\"width: 53px\"><strong>Kg<\/strong><\/td>\n<td style=\"width: 46px\"><strong>10<\/strong><\/td>\n<td style=\"width: 44px\"><strong>12<\/strong><\/td>\n<td style=\"width: 46px\"><strong>14<\/strong><\/td>\n<td style=\"width: 44px\"><strong>15<\/strong><\/td>\n<td style=\"width: 42px\"><strong>17<\/strong><\/td>\n<td style=\"width: 51px\"><strong>20<\/strong><\/td>\n<td style=\"width: 102px\"><strong>SW11<\/strong><\/td>\n<td style=\"width: 70px\"><strong>M8<\/strong><\/td>\n<\/tr>\n<tr>\n<td style=\"width: 246px\"><strong>40&#215;1.5<\/strong><\/td>\n<td style=\"width: 88px\">SI<\/td>\n<td style=\"width: 119px\">SI<\/td>\n<td style=\"width: 69px\">SI<\/td>\n<td style=\"width: 152px\">SI<\/td>\n<td style=\"width: 82px\">SI<\/td>\n<td style=\"width: 53px\"><\/td>\n<td style=\"width: 46px\">SI<\/td>\n<td style=\"width: 44px\">SI<\/td>\n<td style=\"width: 46px\"><\/td>\n<td style=\"width: 44px\"><\/td>\n<td style=\"width: 42px\"><\/td>\n<td style=\"width: 51px\"><\/td>\n<td style=\"width: 102px\">SI<\/td>\n<td style=\"width: 70px\"><\/td>\n<\/tr>\n<tr>\n<td style=\"width: 246px\"><strong>50&#215;1.5<\/strong><\/td>\n<td style=\"width: 88px\">SI<\/td>\n<td style=\"width: 119px\">SI<\/td>\n<td style=\"width: 69px\">SI<\/td>\n<td style=\"width: 152px\">SI<\/td>\n<td style=\"width: 82px\">SI<\/td>\n<td style=\"width: 53px\">SI<\/td>\n<td style=\"width: 46px\">SI<\/td>\n<td style=\"width: 44px\">SI<\/td>\n<td style=\"width: 46px\">SI<\/td>\n<td style=\"width: 44px\">SI<\/td>\n<td style=\"width: 42px\"><\/td>\n<td style=\"width: 51px\"><\/td>\n<td style=\"width: 102px\">SI<\/td>\n<td style=\"width: 70px\">SI<\/td>\n<\/tr>\n<tr>\n<td style=\"width: 246px\"><strong>50&#215;2.8<\/strong><\/td>\n<td style=\"width: 88px\"><\/td>\n<td style=\"width: 119px\"><\/td>\n<td style=\"width: 69px\"><\/td>\n<td style=\"width: 152px\"><\/td>\n<td style=\"width: 82px\"><\/td>\n<td style=\"width: 53px\">SI<\/td>\n<td style=\"width: 46px\">SI<\/td>\n<td style=\"width: 44px\">SI<\/td>\n<td style=\"width: 46px\">SI<\/td>\n<td style=\"width: 44px\">SI<\/td>\n<td style=\"width: 42px\"><\/td>\n<td style=\"width: 51px\"><\/td>\n<td style=\"width: 102px\">SI<\/td>\n<td style=\"width: 70px\"><\/td>\n<\/tr>\n<tr>\n<td style=\"width: 246px\"><strong>60&#215;1.5<\/strong><\/td>\n<td style=\"width: 88px\">SI<\/td>\n<td style=\"width: 119px\">SI<\/td>\n<td style=\"width: 69px\"><\/td>\n<td style=\"width: 152px\">SI<\/td>\n<td style=\"width: 82px\">SI<\/td>\n<td style=\"width: 53px\"><\/td>\n<td style=\"width: 46px\">SI<\/td>\n<td style=\"width: 44px\">SI<\/td>\n<td style=\"width: 46px\">SI<\/td>\n<td style=\"width: 44px\">SI<\/td>\n<td style=\"width: 42px\">SI<\/td>\n<td style=\"width: 51px\">SI<\/td>\n<td style=\"width: 102px\">SI<\/td>\n<td style=\"width: 70px\">SI<\/td>\n<\/tr>\n<tr>\n<td style=\"width: 246px\"><strong>60&#215;2<\/strong><\/td>\n<td style=\"width: 88px\">SI<\/td>\n<td style=\"width: 119px\">SI<\/td>\n<td style=\"width: 69px\">SI<\/td>\n<td style=\"width: 152px\">SI<\/td>\n<td style=\"width: 82px\">SI<\/td>\n<td style=\"width: 53px\"><\/td>\n<td style=\"width: 46px\">SI<\/td>\n<td style=\"width: 44px\">SI<\/td>\n<td style=\"width: 46px\">SI<\/td>\n<td style=\"width: 44px\">SI<\/td>\n<td style=\"width: 42px\">SI<\/td>\n<td style=\"width: 51px\">SI<\/td>\n<td style=\"width: 102px\">SI<\/td>\n<td style=\"width: 70px\">SI<\/td>\n<\/tr>\n<tr>\n<td style=\"width: 246px\">\u00a0<strong>63&#215;3<\/strong><\/td>\n<td style=\"width: 88px\">SI<\/td>\n<td style=\"width: 119px\">SI<\/td>\n<td style=\"width: 69px\"><\/td>\n<td style=\"width: 152px\"><\/td>\n<td style=\"width: 82px\"><\/td>\n<td style=\"width: 53px\">SI<\/td>\n<td style=\"width: 46px\">SI<\/td>\n<td style=\"width: 44px\">SI<\/td>\n<td style=\"width: 46px\">SI<\/td>\n<td style=\"width: 44px\">SI<\/td>\n<td style=\"width: 42px\">SI<\/td>\n<td style=\"width: 51px\">SI<\/td>\n<td style=\"width: 102px\">SI<\/td>\n<td style=\"width: 70px\"><\/td>\n<\/tr>\n<tr>\n<td style=\"width: 246px\">\u00a0<strong>80&#215;2<\/strong><\/td>\n<td style=\"width: 88px\">SI<\/td>\n<td style=\"width: 119px\">SI<\/td>\n<td style=\"width: 69px\">SI<\/td>\n<td style=\"width: 152px\">SI<\/td>\n<td style=\"width: 82px\">SI<\/td>\n<td style=\"width: 53px\"><\/td>\n<td style=\"width: 46px\">SI<\/td>\n<td style=\"width: 44px\">SI<\/td>\n<td style=\"width: 46px\">SI<\/td>\n<td style=\"width: 44px\">SI<\/td>\n<td style=\"width: 42px\">SI<\/td>\n<td style=\"width: 51px\">SI<\/td>\n<td style=\"width: 102px\">SI<\/td>\n<td style=\"width: 70px\"><\/td>\n<\/tr>\n<tr>\n<td style=\"width: 674px\" colspan=\"5\"><strong>Cabe\u00e7a polipropileno (excepto \u00d812)<\/strong><strong><strong><img loading=\"lazy\" decoding=\"async\" class=\"size-medium wp-image-640 alignleft\" src=\"https:\/\/eurotransis.com\/images\/catalogo\/iconos\/cabezal.png\" alt=\"cabezal\" width=\"101\" height=\"72\" \/><\/strong><\/strong><\/td>\n<td style=\"width: 580px\" colspan=\"10\">\n<p id=\"tw-target-text\" class=\"tw-data-text vk_txt tw-ta tw-text-medium\" dir=\"ltr\" data-placeholder=\"Translation\"><span lang=\"pt\"><img loading=\"lazy\" decoding=\"async\" class=\"size-medium wp-image-648 alignleft\" src=\"https:\/\/eurotransis.com\/images\/catalogo\/iconos\/hilera.png\" alt=\"hilera\" width=\"101\" height=\"73\" \/><strong>Rolamento preci\u00e7\u00e3o<\/strong><\/span><\/p>\n<\/td>\n<\/tr>\n<tr>\n<td style=\"width: 674px\" colspan=\"5\"><strong> Manuten\u00e7\u00e3o<img loading=\"lazy\" decoding=\"async\" class=\"size-full wp-image-636 alignleft\" src=\"https:\/\/eurotransis.com\/images\/catalogo\/iconos\/aplicacion.png\" alt=\"aplicacion\" width=\"100\" height=\"75\" \/><\/strong><\/td>\n<td style=\"width: 580px\" colspan=\"10\">\n<p><strong>80 daN\/Cabe\u00e7a &#8211; \u00d840<img loading=\"lazy\" decoding=\"async\" class=\"size-medium wp-image-644 alignleft\" src=\"https:\/\/eurotransis.com\/images\/catalogo\/iconos\/fuerza.png\" alt=\"fuerza\" width=\"100\" height=\"72\" \/><\/strong><\/p>\n<p><strong>120 d<\/strong><strong>aN\/Cabe\u00e7a &#8211; \u00d850, \u00d860, \u00d863, \u00d880, \u00d889<\/strong><\/td>\n<\/tr>\n<\/tbody>\n<\/table>\n<p>&nbsp;<\/p>\n","protected":false},"excerpt":{"rendered":"<p>A s\u00e9rie EM-310 da Roltia \u00e9 um rolo livre com cabe\u00e7a termopl\u00e1stica com rolamento r\u00edgido de esferas (6002\/6204). \u00c9 fabricado em tubos de a\u00e7o com di\u00e2metros que variam de \u00d840 a \u00d880. S\u00e3o adequados para o transporte de cargas semipesadas<\/p>\n","protected":false},"featured_media":12568,"comment_status":"open","ping_status":"closed","template":"","meta":[],"product_brand":[],"product_cat":[533],"product_tag":[],"class_list":{"0":"post-4082","1":"product","2":"type-product","3":"status-publish","4":"has-post-thumbnail","6":"product_cat-cabezales-plasticos-serie-media-pt","8":"first","9":"instock","10":"shipping-taxable","11":"product-type-simple"},"_links":{"self":[{"href":"https:\/\/eurotransis.com\/pt-pt\/wp-json\/wp\/v2\/product\/4082","targetHints":{"allow":["GET"]}}],"collection":[{"href":"https:\/\/eurotransis.com\/pt-pt\/wp-json\/wp\/v2\/product"}],"about":[{"href":"https:\/\/eurotransis.com\/pt-pt\/wp-json\/wp\/v2\/types\/product"}],"replies":[{"embeddable":true,"href":"https:\/\/eurotransis.com\/pt-pt\/wp-json\/wp\/v2\/comments?post=4082"}],"wp:featuredmedia":[{"embeddable":true,"href":"https:\/\/eurotransis.com\/pt-pt\/wp-json\/wp\/v2\/media\/12568"}],"wp:attachment":[{"href":"https:\/\/eurotransis.com\/pt-pt\/wp-json\/wp\/v2\/media?parent=4082"}],"wp:term":[{"taxonomy":"product_brand","embeddable":true,"href":"https:\/\/eurotransis.com\/pt-pt\/wp-json\/wp\/v2\/product_brand?post=4082"},{"taxonomy":"product_cat","embeddable":true,"href":"https:\/\/eurotransis.com\/pt-pt\/wp-json\/wp\/v2\/product_cat?post=4082"},{"taxonomy":"product_tag","embeddable":true,"href":"https:\/\/eurotransis.com\/pt-pt\/wp-json\/wp\/v2\/product_tag?post=4082"}],"curies":[{"name":"wp","href":"https:\/\/api.w.org\/{rel}","templated":true}]}}