{"id":4089,"date":"2016-04-25T13:02:12","date_gmt":"2016-04-25T13:02:12","guid":{"rendered":"http:\/\/eurotransis.com\/pt-pt\/tienda\/sin%20categorizar\/serie-em-566-2\/"},"modified":"2025-01-20T10:36:22","modified_gmt":"2025-01-20T09:36:22","slug":"serie-em-525-pt","status":"publish","type":"product","link":"https:\/\/eurotransis.com\/pt-pt\/loja\/componentes-para-rolos-pt\/cabecas-de-tracao-pt\/cabecas-de-tracao-metalicas-pt\/transmissao-corrente-pt\/serie-media-corrente-pt\/serie-em-525-pt\/","title":{"rendered":"S\u00e9rie EM-525"},"content":{"rendered":"<table style=\"height: 201px\" width=\"1275\">\n<tbody>\n<tr>\n<td style=\"text-align: center\" colspan=\"2\"><strong>\u00d8 TUBO<\/strong><\/td>\n<\/tr>\n<tr>\n<td style=\"text-align: center\" colspan=\"2\">30&#215;1.5<\/td>\n<\/tr>\n<tr>\n<td>\n<p><img loading=\"lazy\" decoding=\"async\" class=\"wp-image-815 size-full alignleft\" src=\"https:\/\/eurotransis.com\/wp-content\/uploads\/2016\/04\/aplicacion.png\" alt=\"\" width=\"100\" height=\"75\" srcset=\"https:\/\/eurotransis.com\/wp-content\/uploads\/2016\/04\/aplicacion.png 100w, https:\/\/eurotransis.com\/wp-content\/uploads\/2016\/04\/aplicacion-64x48.png 64w\" sizes=\"auto, (max-width: 100px) 100vw, 100px\" \/><b>Manuten\u00e7\u00e3o<\/b><\/p>\n<p><strong>Roda dentada soldado<\/strong><\/td>\n<td>\n<p><img loading=\"lazy\" decoding=\"async\" class=\"wp-image-819 size-full alignleft\" src=\"https:\/\/eurotransis.com\/wp-content\/uploads\/2016\/04\/rodillos-traccionados.png\" alt=\"\" width=\"100\" height=\"72\" srcset=\"https:\/\/eurotransis.com\/wp-content\/uploads\/2016\/04\/rodillos-traccionados.png 100w, https:\/\/eurotransis.com\/wp-content\/uploads\/2016\/04\/rodillos-traccionados-64x46.png 64w\" sizes=\"auto, (max-width: 100px) 100vw, 100px\" \/><strong>Dupla<\/strong><\/p>\n<p><strong>Z12 &#8211; 3\/8<\/strong><\/td>\n<\/tr>\n<tr>\n<td><img loading=\"lazy\" decoding=\"async\" class=\"wp-image-926 size-full alignleft\" src=\"https:\/\/eurotransis.com\/wp-content\/uploads\/2016\/04\/cabezal.png\" alt=\"\" width=\"101\" height=\"72\" \/><strong>A\u00e7o F-114<\/strong><\/td>\n<td><img loading=\"lazy\" decoding=\"async\" class=\"wp-image-1453 size-full alignleft\" src=\"https:\/\/eurotransis.com\/wp-content\/uploads\/2016\/04\/hilera.png\" alt=\"\" width=\"101\" height=\"73\" srcset=\"https:\/\/eurotransis.com\/wp-content\/uploads\/2016\/04\/hilera.png 101w, https:\/\/eurotransis.com\/wp-content\/uploads\/2016\/04\/hilera-64x46.png 64w\" sizes=\"auto, (max-width: 101px) 100vw, 101px\" \/><strong>DIN625 D=22 mm; B=6 mm<\/strong><br \/>\n<strong>DIN625 D=22 mm; B=7 mm<\/strong><\/td>\n<\/tr>\n<\/tbody>\n<\/table>\n<p>&nbsp;<\/p>\n","protected":false},"excerpt":{"rendered":"<p>Roda dentada dupla Z-12 3\/8\u201d em a\u00e7o F-114 para acionamento com corrente DIN-8187. Roda dentada maquinada concebida para ser soldada ao tubo.<\/p>\n<p>Poss\u00edveis ind\u00fastrias de aplica\u00e7\u00e3o: Log\u00edstica, Manufatura, Cart\u00e3o, Agroalimentar<\/p>\n","protected":false},"featured_media":18310,"comment_status":"closed","ping_status":"closed","template":"","meta":[],"product_brand":[],"product_cat":[781],"product_tag":[],"class_list":{"0":"post-4089","1":"product","2":"type-product","3":"status-publish","4":"has-post-thumbnail","6":"product_cat-serie-media-corrente-pt","8":"first","9":"instock","10":"shipping-taxable","11":"product-type-simple"},"_links":{"self":[{"href":"https:\/\/eurotransis.com\/pt-pt\/wp-json\/wp\/v2\/product\/4089","targetHints":{"allow":["GET"]}}],"collection":[{"href":"https:\/\/eurotransis.com\/pt-pt\/wp-json\/wp\/v2\/product"}],"about":[{"href":"https:\/\/eurotransis.com\/pt-pt\/wp-json\/wp\/v2\/types\/product"}],"replies":[{"embeddable":true,"href":"https:\/\/eurotransis.com\/pt-pt\/wp-json\/wp\/v2\/comments?post=4089"}],"wp:featuredmedia":[{"embeddable":true,"href":"https:\/\/eurotransis.com\/pt-pt\/wp-json\/wp\/v2\/media\/18310"}],"wp:attachment":[{"href":"https:\/\/eurotransis.com\/pt-pt\/wp-json\/wp\/v2\/media?parent=4089"}],"wp:term":[{"taxonomy":"product_brand","embeddable":true,"href":"https:\/\/eurotransis.com\/pt-pt\/wp-json\/wp\/v2\/product_brand?post=4089"},{"taxonomy":"product_cat","embeddable":true,"href":"https:\/\/eurotransis.com\/pt-pt\/wp-json\/wp\/v2\/product_cat?post=4089"},{"taxonomy":"product_tag","embeddable":true,"href":"https:\/\/eurotransis.com\/pt-pt\/wp-json\/wp\/v2\/product_tag?post=4089"}],"curies":[{"name":"wp","href":"https:\/\/api.w.org\/{rel}","templated":true}]}}