{"id":4103,"date":"2016-04-25T12:23:41","date_gmt":"2016-04-25T12:23:41","guid":{"rendered":"http:\/\/eurotransis.com\/pt-pt\/tienda\/sin%20categorizar\/serie-em-465-3\/"},"modified":"2025-01-28T14:50:08","modified_gmt":"2025-01-28T13:50:08","slug":"serie-em-465-pt","status":"publish","type":"product","link":"https:\/\/eurotransis.com\/pt-pt\/loja\/componentes-para-rolos-pt\/cabecas-de-tracao-pt\/cabecas-de-tracao-metalicas-pt\/transmissao-corrente-pt\/serie-ligeira-corrente-pt\/serie-em-465-pt\/","title":{"rendered":"S\u00e9rie EM-465"},"content":{"rendered":"<table style=\"height: 201px\" width=\"1275\">\n<tbody>\n<tr>\n<td style=\"text-align: center\" colspan=\"2\"><strong>\u00d8 TUBO\u00a0<\/strong><\/td>\n<td style=\"text-align: center\"><strong>\u00d8 EIXO<\/strong><\/td>\n<td style=\"text-align: center\"><b>CARGA (daN)<\/b><\/td>\n<\/tr>\n<tr>\n<td style=\"text-align: center\" colspan=\"2\">50&#215;1.5<\/td>\n<td style=\"text-align: center\">12-14<\/td>\n<td style=\"text-align: center\">40<\/td>\n<\/tr>\n<tr>\n<td style=\"text-align: center\" colspan=\"2\">50&#215;2.8<\/td>\n<td style=\"text-align: center\">\u00a012-14<\/td>\n<td style=\"text-align: center\">40<\/td>\n<\/tr>\n<tr>\n<td style=\"text-align: center\" colspan=\"2\">\u00a060&#215;1.5<\/td>\n<td style=\"text-align: center\">12-14<\/td>\n<td style=\"text-align: center\">40<\/td>\n<\/tr>\n<tr>\n<td style=\"text-align: center\" colspan=\"2\">\u00a060&#215;2<\/td>\n<td style=\"text-align: center\">12-14<\/td>\n<td style=\"text-align: center\">40<\/td>\n<\/tr>\n<tr>\n<td style=\"text-align: center\" colspan=\"2\">63&#215;3<\/td>\n<td style=\"text-align: center\">12-14<\/td>\n<td style=\"text-align: center\">40<\/td>\n<\/tr>\n<tr>\n<td style=\"text-align: center\" colspan=\"2\">80&#215;2<\/td>\n<td style=\"text-align: center\">12-14<\/td>\n<td style=\"text-align: center\">40<\/td>\n<\/tr>\n<tr>\n<td colspan=\"3\"><img loading=\"lazy\" decoding=\"async\" class=\"wp-image-815 size-full alignleft\" src=\"https:\/\/eurotransis.com\/wp-content\/uploads\/2016\/04\/aplicacion.png\" alt=\"\" width=\"100\" height=\"75\" srcset=\"https:\/\/eurotransis.com\/wp-content\/uploads\/2016\/04\/aplicacion.png 100w, https:\/\/eurotransis.com\/wp-content\/uploads\/2016\/04\/aplicacion-64x48.png 64w\" sizes=\"auto, (max-width: 100px) 100vw, 100px\" \/><strong><strong>Fixo<\/strong><\/strong><\/td>\n<td>\n<p><img loading=\"lazy\" decoding=\"async\" class=\"wp-image-819 size-full alignleft\" src=\"https:\/\/eurotransis.com\/wp-content\/uploads\/2016\/04\/rodillos-traccionados.png\" alt=\"\" width=\"100\" height=\"72\" srcset=\"https:\/\/eurotransis.com\/wp-content\/uploads\/2016\/04\/rodillos-traccionados.png 100w, https:\/\/eurotransis.com\/wp-content\/uploads\/2016\/04\/rodillos-traccionados-64x46.png 64w\" sizes=\"auto, (max-width: 100px) 100vw, 100px\" \/><strong>Dupla<\/strong><\/p>\n<p><strong>Z9 &#8211; 1\/2&#8243;<\/strong><\/td>\n<\/tr>\n<tr>\n<td colspan=\"3\"><img loading=\"lazy\" decoding=\"async\" class=\"wp-image-926 size-full alignleft\" src=\"https:\/\/eurotransis.com\/wp-content\/uploads\/2016\/04\/cabezal.png\" alt=\"\" width=\"101\" height=\"72\" \/><strong>A\u00e7o F-114<\/strong><\/td>\n<td>\u00a0<img loading=\"lazy\" decoding=\"async\" class=\"wp-image-1453 size-full alignleft\" src=\"https:\/\/eurotransis.com\/wp-content\/uploads\/2016\/04\/hilera.png\" alt=\"\" width=\"101\" height=\"73\" srcset=\"https:\/\/eurotransis.com\/wp-content\/uploads\/2016\/04\/hilera.png 101w, https:\/\/eurotransis.com\/wp-content\/uploads\/2016\/04\/hilera-64x46.png 64w\" sizes=\"auto, (max-width: 101px) 100vw, 101px\" \/><strong>DIN625 6202-2RS<\/strong><\/td>\n<\/tr>\n<\/tbody>\n<\/table>\n<p>&nbsp;<\/p>\n","protected":false},"excerpt":{"rendered":"<p>Cabe\u00e7a met\u00e1lica com roda dentada dupla Z-9 1\/2&#8221; em a\u00e7o F-114 para tra\u00e7\u00e3o com corrente DIN-8187.<\/p>\n<p>Poss\u00edveis ind\u00fastrias de aplica\u00e7\u00e3o: Log\u00edstica, Manufatura, Cart\u00e3o, Agroalimentar.<\/p>\n","protected":false},"featured_media":18060,"comment_status":"closed","ping_status":"closed","template":"","meta":[],"product_brand":[],"product_cat":[779],"product_tag":[],"class_list":{"0":"post-4103","1":"product","2":"type-product","3":"status-publish","4":"has-post-thumbnail","6":"product_cat-serie-ligeira-corrente-pt","8":"first","9":"instock","10":"shipping-taxable","11":"product-type-simple"},"_links":{"self":[{"href":"https:\/\/eurotransis.com\/pt-pt\/wp-json\/wp\/v2\/product\/4103","targetHints":{"allow":["GET"]}}],"collection":[{"href":"https:\/\/eurotransis.com\/pt-pt\/wp-json\/wp\/v2\/product"}],"about":[{"href":"https:\/\/eurotransis.com\/pt-pt\/wp-json\/wp\/v2\/types\/product"}],"replies":[{"embeddable":true,"href":"https:\/\/eurotransis.com\/pt-pt\/wp-json\/wp\/v2\/comments?post=4103"}],"wp:featuredmedia":[{"embeddable":true,"href":"https:\/\/eurotransis.com\/pt-pt\/wp-json\/wp\/v2\/media\/18060"}],"wp:attachment":[{"href":"https:\/\/eurotransis.com\/pt-pt\/wp-json\/wp\/v2\/media?parent=4103"}],"wp:term":[{"taxonomy":"product_brand","embeddable":true,"href":"https:\/\/eurotransis.com\/pt-pt\/wp-json\/wp\/v2\/product_brand?post=4103"},{"taxonomy":"product_cat","embeddable":true,"href":"https:\/\/eurotransis.com\/pt-pt\/wp-json\/wp\/v2\/product_cat?post=4103"},{"taxonomy":"product_tag","embeddable":true,"href":"https:\/\/eurotransis.com\/pt-pt\/wp-json\/wp\/v2\/product_tag?post=4103"}],"curies":[{"name":"wp","href":"https:\/\/api.w.org\/{rel}","templated":true}]}}