{"id":4113,"date":"2016-04-25T10:56:48","date_gmt":"2016-04-25T10:56:48","guid":{"rendered":"http:\/\/eurotransis.com\/pt-pt\/tienda\/sin%20categorizar\/serie-roldanas-multidireccional-omni-okar\/"},"modified":"2025-01-24T11:44:57","modified_gmt":"2025-01-24T10:44:57","slug":"roldanas-multidirecionais-pt","status":"publish","type":"product","link":"https:\/\/eurotransis.com\/pt-pt\/loja\/componentes-para-rolos-pt\/acesssrios-pt\/roldanas-pt\/roldanas-multidirecionais-pt\/","title":{"rendered":"Roldanas Multidirecionais"},"content":{"rendered":"<table style=\"height: 201px\" width=\"1275\">\n<tbody>\n<tr>\n<td style=\"text-align: center\" colspan=\"2\"><strong>TIPO<\/strong><\/td>\n<td style=\"text-align: center\" colspan=\"2\"><strong>\u00d8 (mm)<\/strong><\/td>\n<td style=\"text-align: center\"><strong>EIXO (mm)<\/strong><\/td>\n<td style=\"text-align: center\"><b>CARGA (daN)<\/b><\/td>\n<\/tr>\n<tr>\n<td style=\"text-align: center\" colspan=\"2\">SIMPLES OMNI-50 S<\/td>\n<td style=\"text-align: center\" colspan=\"2\">50<\/td>\n<td style=\"text-align: center\">8<\/td>\n<td style=\"text-align: center\">\u00a05<\/td>\n<\/tr>\n<tr>\n<td style=\"text-align: center\" colspan=\"2\">SIMPLES OMNI-60 S<\/td>\n<td style=\"text-align: center\" colspan=\"2\">60<\/td>\n<td style=\"text-align: center\">8<\/td>\n<td style=\"text-align: center\">10<\/td>\n<\/tr>\n<tr>\n<td style=\"text-align: center\" colspan=\"2\">SIMPLES OMNI-80 S<\/td>\n<td style=\"text-align: center\" colspan=\"2\">80<\/td>\n<td style=\"text-align: center\">8<\/td>\n<td style=\"text-align: center\">20<\/td>\n<\/tr>\n<tr>\n<td style=\"text-align: center\" colspan=\"2\">DUPLO OMNI-50 D<\/td>\n<td style=\"text-align: center\" colspan=\"2\">50<\/td>\n<td style=\"text-align: center\">8<\/td>\n<td style=\"text-align: center\">10<\/td>\n<\/tr>\n<tr>\n<td style=\"text-align: center\" colspan=\"2\">DUPLO OMNI-60 D<\/td>\n<td style=\"text-align: center\" colspan=\"2\">60<\/td>\n<td style=\"text-align: center\">8<\/td>\n<td style=\"text-align: center\">20<\/td>\n<\/tr>\n<tr>\n<td style=\"text-align: center\" colspan=\"2\">DUPLO OMNI-80 D<\/td>\n<td style=\"text-align: center\" colspan=\"2\">80<\/td>\n<td style=\"text-align: center\">8<\/td>\n<td style=\"text-align: center\">40<\/td>\n<\/tr>\n<tr>\n<td style=\"text-align: center\" colspan=\"2\">DUPLO OKAR-120 D<\/td>\n<td style=\"text-align: center\" colspan=\"2\">120<\/td>\n<td style=\"text-align: center\">17<\/td>\n<td style=\"text-align: center\">250<\/td>\n<\/tr>\n<tr>\n<td colspan=\"2\">\n<p><img loading=\"lazy\" decoding=\"async\" class=\"wp-image-815 size-full alignleft\" src=\"https:\/\/eurotransis.com\/wp-content\/uploads\/2016\/04\/aplicacion.png\" alt=\"\" width=\"100\" height=\"75\" srcset=\"https:\/\/eurotransis.com\/wp-content\/uploads\/2016\/04\/aplicacion.png 100w, https:\/\/eurotransis.com\/wp-content\/uploads\/2016\/04\/aplicacion-64x48.png 64w\" sizes=\"auto, (max-width: 100px) 100vw, 100px\" \/><strong>CAMINHOS DE ROLDANAS.<\/strong><\/p>\n<p><strong>MESAS DE MANIPULA\u00c7AO.<\/strong><\/td>\n<td colspan=\"4\">\n<p><strong><img loading=\"lazy\" decoding=\"async\" class=\"wp-image-926 size-full alignleft\" src=\"https:\/\/eurotransis.com\/wp-content\/uploads\/2016\/04\/cabezal.png\" alt=\"\" width=\"101\" height=\"72\" \/>\u00d850,\u00d860 E \u00d880: POM (DELRIN).<\/strong><\/p>\n<p><strong>\u00d8120: POM OU A\u00c7O ZINCADO.<br \/>\n<\/strong><\/td>\n<\/tr>\n<\/tbody>\n<\/table>\n<p>&nbsp;<\/p>\n","protected":false},"excerpt":{"rendered":"<p>S\u00e9rie de Roldanas Multidirecionais OMNI OKAR.<\/p>\n<p>O modelo de componentes OKAR da Roltia \u00e9 uma roldana de poliacetal multidirecional, simples ou dupla, dependendo do tipo. Adequado para o mesas de manipula\u00e7ao e caminhos de roldanas.<\/p>\n","protected":false},"featured_media":18799,"comment_status":"closed","ping_status":"closed","template":"","meta":[],"product_brand":[],"product_cat":[820],"product_tag":[],"class_list":{"0":"post-4113","1":"product","2":"type-product","3":"status-publish","4":"has-post-thumbnail","6":"product_cat-roldanas-pt","8":"first","9":"instock","10":"shipping-taxable","11":"product-type-simple"},"_links":{"self":[{"href":"https:\/\/eurotransis.com\/pt-pt\/wp-json\/wp\/v2\/product\/4113","targetHints":{"allow":["GET"]}}],"collection":[{"href":"https:\/\/eurotransis.com\/pt-pt\/wp-json\/wp\/v2\/product"}],"about":[{"href":"https:\/\/eurotransis.com\/pt-pt\/wp-json\/wp\/v2\/types\/product"}],"replies":[{"embeddable":true,"href":"https:\/\/eurotransis.com\/pt-pt\/wp-json\/wp\/v2\/comments?post=4113"}],"wp:featuredmedia":[{"embeddable":true,"href":"https:\/\/eurotransis.com\/pt-pt\/wp-json\/wp\/v2\/media\/18799"}],"wp:attachment":[{"href":"https:\/\/eurotransis.com\/pt-pt\/wp-json\/wp\/v2\/media?parent=4113"}],"wp:term":[{"taxonomy":"product_brand","embeddable":true,"href":"https:\/\/eurotransis.com\/pt-pt\/wp-json\/wp\/v2\/product_brand?post=4113"},{"taxonomy":"product_cat","embeddable":true,"href":"https:\/\/eurotransis.com\/pt-pt\/wp-json\/wp\/v2\/product_cat?post=4113"},{"taxonomy":"product_tag","embeddable":true,"href":"https:\/\/eurotransis.com\/pt-pt\/wp-json\/wp\/v2\/product_tag?post=4113"}],"curies":[{"name":"wp","href":"https:\/\/api.w.org\/{rel}","templated":true}]}}