{"id":4120,"date":"2016-04-25T10:11:10","date_gmt":"2016-04-25T10:11:10","guid":{"rendered":"http:\/\/eurotransis.com\/pt-pt\/tienda\/sin%20categorizar\/minicarril-accesorios\/"},"modified":"2025-07-11T09:19:44","modified_gmt":"2025-07-11T07:19:44","slug":"serie-mc-mini-carril-leve-pt","status":"publish","type":"product","link":"https:\/\/eurotransis.com\/pt-pt\/loja\/componentes-para-rolos-pt\/acesssrios-pt\/minicarril-pt\/serie-mc-mini-carril-leve-pt\/","title":{"rendered":"S\u00e9rie MC Mini-carril Leve"},"content":{"rendered":"<table style=\"width: 100%\" cellspacing=\"0\">\n<colgroup width=\"85\"><\/colgroup>\n<colgroup width=\"122\"><\/colgroup>\n<colgroup width=\"100\"><\/colgroup>\n<colgroup width=\"101\"><\/colgroup>\n<tbody>\n<tr style=\"height: 24px\">\n<td style=\"width: 842px;height: 24px\" colspan=\"4\" align=\"center\" valign=\"middle\" height=\"24\"><b><span style=\"color: #000000\">MC<\/span><\/b><\/td>\n<\/tr>\n<tr style=\"height: 24px\">\n<td style=\"width: 172.25px;height: 24px\" align=\"center\" valign=\"bottom\" height=\"18\"><b><span style=\"color: #000000\">TIPO<\/span><\/b><\/td>\n<td style=\"width: 248.969px;height: 24px\" align=\"center\" valign=\"bottom\"><b><span style=\"color: #000000\">\u00d8 (mm)<\/span><\/b><\/td>\n<td style=\"width: 203.344px;height: 24px\" align=\"center\" valign=\"bottom\"><b><span style=\"color: #000000\">PASSO (mm)<\/span><\/b><\/td>\n<td style=\"width: 205.438px;height: 24px\" align=\"center\" valign=\"bottom\"><b><span style=\"color: #000000\">CARGA (daN)<\/span><\/b><\/td>\n<\/tr>\n<tr style=\"height: 24px\">\n<td style=\"width: 172.25px;height: 24px\" align=\"center\" valign=\"bottom\" height=\"18\"><span style=\"color: #000000\">MC-33<\/span><\/td>\n<td style=\"width: 248.969px;height: 24px\" align=\"center\" valign=\"bottom\"><span style=\"color: #000000\">28<\/span><\/td>\n<td style=\"width: 203.344px;height: 24px\" align=\"center\" valign=\"bottom\"><span style=\"color: #000000\">33<\/span><\/td>\n<td style=\"width: 205.438px;height: 24px\" align=\"center\" valign=\"bottom\"><span style=\"color: #000000\">6<\/span><\/td>\n<\/tr>\n<tr style=\"height: 24px\">\n<td style=\"width: 172.25px;height: 24px\" align=\"center\" valign=\"bottom\" height=\"18\"><span style=\"color: #000000\">MC-50<\/span><\/td>\n<td style=\"width: 248.969px;height: 24px\" align=\"center\" valign=\"bottom\"><span style=\"color: #000000\">28<\/span><\/td>\n<td style=\"width: 203.344px;height: 24px\" align=\"center\" valign=\"bottom\"><span style=\"color: #000000\">49.5<\/span><\/td>\n<td style=\"width: 205.438px;height: 24px\" align=\"center\" valign=\"bottom\"><span style=\"color: #000000\">6<\/span><\/td>\n<\/tr>\n<tr style=\"height: 24px\">\n<td style=\"width: 172.25px;height: 24px\" align=\"center\" valign=\"bottom\" height=\"18\"><span style=\"color: #000000\">MC- 50 ALE<\/span><\/td>\n<td style=\"width: 248.969px;height: 24px\" align=\"center\" valign=\"bottom\"><span style=\"color: #000000\">28 ALHETA 40<\/span><\/td>\n<td style=\"width: 203.344px;height: 24px\" align=\"center\" valign=\"bottom\"><span style=\"color: #000000\">49.5<\/span><\/td>\n<td style=\"width: 205.438px;height: 24px\" align=\"center\" valign=\"bottom\"><span style=\"color: #000000\">6<\/span><\/td>\n<\/tr>\n<tr style=\"height: 10px\">\n<td style=\"width: 425.219px;height: 10px\" colspan=\"2\" align=\"center\" valign=\"top\" height=\"93\"><span style=\"color: #000000\"><img loading=\"lazy\" decoding=\"async\" class=\"size-thumbnail wp-image-18712 alignleft\" src=\"https:\/\/eurotransis.com\/wp-content\/uploads\/2016\/04\/MINI-CARRIL-MC-150x150.png\" alt=\"\" width=\"150\" height=\"150\" srcset=\"https:\/\/eurotransis.com\/wp-content\/uploads\/2016\/04\/MINI-CARRIL-MC-150x150.png 150w, https:\/\/eurotransis.com\/wp-content\/uploads\/2016\/04\/MINI-CARRIL-MC-100x100.png 100w\" sizes=\"auto, (max-width: 150px) 100vw, 150px\" \/>MC<\/span><\/td>\n<td style=\"width: 412.781px;height: 10px\" colspan=\"2\" align=\"center\" valign=\"top\"><span style=\"color: #000000\"> <img loading=\"lazy\" decoding=\"async\" class=\"size-thumbnail wp-image-18716 alignleft\" src=\"https:\/\/eurotransis.com\/wp-content\/uploads\/2016\/04\/MINICARRIL-MC-ALETA-150x150.png\" alt=\"\" width=\"150\" height=\"150\" srcset=\"https:\/\/eurotransis.com\/wp-content\/uploads\/2016\/04\/MINICARRIL-MC-ALETA-150x150.png 150w, https:\/\/eurotransis.com\/wp-content\/uploads\/2016\/04\/MINICARRIL-MC-ALETA-100x100.png 100w\" sizes=\"auto, (max-width: 150px) 100vw, 150px\" \/>MC-ALE<\/span><\/td>\n<\/tr>\n<\/tbody>\n<\/table>\n<p>&nbsp;<\/p>\n<table style=\"width: 100%\">\n<tbody>\n<tr style=\"height: 24px\">\n<td style=\"text-align: center;height: 24px\"><strong>TIPO<\/strong><\/td>\n<td style=\"text-align: center;height: 24px\"><strong>SERIE<\/strong><\/td>\n<\/tr>\n<tr style=\"height: 166px\">\n<td style=\"height: 166px\"><img loading=\"lazy\" decoding=\"async\" class=\"size-thumbnail wp-image-18720 alignleft\" src=\"https:\/\/eurotransis.com\/wp-content\/uploads\/2016\/04\/grapa-150x150.png\" alt=\"\" width=\"150\" height=\"150\" srcset=\"https:\/\/eurotransis.com\/wp-content\/uploads\/2016\/04\/grapa-150x150.png 150w, https:\/\/eurotransis.com\/wp-content\/uploads\/2016\/04\/grapa-100x100.png 100w\" sizes=\"auto, (max-width: 150px) 100vw, 150px\" \/>GRAMPO<\/td>\n<td style=\"height: 166px\">MC-GR<\/td>\n<\/tr>\n<tr style=\"height: 166px\">\n<td style=\"height: 166px\"><img loading=\"lazy\" decoding=\"async\" class=\"size-thumbnail wp-image-18725 alignleft\" src=\"https:\/\/eurotransis.com\/wp-content\/uploads\/2016\/04\/UNION-ESTRUCTURA-150x150.png\" alt=\"\" width=\"150\" height=\"150\" srcset=\"https:\/\/eurotransis.com\/wp-content\/uploads\/2016\/04\/UNION-ESTRUCTURA-150x150.png 150w, https:\/\/eurotransis.com\/wp-content\/uploads\/2016\/04\/UNION-ESTRUCTURA-100x100.png 100w\" sizes=\"auto, (max-width: 150px) 100vw, 150px\" \/>UNI\u00c3O ESTRUTURE<\/td>\n<td style=\"height: 166px\">MC-R4<\/td>\n<\/tr>\n<tr style=\"height: 166px\">\n<td style=\"height: 166px\"><img loading=\"lazy\" decoding=\"async\" class=\"size-thumbnail wp-image-18729 alignleft\" src=\"https:\/\/eurotransis.com\/wp-content\/uploads\/2016\/04\/abrazadera-de-freno-150x150.png\" alt=\"\" width=\"150\" height=\"150\" srcset=\"https:\/\/eurotransis.com\/wp-content\/uploads\/2016\/04\/abrazadera-de-freno-150x150.png 150w, https:\/\/eurotransis.com\/wp-content\/uploads\/2016\/04\/abrazadera-de-freno-100x100.png 100w\" sizes=\"auto, (max-width: 150px) 100vw, 150px\" \/>BRA\u00c7ADEIRA FREIO<\/td>\n<td style=\"height: 166px\">MC-FR<\/td>\n<\/tr>\n<tr style=\"height: 166px\">\n<td style=\"height: 166px\"><img loading=\"lazy\" decoding=\"async\" class=\"size-thumbnail wp-image-18733 alignleft\" src=\"https:\/\/eurotransis.com\/wp-content\/uploads\/2016\/04\/GUIA-CENTRAL-150x150.png\" alt=\"\" width=\"150\" height=\"150\" srcset=\"https:\/\/eurotransis.com\/wp-content\/uploads\/2016\/04\/GUIA-CENTRAL-150x150.png 150w, https:\/\/eurotransis.com\/wp-content\/uploads\/2016\/04\/GUIA-CENTRAL-100x100.png 100w\" sizes=\"auto, (max-width: 150px) 100vw, 150px\" \/>CARRIL GUIA<\/td>\n<td style=\"height: 166px\">MC-GC<\/td>\n<\/tr>\n<tr style=\"height: 166px\">\n<td style=\"height: 166px\"><img loading=\"lazy\" decoding=\"async\" class=\"size-thumbnail wp-image-18737 alignleft\" src=\"https:\/\/eurotransis.com\/wp-content\/uploads\/2016\/04\/SEGURO-ANTIEXPANSION-150x150.png\" alt=\"\" width=\"150\" height=\"150\" srcset=\"https:\/\/eurotransis.com\/wp-content\/uploads\/2016\/04\/SEGURO-ANTIEXPANSION-150x150.png 150w, https:\/\/eurotransis.com\/wp-content\/uploads\/2016\/04\/SEGURO-ANTIEXPANSION-100x100.png 100w\" sizes=\"auto, (max-width: 150px) 100vw, 150px\" \/>BLOQUEIO ANTI-EXPANS\u00c3O<\/td>\n<td style=\"height: 166px\">MC-SR<\/td>\n<\/tr>\n<tr style=\"height: 166px\">\n<td style=\"height: 166px\"><img loading=\"lazy\" decoding=\"async\" class=\"size-thumbnail wp-image-18741 alignleft\" src=\"https:\/\/eurotransis.com\/wp-content\/uploads\/2016\/04\/CONECTOR-CARRILES-150x150.png\" alt=\"\" width=\"150\" height=\"150\" srcset=\"https:\/\/eurotransis.com\/wp-content\/uploads\/2016\/04\/CONECTOR-CARRILES-150x150.png 150w, https:\/\/eurotransis.com\/wp-content\/uploads\/2016\/04\/CONECTOR-CARRILES-100x100.png 100w\" sizes=\"auto, (max-width: 150px) 100vw, 150px\" \/>CONECTOR CARRIS<\/td>\n<td style=\"height: 166px\">MC-CR<\/td>\n<\/tr>\n<tr style=\"height: 166px\">\n<td style=\"height: 166px\"><img loading=\"lazy\" decoding=\"async\" class=\"size-thumbnail wp-image-18745 alignleft\" src=\"https:\/\/eurotransis.com\/wp-content\/uploads\/2016\/04\/GUIA-LATERAL-150x150.png\" alt=\"\" width=\"150\" height=\"150\" srcset=\"https:\/\/eurotransis.com\/wp-content\/uploads\/2016\/04\/GUIA-LATERAL-150x150.png 150w, https:\/\/eurotransis.com\/wp-content\/uploads\/2016\/04\/GUIA-LATERAL-100x100.png 100w\" sizes=\"auto, (max-width: 150px) 100vw, 150px\" \/>GUIAMENTO LATERAL<\/td>\n<td style=\"height: 166px\">MC-GMO<\/td>\n<\/tr>\n<tr style=\"height: 118px\">\n<td style=\"height: 118px\"><img loading=\"lazy\" decoding=\"async\" class=\"alignnone wp-image-19151 \" src=\"https:\/\/eurotransis.com\/wp-content\/uploads\/2016\/04\/TAPA-FINAL-300x121-1.png\" alt=\"\" width=\"192\" height=\"112\" srcset=\"https:\/\/eurotransis.com\/wp-content\/uploads\/2016\/04\/TAPA-FINAL-300x121-1.png 208w, https:\/\/eurotransis.com\/wp-content\/uploads\/2016\/04\/TAPA-FINAL-300x121-1-64x37.png 64w\" sizes=\"auto, (max-width: 192px) 100vw, 192px\" \/>TAMPA FINAL<\/td>\n<td style=\"height: 118px\">MC-PR<\/td>\n<\/tr>\n<\/tbody>\n<\/table>\n<p>&nbsp;<\/p>\n","protected":false},"excerpt":{"rendered":"<div>Os minicarris t\u00eam diversas aplica\u00e7\u00f5es que melhoram a efici\u00eancia e versatilidade do sistema de transporte de produtos pequenos e leves, melhor distribui\u00e7\u00e3o em espa\u00e7os reduzidos, transportadores de acumula\u00e7\u00e3o, sistemas de classifica\u00e7\u00e3o, entre outros.<\/div>\n","protected":false},"featured_media":18715,"comment_status":"closed","ping_status":"closed","template":"","meta":[],"product_brand":[],"product_cat":[817],"product_tag":[],"class_list":{"0":"post-4120","1":"product","2":"type-product","3":"status-publish","4":"has-post-thumbnail","6":"product_cat-minicarril-pt","8":"first","9":"instock","10":"shipping-taxable","11":"product-type-simple"},"_links":{"self":[{"href":"https:\/\/eurotransis.com\/pt-pt\/wp-json\/wp\/v2\/product\/4120","targetHints":{"allow":["GET"]}}],"collection":[{"href":"https:\/\/eurotransis.com\/pt-pt\/wp-json\/wp\/v2\/product"}],"about":[{"href":"https:\/\/eurotransis.com\/pt-pt\/wp-json\/wp\/v2\/types\/product"}],"replies":[{"embeddable":true,"href":"https:\/\/eurotransis.com\/pt-pt\/wp-json\/wp\/v2\/comments?post=4120"}],"wp:featuredmedia":[{"embeddable":true,"href":"https:\/\/eurotransis.com\/pt-pt\/wp-json\/wp\/v2\/media\/18715"}],"wp:attachment":[{"href":"https:\/\/eurotransis.com\/pt-pt\/wp-json\/wp\/v2\/media?parent=4120"}],"wp:term":[{"taxonomy":"product_brand","embeddable":true,"href":"https:\/\/eurotransis.com\/pt-pt\/wp-json\/wp\/v2\/product_brand?post=4120"},{"taxonomy":"product_cat","embeddable":true,"href":"https:\/\/eurotransis.com\/pt-pt\/wp-json\/wp\/v2\/product_cat?post=4120"},{"taxonomy":"product_tag","embeddable":true,"href":"https:\/\/eurotransis.com\/pt-pt\/wp-json\/wp\/v2\/product_tag?post=4120"}],"curies":[{"name":"wp","href":"https:\/\/api.w.org\/{rel}","templated":true}]}}