{"id":4126,"date":"2016-04-25T07:41:39","date_gmt":"2016-04-25T07:41:39","guid":{"rendered":"http:\/\/eurotransis.com\/pt-pt\/tienda\/sin%20categorizar\/bolas-transportadoras-serie-bt\/"},"modified":"2025-01-28T07:22:56","modified_gmt":"2025-01-28T06:22:56","slug":"esferas-transportadoras","status":"publish","type":"product","link":"https:\/\/eurotransis.com\/pt-pt\/loja\/componentes-para-rolos-pt\/acesssrios-pt\/esferas-transportadoras-pt\/esferas-transportadoras\/","title":{"rendered":"S\u00e9rie BT &#8211; Esferas Transportadoras"},"content":{"rendered":"<table style=\"height: 201px\" width=\"1275\">\n<tbody>\n<tr>\n<td style=\"text-align: center;width: 116px\"><b>\u00a0<\/b><\/td>\n<td style=\"text-align: center;width: 285.195px\" colspan=\"2\"><b>TIPO<\/b><\/td>\n<td style=\"text-align: center;width: 446.855px\" colspan=\"2\"><strong>CARACTER\u00cdSTICAS<\/strong><\/td>\n<td style=\"text-align: center;width: 179px\"><strong>\u00d8 ESFERA (mm)<\/strong><\/td>\n<td style=\"text-align: center;width: 227px\"><strong>CARGA (daN)<\/strong><\/td>\n<\/tr>\n<tr>\n<td style=\"text-align: center;width: 116px\"><img loading=\"lazy\" decoding=\"async\" class=\"wp-image-18440 alignleft\" src=\"https:\/\/eurotransis.com\/wp-content\/uploads\/2016\/04\/BT-GS_1-300x272.jpg\" alt=\"\" width=\"83\" height=\"75\" srcset=\"https:\/\/eurotransis.com\/wp-content\/uploads\/2016\/04\/BT-GS_1-300x272.jpg 300w, https:\/\/eurotransis.com\/wp-content\/uploads\/2016\/04\/BT-GS_1-500x453.jpg 500w, https:\/\/eurotransis.com\/wp-content\/uploads\/2016\/04\/BT-GS_1-650x589.jpg 650w, https:\/\/eurotransis.com\/wp-content\/uploads\/2016\/04\/BT-GS_1-64x58.jpg 64w, https:\/\/eurotransis.com\/wp-content\/uploads\/2016\/04\/BT-GS_1-768x695.jpg 768w, https:\/\/eurotransis.com\/wp-content\/uploads\/2016\/04\/BT-GS_1.jpg 783w\" sizes=\"auto, (max-width: 83px) 100vw, 83px\" \/><\/td>\n<td style=\"text-align: center;width: 285.195px\" colspan=\"2\">BT-GS<\/td>\n<td style=\"width: 446.855px;text-align: left\" colspan=\"2\">\n<p><span style=\"font-family: inherit;font-size: inherit\">CORPO A\u00c7O MECANIZADO; ESFERA MET\u00c1LICA OU<\/span><\/p>\n<p><span style=\"font-family: inherit;font-size: inherit\"> TERMOPL\u00c1STICA; PARAFUSO ROSCADO M6, M8 E M10;<\/span><\/p>\n<p><span style=\"font-family: inherit;font-size: inherit\"> COM OU SEM REBORDO.<\/span><\/td>\n<td style=\"text-align: center;width: 179px\">12-15<\/td>\n<td style=\"text-align: center;width: 227px\">AT\u00c9 60<\/td>\n<\/tr>\n<tr>\n<td style=\"width: 116px;text-align: left\"><img loading=\"lazy\" decoding=\"async\" class=\"alignnone wp-image-18480\" src=\"https:\/\/eurotransis.com\/wp-content\/uploads\/2016\/04\/BT-MS-300x272.jpg\" alt=\"\" width=\"77\" height=\"70\" srcset=\"https:\/\/eurotransis.com\/wp-content\/uploads\/2016\/04\/BT-MS-300x272.jpg 300w, https:\/\/eurotransis.com\/wp-content\/uploads\/2016\/04\/BT-MS-500x453.jpg 500w, https:\/\/eurotransis.com\/wp-content\/uploads\/2016\/04\/BT-MS-650x589.jpg 650w, https:\/\/eurotransis.com\/wp-content\/uploads\/2016\/04\/BT-MS-64x58.jpg 64w, https:\/\/eurotransis.com\/wp-content\/uploads\/2016\/04\/BT-MS-768x695.jpg 768w, https:\/\/eurotransis.com\/wp-content\/uploads\/2016\/04\/BT-MS.jpg 783w\" sizes=\"auto, (max-width: 77px) 100vw, 77px\" \/><\/td>\n<td style=\"text-align: center;width: 285.195px\" colspan=\"2\">BT-MS<\/td>\n<td style=\"width: 446.855px;text-align: left\" colspan=\"2\">\n<p>CORPO A\u00c7O GALVANIZADO ESFERA MET\u00c1LICA; COM<\/p>\n<p>REBORDO.<\/td>\n<td style=\"text-align: center;width: 179px\">15-22-30<\/td>\n<td style=\"text-align: center;width: 227px\">AT\u00c9 250<\/td>\n<\/tr>\n<tr>\n<td style=\"width: 116px;text-align: left\"><img loading=\"lazy\" decoding=\"async\" class=\"alignnone wp-image-18460\" src=\"https:\/\/eurotransis.com\/wp-content\/uploads\/2016\/04\/BT-LS-300x262.jpg\" alt=\"\" width=\"80\" height=\"70\" srcset=\"https:\/\/eurotransis.com\/wp-content\/uploads\/2016\/04\/BT-LS-300x262.jpg 300w, https:\/\/eurotransis.com\/wp-content\/uploads\/2016\/04\/BT-LS-500x437.jpg 500w, https:\/\/eurotransis.com\/wp-content\/uploads\/2016\/04\/BT-LS-64x56.jpg 64w, https:\/\/eurotransis.com\/wp-content\/uploads\/2016\/04\/BT-LS.bmp 574w\" sizes=\"auto, (max-width: 80px) 100vw, 80px\" \/><\/td>\n<td style=\"text-align: center;width: 285.195px\" colspan=\"2\">BT-LS<\/td>\n<td style=\"width: 446.855px;text-align: left\" colspan=\"2\">\n<p>CORPO A\u00c7O GALVANIZADO; ESFERA TERMOPL\u00c1STICA;<\/p>\n<p>COM REBORDO.<\/td>\n<td style=\"text-align: center;width: 179px\">15-22-30<\/td>\n<td style=\"text-align: center;width: 227px\">AT\u00c9 15<\/td>\n<\/tr>\n<tr>\n<td style=\"width: 116px;text-align: left\"><img loading=\"lazy\" decoding=\"async\" class=\"\" src=\"https:\/\/eurotransis.com\/wp-content\/uploads\/2016\/04\/BT-RS-150x150.jpg\" width=\"72\" height=\"72\" \/><\/td>\n<td style=\"text-align: center;width: 285.195px\" colspan=\"2\">BT-RS<\/td>\n<td style=\"width: 446.855px;text-align: left\" colspan=\"2\">\n<p><span style=\"font-family: inherit;font-size: inherit\">CORPO A\u00c7O MECANIZADO; ESFERA MET\u00c1LICA; COM<\/span><\/p>\n<p><span style=\"font-family: inherit;font-size: inherit\"> MOLA DE CARGA; COM REBORDO.<\/span><\/td>\n<td style=\"text-align: center;width: 179px\">22-30-45<\/td>\n<td style=\"text-align: center;width: 227px\">AT\u00c9 215<\/td>\n<\/tr>\n<tr>\n<td style=\"text-align: center;width: 116px\"><img loading=\"lazy\" decoding=\"async\" class=\"wp-image-18468 alignleft\" src=\"https:\/\/eurotransis.com\/wp-content\/uploads\/2016\/04\/BT-PS-150x150.jpg\" alt=\"\" width=\"69\" height=\"69\" srcset=\"https:\/\/eurotransis.com\/wp-content\/uploads\/2016\/04\/BT-PS-150x150.jpg 150w, https:\/\/eurotransis.com\/wp-content\/uploads\/2016\/04\/BT-PS-100x100.jpg 100w\" sizes=\"auto, (max-width: 69px) 100vw, 69px\" \/><\/td>\n<td style=\"text-align: center;width: 285.195px\" colspan=\"2\">BT-PS<\/td>\n<td style=\"width: 446.855px;text-align: left\" colspan=\"2\">\n<p><span style=\"font-family: inherit;font-size: inherit\">CORPO TERMOPL\u00c1STICO; ESFERA MET\u00c1LICA OU<\/span><\/p>\n<p><span style=\"font-family: inherit;font-size: inherit\"> TERMOPL\u00c1STICA DE 1\u2033; COM REBORDO.<\/span><\/td>\n<td style=\"text-align: center;width: 179px\">25.4<\/td>\n<td style=\"text-align: center;width: 227px\">AT\u00c9 40<\/td>\n<\/tr>\n<tr>\n<td style=\"text-align: center;width: 116px\"><b><img loading=\"lazy\" decoding=\"async\" class=\"wp-image-18456 alignleft\" src=\"https:\/\/eurotransis.com\/wp-content\/uploads\/2016\/04\/BT-HS-150x150.png\" alt=\"\" width=\"84\" height=\"84\" srcset=\"https:\/\/eurotransis.com\/wp-content\/uploads\/2016\/04\/BT-HS-150x150.png 150w, https:\/\/eurotransis.com\/wp-content\/uploads\/2016\/04\/BT-HS-100x100.png 100w\" sizes=\"auto, (max-width: 84px) 100vw, 84px\" \/><\/b><\/td>\n<td style=\"text-align: center;width: 285.195px\" colspan=\"2\">BT-HS<\/td>\n<td style=\"width: 446.855px;text-align: left\" colspan=\"2\">\n<p><span style=\"font-family: inherit;font-size: inherit\">CORPO A\u00c7O ENDURECIDO; ESFERA MET\u00c1LICA; COM OU<\/span><\/p>\n<p><span style=\"font-family: inherit;font-size: inherit\"> SEM REBORDO; LONGA VIDA \u00daTIL.<\/span><\/td>\n<td style=\"text-align: center;width: 179px\">60-76-90<\/td>\n<td style=\"text-align: center;width: 227px\">AT\u00c9 3.000<\/td>\n<\/tr>\n<tr>\n<td style=\"text-align: center;width: 116px\"><img loading=\"lazy\" decoding=\"async\" class=\"wp-image-18448 alignleft\" src=\"https:\/\/eurotransis.com\/wp-content\/uploads\/2016\/04\/BT-CS-150x150.jpg\" alt=\"\" width=\"62\" height=\"62\" srcset=\"https:\/\/eurotransis.com\/wp-content\/uploads\/2016\/04\/BT-CS-150x150.jpg 150w, https:\/\/eurotransis.com\/wp-content\/uploads\/2016\/04\/BT-CS-100x100.jpg 100w\" sizes=\"auto, (max-width: 62px) 100vw, 62px\" \/><\/td>\n<td style=\"text-align: center;width: 285.195px\" colspan=\"2\">BT-CS<\/td>\n<td style=\"width: 446.855px;text-align: left\" colspan=\"2\">\n<p><span style=\"font-family: inherit;font-size: inherit\">CORPO A\u00c7O ENDURECIDO; ESFERA MET\u00c1LICA; COM<\/span><\/p>\n<p><span style=\"font-family: inherit;font-size: inherit\"> REBORDO; CARGAS PESADAS.<\/span><\/td>\n<td style=\"text-align: center;width: 179px\">22-30-45<\/td>\n<td style=\"text-align: center;width: 227px\">AT\u00c9 300<\/td>\n<\/tr>\n<tr>\n<td style=\"text-align: center;width: 116px\"><img loading=\"lazy\" decoding=\"async\" class=\"wp-image-18452 alignleft\" src=\"https:\/\/eurotransis.com\/wp-content\/uploads\/2016\/04\/BT-DS-150x150.png\" alt=\"\" width=\"90\" height=\"90\" srcset=\"https:\/\/eurotransis.com\/wp-content\/uploads\/2016\/04\/BT-DS-150x150.png 150w, https:\/\/eurotransis.com\/wp-content\/uploads\/2016\/04\/BT-DS-100x100.png 100w\" sizes=\"auto, (max-width: 90px) 100vw, 90px\" \/><\/td>\n<td style=\"text-align: center;width: 285.195px\" colspan=\"2\">BT-DS<\/td>\n<td style=\"width: 446.855px;text-align: left\" colspan=\"2\">\n<p><span style=\"font-family: inherit;font-size: inherit\">CORPO A\u00c7O MECANIZADO; ESFERA TERMOPL\u00c1STICA;<\/span><\/p>\n<p><span style=\"font-family: inherit;font-size: inherit\"> COM OU SEM REBORDO.<\/span><\/td>\n<td style=\"text-align: center;width: 179px\">8-12-15-22-30-45<\/td>\n<td style=\"text-align: center;width: 227px\">AT\u00c9 40<\/td>\n<\/tr>\n<tr>\n<td style=\"text-align: center;width: 116px\"><img loading=\"lazy\" decoding=\"async\" class=\"wp-image-18444 alignleft\" src=\"https:\/\/eurotransis.com\/wp-content\/uploads\/2016\/04\/BT-BS-150x150.png\" alt=\"\" width=\"80\" height=\"80\" srcset=\"https:\/\/eurotransis.com\/wp-content\/uploads\/2016\/04\/BT-BS-150x150.png 150w, https:\/\/eurotransis.com\/wp-content\/uploads\/2016\/04\/BT-BS-100x100.png 100w\" sizes=\"auto, (max-width: 80px) 100vw, 80px\" \/><\/td>\n<td style=\"text-align: center;width: 285.195px\" colspan=\"2\">BT-BS<\/td>\n<td style=\"width: 446.855px;text-align: left\" colspan=\"2\">\n<p>CORPO A\u00c7O MECANIZADO; ESFERA MET\u00c1LICA DE 1\u2033;<\/p>\n<p>COM REBORDO.<\/td>\n<td style=\"text-align: center;width: 179px\">25.4<\/td>\n<td style=\"text-align: center;width: 227px\">AT\u00c9 200<\/td>\n<\/tr>\n<tr>\n<td style=\"text-align: center;width: 116px\"><img loading=\"lazy\" decoding=\"async\" class=\"wp-image-18476 alignleft\" src=\"https:\/\/eurotransis.com\/wp-content\/uploads\/2016\/04\/BT-VS-150x150.png\" alt=\"\" width=\"80\" height=\"80\" srcset=\"https:\/\/eurotransis.com\/wp-content\/uploads\/2016\/04\/BT-VS-150x150.png 150w, https:\/\/eurotransis.com\/wp-content\/uploads\/2016\/04\/BT-VS-100x100.png 100w\" sizes=\"auto, (max-width: 80px) 100vw, 80px\" \/><\/td>\n<td style=\"text-align: center;width: 285.195px\" colspan=\"2\">BT-VS<\/td>\n<td style=\"width: 446.855px;text-align: left\" colspan=\"2\">\n<p>CORPO A\u00c7O MECANIZADO; ESFERA MET\u00c1LICA; COM<\/p>\n<p>OU SEM REBORDO; CARGAS DE CHOQUE.<\/td>\n<td style=\"text-align: center;width: 179px\">8-12-15-22-30-45<\/td>\n<td style=\"text-align: center;width: 227px\">AT\u00c9 600<\/td>\n<\/tr>\n<tr>\n<td style=\"text-align: center;width: 116px\" colspan=\"7\">PARA DIFERENTES DIMENS\u00d5ES DE CADA S\u00c9RIE E OUTRAS ESPECIFICA\u00c7\u00d5ES, CONSULTE A ROLTIA<\/td>\n<\/tr>\n<\/tbody>\n<\/table>\n<p>&nbsp;<\/p>\n","protected":false},"excerpt":{"rendered":"<p>Modelos de esfera transportadoras.<\/p>\n","protected":false},"featured_media":18443,"comment_status":"closed","ping_status":"closed","template":"","meta":[],"product_brand":[],"product_cat":[823,791],"product_tag":[],"class_list":{"0":"post-4126","1":"product","2":"type-product","3":"status-publish","4":"has-post-thumbnail","6":"product_cat-esferas-transportadoras-pt","7":"product_cat-acesssrios-pt","9":"first","10":"instock","11":"shipping-taxable","12":"product-type-simple"},"_links":{"self":[{"href":"https:\/\/eurotransis.com\/pt-pt\/wp-json\/wp\/v2\/product\/4126","targetHints":{"allow":["GET"]}}],"collection":[{"href":"https:\/\/eurotransis.com\/pt-pt\/wp-json\/wp\/v2\/product"}],"about":[{"href":"https:\/\/eurotransis.com\/pt-pt\/wp-json\/wp\/v2\/types\/product"}],"replies":[{"embeddable":true,"href":"https:\/\/eurotransis.com\/pt-pt\/wp-json\/wp\/v2\/comments?post=4126"}],"wp:featuredmedia":[{"embeddable":true,"href":"https:\/\/eurotransis.com\/pt-pt\/wp-json\/wp\/v2\/media\/18443"}],"wp:attachment":[{"href":"https:\/\/eurotransis.com\/pt-pt\/wp-json\/wp\/v2\/media?parent=4126"}],"wp:term":[{"taxonomy":"product_brand","embeddable":true,"href":"https:\/\/eurotransis.com\/pt-pt\/wp-json\/wp\/v2\/product_brand?post=4126"},{"taxonomy":"product_cat","embeddable":true,"href":"https:\/\/eurotransis.com\/pt-pt\/wp-json\/wp\/v2\/product_cat?post=4126"},{"taxonomy":"product_tag","embeddable":true,"href":"https:\/\/eurotransis.com\/pt-pt\/wp-json\/wp\/v2\/product_tag?post=4126"}],"curies":[{"name":"wp","href":"https:\/\/api.w.org\/{rel}","templated":true}]}}