{"id":4134,"date":"2016-04-22T12:30:01","date_gmt":"2016-04-22T12:30:01","guid":{"rendered":"http:\/\/eurotransis.com\/pt-pt\/tienda\/sin%20categorizar\/serie-ems-3\/"},"modified":"2025-02-14T12:06:12","modified_gmt":"2025-02-14T11:06:12","slug":"serie-ems-pt","status":"publish","type":"product","link":"https:\/\/eurotransis.com\/pt-pt\/loja\/componentes-para-rolos-pt\/cabecas-livres-pt\/cabecas-metalicas-pt-pt-pt\/metalicas-serie-media-pt\/serie-ems-pt\/","title":{"rendered":"S\u00e9rie EMS"},"content":{"rendered":"<table style=\"height: 201px\" width=\"1275\">\n<tbody>\n<tr>\n<td style=\"text-align: center;width: 384.453px\" colspan=\"2\"><strong>\u00d8 TUBO \u00a0<\/strong><\/td>\n<td style=\"text-align: center;width: 262.953px\" colspan=\"2\"><strong>\u00d8 EIXO<\/strong><\/td>\n<td style=\"text-align: center;width: 10px\" colspan=\"4\"><strong>ESPESSURA (mm)<\/strong><\/td>\n<\/tr>\n<tr>\n<td style=\"text-align: center;width: 384.453px\" colspan=\"2\">60&#215;2<\/td>\n<td style=\"text-align: center;width: 262.953px\" colspan=\"2\">\u00a020<\/td>\n<td style=\"text-align: center;width: 10px\" colspan=\"4\">1.5<\/td>\n<\/tr>\n<tr>\n<td style=\"text-align: center;width: 384.453px\" colspan=\"2\">76&#215;2<\/td>\n<td style=\"text-align: center;width: 262.953px\" colspan=\"2\">20<\/td>\n<td style=\"text-align: center;width: 10px\" colspan=\"4\">1.5<\/td>\n<\/tr>\n<tr>\n<td style=\"width: 647.406px\" colspan=\"4\"><img loading=\"lazy\" decoding=\"async\" class=\"wp-image-1206 size-full alignleft\" src=\"https:\/\/eurotransis.com\/wp-content\/uploads\/2016\/04\/mineria-r.png\" alt=\"\" width=\"101\" height=\"74\" \/><strong>Actividade mineira semi-pesada<\/strong><\/td>\n<td style=\"width: 10px\" colspan=\"4\"><img loading=\"lazy\" decoding=\"async\" class=\"size-full wp-image-926 alignleft\" src=\"https:\/\/eurotransis.com\/wp-content\/uploads\/2016\/04\/cabezal.png\" alt=\"cabezal\" width=\"101\" height=\"72\" \/><strong>DIN625 6204-2RS1<\/strong><\/td>\n<\/tr>\n<tr>\n<td colspan=\"8\"><strong>NOTA: \u00d876X2 APENAS CABE\u00c7A EMBUTIDA<\/strong><\/td>\n<\/tr>\n<tr>\n<td style=\"width: 647.406px\" colspan=\"8\">\n<p><strong><img loading=\"lazy\" decoding=\"async\" class=\"alignleft\" src=\"https:\/\/eurotransis.com\/wp-content\/uploads\/2016\/04\/CL-150x150.png\" width=\"80\" height=\"80\" \/><\/strong><strong>COMPONENTES RELACIONADOS: <\/strong><\/p>\n<p><strong>CL-FECHO DE LABIRINTO<\/strong><\/td>\n<\/tr>\n<\/tbody>\n<\/table>\n<p>&nbsp;<\/p>\n","protected":false},"excerpt":{"rendered":"<p>Cabe\u00e7a met\u00e1lica para soldadura em tubo e montagem de rolamento r\u00edgido de esferas (6202 \/ 6303 \/ 6204). A cuba tem profundidade para montar um rolamento e um vedante de labirinto CL. Estes tr\u00eas componentes s\u00e3o servidos separadamente.<\/p>\n<p>S\u00e3o adequados para o transporte de cargas semipesadas.<\/p>\n<p>Fabrico, Distribui\u00e7\u00e3o, Minera\u00e7\u00e3o, Paletiza\u00e7\u00e3o, Encaixotamento, Ensacamento.<\/p>\n","protected":false},"featured_media":17920,"comment_status":"closed","ping_status":"closed","template":"","meta":[],"product_brand":[],"product_cat":[766],"product_tag":[],"class_list":{"0":"post-4134","1":"product","2":"type-product","3":"status-publish","4":"has-post-thumbnail","6":"product_cat-metalicas-serie-media-pt","8":"first","9":"instock","10":"shipping-taxable","11":"product-type-simple"},"_links":{"self":[{"href":"https:\/\/eurotransis.com\/pt-pt\/wp-json\/wp\/v2\/product\/4134","targetHints":{"allow":["GET"]}}],"collection":[{"href":"https:\/\/eurotransis.com\/pt-pt\/wp-json\/wp\/v2\/product"}],"about":[{"href":"https:\/\/eurotransis.com\/pt-pt\/wp-json\/wp\/v2\/types\/product"}],"replies":[{"embeddable":true,"href":"https:\/\/eurotransis.com\/pt-pt\/wp-json\/wp\/v2\/comments?post=4134"}],"wp:featuredmedia":[{"embeddable":true,"href":"https:\/\/eurotransis.com\/pt-pt\/wp-json\/wp\/v2\/media\/17920"}],"wp:attachment":[{"href":"https:\/\/eurotransis.com\/pt-pt\/wp-json\/wp\/v2\/media?parent=4134"}],"wp:term":[{"taxonomy":"product_brand","embeddable":true,"href":"https:\/\/eurotransis.com\/pt-pt\/wp-json\/wp\/v2\/product_brand?post=4134"},{"taxonomy":"product_cat","embeddable":true,"href":"https:\/\/eurotransis.com\/pt-pt\/wp-json\/wp\/v2\/product_cat?post=4134"},{"taxonomy":"product_tag","embeddable":true,"href":"https:\/\/eurotransis.com\/pt-pt\/wp-json\/wp\/v2\/product_tag?post=4134"}],"curies":[{"name":"wp","href":"https:\/\/api.w.org\/{rel}","templated":true}]}}