{"id":4136,"date":"2016-04-22T12:22:47","date_gmt":"2016-04-22T12:22:47","guid":{"rendered":"http:\/\/eurotransis.com\/pt-pt\/tienda\/sin%20categorizar\/serie-emp-k1-3\/"},"modified":"2025-02-14T12:32:58","modified_gmt":"2025-02-14T11:32:58","slug":"serie-emp-k1-pt","status":"publish","type":"product","link":"https:\/\/eurotransis.com\/pt-pt\/loja\/componentes-para-rolos-pt\/cabecas-livres-pt\/cabecas-metalicas-pt-pt-pt\/metalica-serie-pesada-pt\/serie-emp-k1-pt\/","title":{"rendered":"S\u00e9rie EMP-K1"},"content":{"rendered":"<table style=\"height: 201px\" width=\"1275\">\n<tbody>\n<tr>\n<td style=\"text-align: center\" colspan=\"2\"><strong>\u00d8 TUBO<\/strong><\/td>\n<td style=\"text-align: center\" colspan=\"2\"><strong>\u00d8 EIXO<\/strong><\/td>\n<td style=\"text-align: center\" colspan=\"4\"><strong>ESPESSURA (mm)<\/strong><\/td>\n<\/tr>\n<tr>\n<td style=\"text-align: center\" colspan=\"2\">60&#215;3<\/td>\n<td style=\"text-align: center\" colspan=\"2\">\u00a020<\/td>\n<td style=\"text-align: center\" colspan=\"4\">2<\/td>\n<\/tr>\n<tr>\n<td style=\"text-align: center\" colspan=\"2\">70&#215;3<\/td>\n<td style=\"text-align: center\" colspan=\"2\">20<\/td>\n<td style=\"text-align: center\" colspan=\"4\">2<\/td>\n<\/tr>\n<tr>\n<td style=\"text-align: center\" colspan=\"2\">76&#215;2<\/td>\n<td style=\"text-align: center\" colspan=\"2\">20<\/td>\n<td style=\"text-align: center\" colspan=\"4\">2<\/td>\n<\/tr>\n<tr>\n<td style=\"text-align: center\" colspan=\"2\">76&#215;3<\/td>\n<td style=\"text-align: center\" colspan=\"2\">20<\/td>\n<td style=\"text-align: center\" colspan=\"4\">2<\/td>\n<\/tr>\n<tr>\n<td style=\"text-align: center\" colspan=\"2\"><\/td>\n<td style=\"text-align: center\" colspan=\"2\"><\/td>\n<td style=\"text-align: center\" colspan=\"4\"><\/td>\n<\/tr>\n<tr>\n<td colspan=\"4\"><img loading=\"lazy\" decoding=\"async\" class=\"wp-image-1206 size-full alignleft\" src=\"https:\/\/eurotransis.com\/wp-content\/uploads\/2016\/04\/mineria-r.png\" alt=\"\" width=\"101\" height=\"74\" \/><strong>ACTIVIDADE MINEIRA PESADA<\/strong><\/td>\n<td colspan=\"4\"><img loading=\"lazy\" decoding=\"async\" class=\"size-full wp-image-926 alignleft\" src=\"https:\/\/eurotransis.com\/wp-content\/uploads\/2016\/04\/cabezal.png\" alt=\"cabezal\" width=\"101\" height=\"72\" \/><strong>DIN625 6204-2RS1<\/strong><\/td>\n<\/tr>\n<tr>\n<td colspan=\"8\">\n<p><strong><img loading=\"lazy\" decoding=\"async\" class=\"alignleft\" src=\"https:\/\/eurotransis.com\/wp-content\/uploads\/2016\/04\/CL-150x150.png\" width=\"80\" height=\"80\" \/><\/strong><\/p>\n<p><strong>COMPONENTES RELACIONADOS:<\/strong><\/p>\n<p><strong>CL-FECHO DE LABIRINTO<\/strong><\/td>\n<\/tr>\n<\/tbody>\n<\/table>\n<p><\/p>\n","protected":false},"excerpt":{"rendered":"<p>Cabe\u00e7a met\u00e1lica para soldadura em tubo e montagem de rolamento r\u00edgido de esferas (6202 \/ 6303 \/ 6204). A Cabe\u00e7a tem profundidade para montar um rolamento e um fecho de labirinto CL. Estes tr\u00eas componentes s\u00e3o servidos separadamente.<\/p>\n<p>S\u00e3o adequados para transportar cargas pesadas.<\/p>\n<p>Poss\u00edveis ind\u00fastrias de aplica\u00e7\u00e3o: Manufatura, Distribui\u00e7\u00e3o, Cart\u00e3o, Agricultura, Activaidade Mineira Paletiza\u00e7\u00e3o, Encaixotamento, Ensacamento.<\/p>\n","protected":false},"featured_media":18015,"comment_status":"closed","ping_status":"closed","template":"","meta":[],"product_brand":[],"product_cat":[769],"product_tag":[],"class_list":{"0":"post-4136","1":"product","2":"type-product","3":"status-publish","4":"has-post-thumbnail","6":"product_cat-metalica-serie-pesada-pt","8":"first","9":"instock","10":"shipping-taxable","11":"product-type-simple"},"_links":{"self":[{"href":"https:\/\/eurotransis.com\/pt-pt\/wp-json\/wp\/v2\/product\/4136","targetHints":{"allow":["GET"]}}],"collection":[{"href":"https:\/\/eurotransis.com\/pt-pt\/wp-json\/wp\/v2\/product"}],"about":[{"href":"https:\/\/eurotransis.com\/pt-pt\/wp-json\/wp\/v2\/types\/product"}],"replies":[{"embeddable":true,"href":"https:\/\/eurotransis.com\/pt-pt\/wp-json\/wp\/v2\/comments?post=4136"}],"wp:featuredmedia":[{"embeddable":true,"href":"https:\/\/eurotransis.com\/pt-pt\/wp-json\/wp\/v2\/media\/18015"}],"wp:attachment":[{"href":"https:\/\/eurotransis.com\/pt-pt\/wp-json\/wp\/v2\/media?parent=4136"}],"wp:term":[{"taxonomy":"product_brand","embeddable":true,"href":"https:\/\/eurotransis.com\/pt-pt\/wp-json\/wp\/v2\/product_brand?post=4136"},{"taxonomy":"product_cat","embeddable":true,"href":"https:\/\/eurotransis.com\/pt-pt\/wp-json\/wp\/v2\/product_cat?post=4136"},{"taxonomy":"product_tag","embeddable":true,"href":"https:\/\/eurotransis.com\/pt-pt\/wp-json\/wp\/v2\/product_tag?post=4136"}],"curies":[{"name":"wp","href":"https:\/\/api.w.org\/{rel}","templated":true}]}}