{"id":4138,"date":"2016-04-22T12:16:34","date_gmt":"2016-04-22T12:16:34","guid":{"rendered":"http:\/\/eurotransis.com\/pt-pt\/tienda\/sin%20categorizar\/serie-cl-cierre-laberinto\/"},"modified":"2025-01-30T09:39:49","modified_gmt":"2025-01-30T08:39:49","slug":"fecho-labirintico-pt","status":"publish","type":"product","link":"https:\/\/eurotransis.com\/pt-pt\/loja\/componentes-para-rolos-pt\/acesssrios-pt\/fecho-laberintico-pt\/fecho-labirintico-pt\/","title":{"rendered":"S\u00e9rie CL- Fecho labir\u00edntico"},"content":{"rendered":"<table style=\"height: 201px\" width=\"1275\">\n<tbody>\n<tr>\n<td style=\"text-align: center\" colspan=\"2\"><strong>\u00a0ROLAMENTO<\/strong><\/td>\n<td style=\"text-align: center\" colspan=\"2\"><strong>\u00d8 EXTERNO (mm)<\/strong><\/td>\n<td style=\"text-align: center\" colspan=\"2\"><strong>\u00d8 EIXO (mm)<\/strong><\/td>\n<td style=\"text-align: center\" colspan=\"2\"><strong>\u00d8 ANCHO (mm)\u00a0<\/strong><\/td>\n<\/tr>\n<tr>\n<td style=\"text-align: center\" colspan=\"2\">6303<\/td>\n<td style=\"text-align: center\" colspan=\"2\">47<\/td>\n<td style=\"text-align: center\" colspan=\"2\">\u00a017<\/td>\n<td style=\"text-align: center\" colspan=\"2\">22.5<\/td>\n<\/tr>\n<tr>\n<td style=\"text-align: center\" colspan=\"2\">6204<\/td>\n<td style=\"text-align: center\" colspan=\"2\">47<\/td>\n<td style=\"text-align: center\" colspan=\"2\">20<\/td>\n<td style=\"text-align: center\" colspan=\"2\">22.5<\/td>\n<\/tr>\n<tr>\n<td style=\"text-align: center\" colspan=\"2\">6305<\/td>\n<td style=\"text-align: center\" colspan=\"2\">62<\/td>\n<td style=\"text-align: center\" colspan=\"2\">25<\/td>\n<td style=\"text-align: center\" colspan=\"2\">23.5<\/td>\n<\/tr>\n<tr>\n<td style=\"text-align: center\" colspan=\"2\">6206<\/td>\n<td style=\"text-align: center\" colspan=\"2\">62<\/td>\n<td style=\"text-align: center\" colspan=\"2\">30<\/td>\n<td style=\"text-align: center\" colspan=\"2\">23.5<\/td>\n<\/tr>\n<tr>\n<td style=\"text-align: center\" colspan=\"2\">6306<\/td>\n<td style=\"text-align: center\" colspan=\"2\">72<\/td>\n<td style=\"text-align: center\" colspan=\"2\">30<\/td>\n<td style=\"text-align: center\" colspan=\"2\">24.5<\/td>\n<\/tr>\n<tr>\n<td style=\"text-align: center\" colspan=\"2\">6308<\/td>\n<td style=\"text-align: center\" colspan=\"2\">90<\/td>\n<td style=\"text-align: center\" colspan=\"2\">40<\/td>\n<td style=\"text-align: center\" colspan=\"2\">23.1<\/td>\n<\/tr>\n<tr>\n<td colspan=\"4\">\n<p><strong><strong><img loading=\"lazy\" decoding=\"async\" class=\"wp-image-815 size-full alignleft\" src=\"https:\/\/eurotransis.com\/wp-content\/uploads\/2016\/04\/aplicacion.png\" alt=\"\" width=\"100\" height=\"75\" srcset=\"https:\/\/eurotransis.com\/wp-content\/uploads\/2016\/04\/aplicacion.png 100w, https:\/\/eurotransis.com\/wp-content\/uploads\/2016\/04\/aplicacion-64x48.png 64w\" sizes=\"auto, (max-width: 100px) 100vw, 100px\" \/>Para cabe\u00e7as met\u00e1licas soldadas<\/strong><\/strong><\/p>\n<p><strong><strong>Minera\u00e7\u00e3o pesada e semipesada<\/strong><\/strong><\/p>\n<p><strong><strong>Paletiza\u00e7\u00e3o<br \/>\n<\/strong><\/strong><\/td>\n<td colspan=\"4\">\n<p><strong><strong><img loading=\"lazy\" decoding=\"async\" class=\"size-full wp-image-926 alignleft\" src=\"https:\/\/eurotransis.com\/wp-content\/uploads\/2016\/04\/cabezal.png\" alt=\"cabezal\" width=\"101\" height=\"72\" \/><\/strong>Casquilho: polipropileno<\/strong><\/p>\n<p><strong>Cobertura: a\u00e7o zincado AP-02<\/strong><\/p>\n<p><strong>Labirinto: polipropileno<br \/>\n<\/strong><\/td>\n<\/tr>\n<\/tbody>\n<\/table>\n<p>&nbsp;<\/p>\n","protected":false},"excerpt":{"rendered":"<p>Componentes de cierre laber\u00edntico CL. El modelo de componente CL de Roltia es un cierre de doble laberinto de obturaci\u00f3n contra polvo y agua para rodillos de miner\u00eda pesada y semipesada. Casquillo y laberinto en polipropileno y tapa cincada.<\/p>\n","protected":false},"featured_media":18487,"comment_status":"closed","ping_status":"closed","template":"","meta":[],"product_brand":[],"product_cat":[799],"product_tag":[],"class_list":{"0":"post-4138","1":"product","2":"type-product","3":"status-publish","4":"has-post-thumbnail","6":"product_cat-fecho-laberintico-pt","8":"first","9":"instock","10":"shipping-taxable","11":"product-type-simple"},"_links":{"self":[{"href":"https:\/\/eurotransis.com\/pt-pt\/wp-json\/wp\/v2\/product\/4138","targetHints":{"allow":["GET"]}}],"collection":[{"href":"https:\/\/eurotransis.com\/pt-pt\/wp-json\/wp\/v2\/product"}],"about":[{"href":"https:\/\/eurotransis.com\/pt-pt\/wp-json\/wp\/v2\/types\/product"}],"replies":[{"embeddable":true,"href":"https:\/\/eurotransis.com\/pt-pt\/wp-json\/wp\/v2\/comments?post=4138"}],"wp:featuredmedia":[{"embeddable":true,"href":"https:\/\/eurotransis.com\/pt-pt\/wp-json\/wp\/v2\/media\/18487"}],"wp:attachment":[{"href":"https:\/\/eurotransis.com\/pt-pt\/wp-json\/wp\/v2\/media?parent=4138"}],"wp:term":[{"taxonomy":"product_brand","embeddable":true,"href":"https:\/\/eurotransis.com\/pt-pt\/wp-json\/wp\/v2\/product_brand?post=4138"},{"taxonomy":"product_cat","embeddable":true,"href":"https:\/\/eurotransis.com\/pt-pt\/wp-json\/wp\/v2\/product_cat?post=4138"},{"taxonomy":"product_tag","embeddable":true,"href":"https:\/\/eurotransis.com\/pt-pt\/wp-json\/wp\/v2\/product_tag?post=4138"}],"curies":[{"name":"wp","href":"https:\/\/api.w.org\/{rel}","templated":true}]}}