{"id":4147,"date":"2016-04-22T11:55:24","date_gmt":"2016-04-22T11:55:24","guid":{"rendered":"http:\/\/eurotransis.com\/pt-pt\/tienda\/sin%20categorizar\/serie-em-440-2\/"},"modified":"2025-01-20T12:47:04","modified_gmt":"2025-01-20T11:47:04","slug":"serie-em-440-pt","status":"publish","type":"product","link":"https:\/\/eurotransis.com\/pt-pt\/loja\/componentes-para-rolos-pt\/cabecas-de-tracao-pt\/cabecas-de-plastico-tracao-pt\/transmissao-por-corrente-plastico-pt\/serie-em-440-pt\/","title":{"rendered":"S\u00e9rie EM-440"},"content":{"rendered":"<table style=\"height: 201px\" width=\"1275\">\n<tbody>\n<tr>\n<td style=\"text-align: center\" colspan=\"2\"><strong>\u00a0\u00d8 TUBO\u00a0<\/strong><\/td>\n<td style=\"text-align: center\" colspan=\"2\"><strong>\u00a0\u00d8 EIXO<\/strong><\/td>\n<td style=\"text-align: center\" colspan=\"4\"><strong>CARGA (daN)<\/strong><\/td>\n<\/tr>\n<tr>\n<td colspan=\"2\">50&#215;1.5<\/td>\n<td colspan=\"2\">12-14<\/td>\n<td colspan=\"4\">10<\/td>\n<\/tr>\n<tr>\n<td colspan=\"2\">50&#215;2.8<\/td>\n<td colspan=\"2\">12-14<\/td>\n<td colspan=\"4\">10<\/td>\n<\/tr>\n<tr>\n<td colspan=\"2\">60&#215;1.5<\/td>\n<td colspan=\"2\">12-14<\/td>\n<td colspan=\"4\">10<\/td>\n<\/tr>\n<tr>\n<td colspan=\"2\">60&#215;2<\/td>\n<td colspan=\"2\">12-14<\/td>\n<td colspan=\"4\">10<\/td>\n<\/tr>\n<tr>\n<td colspan=\"2\">63&#215;3<\/td>\n<td colspan=\"2\">12-14<\/td>\n<td colspan=\"4\">10<\/td>\n<\/tr>\n<tr>\n<td colspan=\"2\">80&#215;2<\/td>\n<td colspan=\"2\">12-14<\/td>\n<td colspan=\"4\">10<\/td>\n<\/tr>\n<tr>\n<td colspan=\"4\"><strong><strong><img loading=\"lazy\" decoding=\"async\" class=\"wp-image-815 size-full alignleft\" src=\"https:\/\/eurotransis.com\/wp-content\/uploads\/2016\/04\/aplicacion.png\" alt=\"\" width=\"100\" height=\"75\" srcset=\"https:\/\/eurotransis.com\/wp-content\/uploads\/2016\/04\/aplicacion.png 100w, https:\/\/eurotransis.com\/wp-content\/uploads\/2016\/04\/aplicacion-64x48.png 64w\" sizes=\"auto, (max-width: 100px) 100vw, 100px\" \/>Acumula\u00e7\u00e3o<br \/>\n<\/strong><\/strong><\/td>\n<td colspan=\"4\"><strong><strong><strong><img loading=\"lazy\" decoding=\"async\" class=\"wp-image-819 size-full alignleft\" src=\"https:\/\/eurotransis.com\/wp-content\/uploads\/2016\/04\/rodillos-traccionados.png\" alt=\"\" width=\"100\" height=\"72\" srcset=\"https:\/\/eurotransis.com\/wp-content\/uploads\/2016\/04\/rodillos-traccionados.png 100w, https:\/\/eurotransis.com\/wp-content\/uploads\/2016\/04\/rodillos-traccionados-64x46.png 64w\" sizes=\"auto, (max-width: 100px) 100vw, 100px\" \/><\/strong>Simples<br \/>\n<\/strong><\/strong><strong>Z9 &#8211; 1\/2&#8243;<br \/>\n<\/strong><\/td>\n<\/tr>\n<tr>\n<td colspan=\"4\"><strong><img loading=\"lazy\" decoding=\"async\" class=\"size-full wp-image-926 alignleft\" src=\"https:\/\/eurotransis.com\/wp-content\/uploads\/2016\/04\/cabezal.png\" alt=\"cabezal\" width=\"101\" height=\"72\" \/>Poliamida\u00a06<br \/>\n<\/strong><\/td>\n<td colspan=\"4\">\u00a0<strong><strong><img loading=\"lazy\" decoding=\"async\" class=\"wp-image-1453 size-full alignleft\" src=\"https:\/\/eurotransis.com\/wp-content\/uploads\/2016\/04\/hilera.png\" alt=\"\" width=\"101\" height=\"73\" srcset=\"https:\/\/eurotransis.com\/wp-content\/uploads\/2016\/04\/hilera.png 101w, https:\/\/eurotransis.com\/wp-content\/uploads\/2016\/04\/hilera-64x46.png 64w\" sizes=\"auto, (max-width: 101px) 100vw, 101px\" \/><\/strong>DIN625 6202-2RS<br \/>\n<\/strong><\/td>\n<\/tr>\n<\/tbody>\n<\/table>\n<p>&nbsp;<\/p>\n","protected":false},"excerpt":{"rendered":"<p>Cabe\u00e7a termopl\u00e1stica em poliamida com roda dentada simples Z-9 1\/2\u201d para tra\u00e7\u00e3o por acumula\u00e7\u00e3o com corrente DIN-8187.<\/p>\n<p>Poss\u00edveis ind\u00fastrias de aplica\u00e7\u00e3o: Log\u00edstica, Manufatura, Cart\u00e3o, Agroalimentar.<\/p>\n","protected":false},"featured_media":18361,"comment_status":"closed","ping_status":"closed","template":"","meta":[],"product_brand":[],"product_cat":[786],"product_tag":[],"class_list":{"0":"post-4147","1":"product","2":"type-product","3":"status-publish","4":"has-post-thumbnail","6":"product_cat-transmissao-por-corrente-plastico-pt","8":"first","9":"instock","10":"shipping-taxable","11":"product-type-simple"},"_links":{"self":[{"href":"https:\/\/eurotransis.com\/pt-pt\/wp-json\/wp\/v2\/product\/4147","targetHints":{"allow":["GET"]}}],"collection":[{"href":"https:\/\/eurotransis.com\/pt-pt\/wp-json\/wp\/v2\/product"}],"about":[{"href":"https:\/\/eurotransis.com\/pt-pt\/wp-json\/wp\/v2\/types\/product"}],"replies":[{"embeddable":true,"href":"https:\/\/eurotransis.com\/pt-pt\/wp-json\/wp\/v2\/comments?post=4147"}],"wp:featuredmedia":[{"embeddable":true,"href":"https:\/\/eurotransis.com\/pt-pt\/wp-json\/wp\/v2\/media\/18361"}],"wp:attachment":[{"href":"https:\/\/eurotransis.com\/pt-pt\/wp-json\/wp\/v2\/media?parent=4147"}],"wp:term":[{"taxonomy":"product_brand","embeddable":true,"href":"https:\/\/eurotransis.com\/pt-pt\/wp-json\/wp\/v2\/product_brand?post=4147"},{"taxonomy":"product_cat","embeddable":true,"href":"https:\/\/eurotransis.com\/pt-pt\/wp-json\/wp\/v2\/product_cat?post=4147"},{"taxonomy":"product_tag","embeddable":true,"href":"https:\/\/eurotransis.com\/pt-pt\/wp-json\/wp\/v2\/product_tag?post=4147"}],"curies":[{"name":"wp","href":"https:\/\/api.w.org\/{rel}","templated":true}]}}