{"id":4156,"date":"2016-04-22T11:26:40","date_gmt":"2016-04-22T11:26:40","guid":{"rendered":"http:\/\/eurotransis.com\/pt-pt\/tienda\/sin%20categorizar\/serie-em-260-k2-3\/"},"modified":"2025-01-28T08:29:23","modified_gmt":"2025-01-28T07:29:23","slug":"serie-em-260-k2-pt","status":"publish","type":"product","link":"https:\/\/eurotransis.com\/pt-pt\/loja\/componentes-para-rolos-pt\/cabecas-livres-pt\/cabecas-metalicas-pt-pt-pt\/metalica-serie-pesada-pt\/serie-em-260-k2-pt\/","title":{"rendered":"S\u00e9rie EM-260-K2"},"content":{"rendered":"<table style=\"height: 201px\" width=\"1275\">\n<tbody>\n<tr>\n<td style=\"text-align: center\" colspan=\"2\"><strong>\u00d8 TUBO<\/strong><\/td>\n<td style=\"text-align: center\" colspan=\"2\"><strong>\u00d8 EIXO<\/strong><\/td>\n<td style=\"text-align: center\" colspan=\"4\"><strong>CARGA (daN)<\/strong><\/td>\n<\/tr>\n<tr>\n<td colspan=\"2\">63.5&#215;2.9<\/td>\n<td colspan=\"2\">20<\/td>\n<td colspan=\"4\">200<\/td>\n<\/tr>\n<tr>\n<td colspan=\"2\">80&#215;2<\/td>\n<td colspan=\"2\">16-17-20-SW14<\/td>\n<td colspan=\"4\">250<\/td>\n<\/tr>\n<tr>\n<td colspan=\"2\">80&#215;3<\/td>\n<td colspan=\"2\">16-17-20-SW14<\/td>\n<td colspan=\"4\">250<\/td>\n<\/tr>\n<tr>\n<td colspan=\"2\">89&#215;3<\/td>\n<td colspan=\"2\">16-17-20-25-SW14<\/td>\n<td colspan=\"4\">250<\/td>\n<\/tr>\n<tr>\n<td colspan=\"2\"><\/td>\n<td colspan=\"2\"><\/td>\n<td colspan=\"4\"><\/td>\n<\/tr>\n<tr>\n<td colspan=\"2\"><\/td>\n<td colspan=\"2\"><\/td>\n<td colspan=\"4\"><\/td>\n<\/tr>\n<tr>\n<td colspan=\"4\">\n<p><strong><img loading=\"lazy\" decoding=\"async\" class=\"size-full wp-image-926 alignleft\" src=\"https:\/\/eurotransis.com\/wp-content\/uploads\/2016\/04\/cabezal.png\" alt=\"cabezal\" width=\"101\" height=\"72\" \/>CAIXA DE ROLAMENTOS: AP-02 A\u00c7O ZINCADO<\/strong><\/p>\n<p><strong>CASQUILHO: POLIPROPILENO<\/strong><\/td>\n<td colspan=\"4\">\n<p><strong><strong><img loading=\"lazy\" decoding=\"async\" class=\"wp-image-1453 size-full alignleft\" src=\"https:\/\/eurotransis.com\/wp-content\/uploads\/2016\/04\/hilera.png\" alt=\"\" width=\"101\" height=\"73\" srcset=\"https:\/\/eurotransis.com\/wp-content\/uploads\/2016\/04\/hilera.png 101w, https:\/\/eurotransis.com\/wp-content\/uploads\/2016\/04\/hilera-64x46.png 64w\" sizes=\"auto, (max-width: 101px) 100vw, 101px\" \/><\/strong>DIN625 6004-2RS1 (TUBO\u00d863.5)<\/strong><\/p>\n<p><strong>DIN625 6204-2RS1 (TODOS EXCETO \u00d863.5)<\/strong><\/td>\n<\/tr>\n<\/tbody>\n<\/table>\n<p>&nbsp;<\/p>\n","protected":false},"excerpt":{"rendered":"<p>Cabe\u00e7a met\u00e1lica para estampagem profunda, com rolamento r\u00edgido de esferas (6004 \/ 6204).<\/p>\n<p>S\u00e3o adequados para transportar cargas pesadas.<\/p>\n<p>Poss\u00edveis ind\u00fastrias de aplica\u00e7\u00e3o: Manufatura, Distribui\u00e7\u00e3o, Cart\u00e3o, Agricultura, Paletiza\u00e7\u00e3o, Encaixotamento, Ensacamento.<\/p>\n","protected":false},"featured_media":17929,"comment_status":"closed","ping_status":"closed","template":"","meta":[],"product_brand":[],"product_cat":[769],"product_tag":[],"class_list":{"0":"post-4156","1":"product","2":"type-product","3":"status-publish","4":"has-post-thumbnail","6":"product_cat-metalica-serie-pesada-pt","8":"first","9":"instock","10":"shipping-taxable","11":"product-type-simple"},"_links":{"self":[{"href":"https:\/\/eurotransis.com\/pt-pt\/wp-json\/wp\/v2\/product\/4156","targetHints":{"allow":["GET"]}}],"collection":[{"href":"https:\/\/eurotransis.com\/pt-pt\/wp-json\/wp\/v2\/product"}],"about":[{"href":"https:\/\/eurotransis.com\/pt-pt\/wp-json\/wp\/v2\/types\/product"}],"replies":[{"embeddable":true,"href":"https:\/\/eurotransis.com\/pt-pt\/wp-json\/wp\/v2\/comments?post=4156"}],"wp:featuredmedia":[{"embeddable":true,"href":"https:\/\/eurotransis.com\/pt-pt\/wp-json\/wp\/v2\/media\/17929"}],"wp:attachment":[{"href":"https:\/\/eurotransis.com\/pt-pt\/wp-json\/wp\/v2\/media?parent=4156"}],"wp:term":[{"taxonomy":"product_brand","embeddable":true,"href":"https:\/\/eurotransis.com\/pt-pt\/wp-json\/wp\/v2\/product_brand?post=4156"},{"taxonomy":"product_cat","embeddable":true,"href":"https:\/\/eurotransis.com\/pt-pt\/wp-json\/wp\/v2\/product_cat?post=4156"},{"taxonomy":"product_tag","embeddable":true,"href":"https:\/\/eurotransis.com\/pt-pt\/wp-json\/wp\/v2\/product_tag?post=4156"}],"curies":[{"name":"wp","href":"https:\/\/api.w.org\/{rel}","templated":true}]}}