{"id":4158,"date":"2016-04-22T10:48:55","date_gmt":"2016-04-22T10:48:55","guid":{"rendered":"http:\/\/eurotransis.com\/pt-pt\/tienda\/sin%20categorizar\/serie-em-230-k-3\/"},"modified":"2025-01-28T07:46:04","modified_gmt":"2025-01-28T06:46:04","slug":"serie-em-230-pt","status":"publish","type":"product","link":"https:\/\/eurotransis.com\/pt-pt\/loja\/componentes-para-rolos-pt\/cabecas-livres-pt\/cabecas-metalicas-pt-pt-pt\/serie-ligeira-metalica-pt\/serie-em-230-pt\/","title":{"rendered":"S\u00e9rie EM-230"},"content":{"rendered":"<table style=\"height: 201px\" width=\"1275\">\n<tbody>\n<tr>\n<td style=\"text-align: center\" colspan=\"2\"><strong>\u00d8 TUBO<\/strong><\/td>\n<td style=\"text-align: center\" colspan=\"2\"><strong>\u00d8 EIXO<\/strong><\/td>\n<td style=\"text-align: center\" colspan=\"4\"><strong>CARGA (daN)<\/strong><\/td>\n<\/tr>\n<tr>\n<td colspan=\"2\">18&#215;1<\/td>\n<td colspan=\"2\">6<\/td>\n<td colspan=\"4\">12<\/td>\n<\/tr>\n<tr>\n<td colspan=\"2\">30&#215;1.2<\/td>\n<td colspan=\"2\">8-10<\/td>\n<td colspan=\"4\">30<\/td>\n<\/tr>\n<tr>\n<td colspan=\"2\">30&#215;1.5<\/td>\n<td colspan=\"2\">8-10-12<\/td>\n<td colspan=\"4\">30<\/td>\n<\/tr>\n<tr>\n<td colspan=\"2\">40&#215;1.5<\/td>\n<td colspan=\"2\">8-10-12-SW11<\/td>\n<td colspan=\"4\">80<\/td>\n<\/tr>\n<tr>\n<td colspan=\"2\">40&#215;2<\/td>\n<td colspan=\"2\">8-10-12-SW11<\/td>\n<td colspan=\"4\">80<\/td>\n<\/tr>\n<tr>\n<td colspan=\"2\">50&#215;1.5<\/td>\n<td colspan=\"2\">8-10-12-SW11<\/td>\n<td colspan=\"4\">80<\/td>\n<\/tr>\n<tr>\n<td colspan=\"2\">50&#215;2<\/td>\n<td colspan=\"2\">8-10-12-SW11<\/td>\n<td colspan=\"4\">80<\/td>\n<\/tr>\n<tr>\n<td colspan=\"2\">60&#215;1.5<\/td>\n<td colspan=\"2\">8-10-12-17-SW11<\/td>\n<td colspan=\"4\">80<\/td>\n<\/tr>\n<tr>\n<td colspan=\"2\">60&#215;2<\/td>\n<td colspan=\"2\">8-10-12-17-SW11<\/td>\n<td colspan=\"4\">80<\/td>\n<\/tr>\n<tr>\n<td colspan=\"2\">80&#215;2<\/td>\n<td colspan=\"2\">10-12-20-SW11<\/td>\n<td colspan=\"4\">80<\/td>\n<\/tr>\n<tr>\n<td colspan=\"4\">\n<p><strong><img loading=\"lazy\" decoding=\"async\" class=\"size-full wp-image-926 alignleft\" src=\"https:\/\/eurotransis.com\/wp-content\/uploads\/2016\/04\/cabezal.png\" alt=\"cabezal\" width=\"101\" height=\"72\" \/> Caixa de rolamentos: A\u00e7o AP-02 zincado <\/strong><\/p>\n<p><strong>Casquilho: met\u00e1lico\u00a0<\/strong><\/td>\n<td colspan=\"4\">\u00a0<strong><strong><img loading=\"lazy\" decoding=\"async\" class=\"wp-image-1453 size-full alignleft\" src=\"https:\/\/eurotransis.com\/wp-content\/uploads\/2016\/04\/hilera.png\" alt=\"\" width=\"101\" height=\"73\" srcset=\"https:\/\/eurotransis.com\/wp-content\/uploads\/2016\/04\/hilera.png 101w, https:\/\/eurotransis.com\/wp-content\/uploads\/2016\/04\/hilera-64x46.png 64w\" sizes=\"auto, (max-width: 101px) 100vw, 101px\" \/><\/strong>Rodamiento estampado<\/strong><\/td>\n<\/tr>\n<\/tbody>\n<\/table>\n<p>&nbsp;<\/p>\n","protected":false},"excerpt":{"rendered":"<p>Cabe\u00e7a met\u00e1lica para encastrar em tubo, com rolamento estampado. S\u00e3o adequados para transportar cargas leves.<\/p>\n<p>Rolamentos tipo \u201cMAN\u201d.<\/p>\n<p>Poss\u00edveis ind\u00fastrias de aplica\u00e7\u00e3o: Manufatura, Distribui\u00e7\u00e3o, Cart\u00e3o.<\/p>\n","protected":false},"featured_media":17911,"comment_status":"closed","ping_status":"closed","template":"","meta":[],"product_brand":[],"product_cat":[763],"product_tag":[],"class_list":{"0":"post-4158","1":"product","2":"type-product","3":"status-publish","4":"has-post-thumbnail","6":"product_cat-serie-ligeira-metalica-pt","8":"first","9":"instock","10":"shipping-taxable","11":"product-type-simple"},"_links":{"self":[{"href":"https:\/\/eurotransis.com\/pt-pt\/wp-json\/wp\/v2\/product\/4158","targetHints":{"allow":["GET"]}}],"collection":[{"href":"https:\/\/eurotransis.com\/pt-pt\/wp-json\/wp\/v2\/product"}],"about":[{"href":"https:\/\/eurotransis.com\/pt-pt\/wp-json\/wp\/v2\/types\/product"}],"replies":[{"embeddable":true,"href":"https:\/\/eurotransis.com\/pt-pt\/wp-json\/wp\/v2\/comments?post=4158"}],"wp:featuredmedia":[{"embeddable":true,"href":"https:\/\/eurotransis.com\/pt-pt\/wp-json\/wp\/v2\/media\/17911"}],"wp:attachment":[{"href":"https:\/\/eurotransis.com\/pt-pt\/wp-json\/wp\/v2\/media?parent=4158"}],"wp:term":[{"taxonomy":"product_brand","embeddable":true,"href":"https:\/\/eurotransis.com\/pt-pt\/wp-json\/wp\/v2\/product_brand?post=4158"},{"taxonomy":"product_cat","embeddable":true,"href":"https:\/\/eurotransis.com\/pt-pt\/wp-json\/wp\/v2\/product_cat?post=4158"},{"taxonomy":"product_tag","embeddable":true,"href":"https:\/\/eurotransis.com\/pt-pt\/wp-json\/wp\/v2\/product_tag?post=4158"}],"curies":[{"name":"wp","href":"https:\/\/api.w.org\/{rel}","templated":true}]}}