{"id":4167,"date":"2016-04-22T09:59:30","date_gmt":"2016-04-22T09:59:30","guid":{"rendered":"http:\/\/eurotransis.com\/pt-pt\/tienda\/sin%20categorizar\/serie-em-310-2\/"},"modified":"2025-01-28T09:59:13","modified_gmt":"2025-01-28T08:59:13","slug":"serie-em-310-pt","status":"publish","type":"product","link":"https:\/\/eurotransis.com\/pt-pt\/loja\/componentes-para-rolos-pt\/cabecas-livres-pt\/cabecas-de-plastico-pt-pt-pt\/serie-media-pt-pt-pt\/serie-em-310-pt\/","title":{"rendered":"S\u00e9rie EM-310"},"content":{"rendered":"<table style=\"height: 201px\" width=\"1275\">\n<tbody>\n<tr style=\"height: 24px\">\n<td style=\"text-align: center;height: 24px\" colspan=\"2\"><strong>\u00d8 TUBO\u00a0<\/strong><\/td>\n<td style=\"text-align: center;height: 24px\" colspan=\"2\"><strong>\u00d8 EIXO<\/strong><\/td>\n<td style=\"text-align: center;height: 24px\" colspan=\"4\"><strong>CARGA (daN)<\/strong><\/td>\n<\/tr>\n<tr style=\"height: 24px\">\n<td style=\"height: 24px\" colspan=\"2\">40&#215;1.5<\/td>\n<td style=\"height: 24px\" colspan=\"2\">10-12-SW11<\/td>\n<td style=\"height: 24px\" colspan=\"4\">80<\/td>\n<\/tr>\n<tr style=\"height: 24px\">\n<td style=\"height: 24px\" colspan=\"2\">50&#215;1.5<\/td>\n<td style=\"height: 24px\" colspan=\"2\">10-12-14-15-SW11<\/td>\n<td style=\"height: 24px\" colspan=\"4\">120<\/td>\n<\/tr>\n<tr style=\"height: 24px\">\n<td style=\"height: 24px\" colspan=\"2\">\u00a050&#215;2.8<\/td>\n<td style=\"height: 24px\" colspan=\"2\">10-12-14-15-SW11<\/td>\n<td style=\"height: 24px\" colspan=\"4\">120<\/td>\n<\/tr>\n<tr style=\"height: 24px\">\n<td style=\"height: 24px\" colspan=\"2\">\u00a060&#215;1.5<\/td>\n<td style=\"height: 24px\" colspan=\"2\">10-12-14-15-SW11<\/td>\n<td style=\"height: 24px\" colspan=\"4\">120<\/td>\n<\/tr>\n<tr style=\"height: 24px\">\n<td style=\"height: 24px\" colspan=\"2\">60&#215;2<\/td>\n<td style=\"height: 24px\" colspan=\"2\">10-12-14-15-17-20-SW11<\/td>\n<td style=\"height: 24px\" colspan=\"4\">120<\/td>\n<\/tr>\n<tr style=\"height: 24px\">\n<td style=\"height: 24px\" colspan=\"2\">63&#215;3<\/td>\n<td style=\"height: 24px\" colspan=\"2\">10-12-14-15-17-20-SW11<\/td>\n<td style=\"height: 24px\" colspan=\"4\">120<\/td>\n<\/tr>\n<tr style=\"height: 24px\">\n<td style=\"height: 24px\" colspan=\"2\">80&#215;2<\/td>\n<td style=\"height: 24px\" colspan=\"2\">10-12-14-15-17-20-SW11<\/td>\n<td style=\"height: 24px\" colspan=\"4\">120<\/td>\n<\/tr>\n<tr style=\"height: 89px\">\n<td style=\"height: 89px\" colspan=\"4\"><strong><img loading=\"lazy\" decoding=\"async\" class=\"size-full wp-image-926 alignleft\" src=\"https:\/\/eurotransis.com\/wp-content\/uploads\/2016\/04\/cabezal.png\" alt=\"cabezal\" width=\"101\" height=\"72\" \/><\/strong><\/p>\n<p style=\"margin: 0cm;margin-bottom: .0001pt\"><strong>POLIPROPILENO\u00a0<\/strong><\/p>\n<\/td>\n<td style=\"height: 89px\" colspan=\"4\">\u00a0<strong><strong><img loading=\"lazy\" decoding=\"async\" class=\"wp-image-1453 size-full alignleft\" src=\"https:\/\/eurotransis.com\/wp-content\/uploads\/2016\/04\/hilera.png\" alt=\"\" width=\"101\" height=\"73\" srcset=\"https:\/\/eurotransis.com\/wp-content\/uploads\/2016\/04\/hilera.png 101w, https:\/\/eurotransis.com\/wp-content\/uploads\/2016\/04\/hilera-64x46.png 64w\" sizes=\"auto, (max-width: 101px) 100vw, 101px\" \/><\/strong>DIN625 6002-2RS \/ 6204-2RS<\/strong><\/td>\n<\/tr>\n<\/tbody>\n<\/table>\n<p>&nbsp;<\/p>\n<table style=\"height: 201px\" width=\"1275\">\n<tbody>\n<tr>\n<td style=\"text-align: center\" colspan=\"8\"><strong>VERS\u00c3O ANTIEST\u00c1TICA S\u00c9RIE EM-310<\/strong><\/td>\n<\/tr>\n<tr>\n<td style=\"text-align: center\" colspan=\"2\"><strong>\u00d8 TUBO\u00a0<\/strong><\/td>\n<td style=\"text-align: center\" colspan=\"2\"><strong> EIXO (mm)<\/strong><\/td>\n<td style=\"text-align: center\" colspan=\"4\"><strong>CARGA (daN)<\/strong><\/td>\n<\/tr>\n<tr>\n<td colspan=\"2\">40&#215;1.5<\/td>\n<td colspan=\"2\">10-12-SW11<\/td>\n<td colspan=\"4\">80<\/td>\n<\/tr>\n<tr>\n<td colspan=\"2\">50&#215;1.5<\/td>\n<td colspan=\"2\">10-12-14-15-SW11<\/td>\n<td colspan=\"4\">120<\/td>\n<\/tr>\n<tr>\n<td colspan=\"2\">\u00a050&#215;2.8<\/td>\n<td colspan=\"2\">10-12-14-15-SW11<\/td>\n<td colspan=\"4\">120<\/td>\n<\/tr>\n<tr>\n<td colspan=\"2\">\u00a060&#215;1.5<\/td>\n<td colspan=\"2\">10-12-14-15-SW11<\/td>\n<td colspan=\"4\">120<\/td>\n<\/tr>\n<tr>\n<td colspan=\"2\">60&#215;2<\/td>\n<td colspan=\"2\">10-12-14-15-SW11<\/td>\n<td colspan=\"4\">120<\/td>\n<\/tr>\n<tr>\n<td colspan=\"2\">63&#215;3<\/td>\n<td colspan=\"2\">10-12-14-15-SW11<\/td>\n<td colspan=\"4\">120<\/td>\n<\/tr>\n<tr>\n<td style=\"text-align: center\" colspan=\"8\"><\/td>\n<\/tr>\n<tr>\n<td colspan=\"4\"><strong><img loading=\"lazy\" decoding=\"async\" class=\"size-full wp-image-926 alignleft\" src=\"https:\/\/eurotransis.com\/wp-content\/uploads\/2016\/04\/cabezal.png\" alt=\"cabezal\" width=\"101\" height=\"72\" \/><\/strong><\/p>\n<p style=\"margin: 0cm;margin-bottom: .0001pt\"><strong>POLIPROPILENO\u00a0<\/strong><\/p>\n<\/td>\n<td colspan=\"4\">\u00a0<strong><img loading=\"lazy\" decoding=\"async\" class=\"wp-image-1453 size-full alignleft\" src=\"https:\/\/eurotransis.com\/wp-content\/uploads\/2016\/04\/hilera.png\" alt=\"\" width=\"101\" height=\"73\" srcset=\"https:\/\/eurotransis.com\/wp-content\/uploads\/2016\/04\/hilera.png 101w, https:\/\/eurotransis.com\/wp-content\/uploads\/2016\/04\/hilera-64x46.png 64w\" sizes=\"auto, (max-width: 101px) 100vw, 101px\" \/><\/strong><strong>DIN625 6002-2RS<br \/>\n<\/strong><\/td>\n<\/tr>\n<\/tbody>\n<\/table>\n<p>&nbsp;<\/p>\n","protected":false},"excerpt":{"rendered":"<p>Cabe\u00e7a termopl\u00e1stica com rolamento r\u00edgido de esferas (6002\/6204). S\u00e3o adequados para o transporte de cargas semipesadas.<\/p>\n<p>Vers\u00e3o antiest\u00e1tica (&lt;106\u03a9) para tubos \u00d840, \u00d850 e \u00d860 at\u00e9 ao eixo \u00d815.<\/p>\n<p>Poss\u00edveis ind\u00fastrias de aplica\u00e7\u00e3o: Manufatura, Distribui\u00e7\u00e3o, Cart\u00e3o, Agricultura.<\/p>\n","protected":false},"featured_media":17902,"comment_status":"closed","ping_status":"closed","template":"","meta":[],"product_brand":[],"product_cat":[773],"product_tag":[],"class_list":{"0":"post-4167","1":"product","2":"type-product","3":"status-publish","4":"has-post-thumbnail","6":"product_cat-serie-media-pt-pt-pt","8":"first","9":"instock","10":"shipping-taxable","11":"product-type-simple"},"_links":{"self":[{"href":"https:\/\/eurotransis.com\/pt-pt\/wp-json\/wp\/v2\/product\/4167","targetHints":{"allow":["GET"]}}],"collection":[{"href":"https:\/\/eurotransis.com\/pt-pt\/wp-json\/wp\/v2\/product"}],"about":[{"href":"https:\/\/eurotransis.com\/pt-pt\/wp-json\/wp\/v2\/types\/product"}],"replies":[{"embeddable":true,"href":"https:\/\/eurotransis.com\/pt-pt\/wp-json\/wp\/v2\/comments?post=4167"}],"wp:featuredmedia":[{"embeddable":true,"href":"https:\/\/eurotransis.com\/pt-pt\/wp-json\/wp\/v2\/media\/17902"}],"wp:attachment":[{"href":"https:\/\/eurotransis.com\/pt-pt\/wp-json\/wp\/v2\/media?parent=4167"}],"wp:term":[{"taxonomy":"product_brand","embeddable":true,"href":"https:\/\/eurotransis.com\/pt-pt\/wp-json\/wp\/v2\/product_brand?post=4167"},{"taxonomy":"product_cat","embeddable":true,"href":"https:\/\/eurotransis.com\/pt-pt\/wp-json\/wp\/v2\/product_cat?post=4167"},{"taxonomy":"product_tag","embeddable":true,"href":"https:\/\/eurotransis.com\/pt-pt\/wp-json\/wp\/v2\/product_tag?post=4167"}],"curies":[{"name":"wp","href":"https:\/\/api.w.org\/{rel}","templated":true}]}}