{"id":4168,"date":"2016-04-22T09:43:24","date_gmt":"2016-04-22T09:43:24","guid":{"rendered":"http:\/\/eurotransis.com\/pt-pt\/tienda\/sin%20categorizar\/serie-em-103-2\/"},"modified":"2025-01-28T09:13:32","modified_gmt":"2025-01-28T08:13:32","slug":"serie-em-103-pt","status":"publish","type":"product","link":"https:\/\/eurotransis.com\/pt-pt\/loja\/componentes-para-rolos-pt\/cabecas-livres-pt\/cabecas-de-plastico-pt-pt-pt\/series-ligeira-pt\/serie-em-103-pt\/","title":{"rendered":"S\u00e9rie EM-103"},"content":{"rendered":"<table style=\"height: 201px\" width=\"1275\">\n<tbody>\n<tr>\n<td style=\"text-align: center\" colspan=\"2\"><strong>\u00d8 TUBO\u00a0<\/strong><\/td>\n<td style=\"text-align: center\" colspan=\"2\"><strong>\u00a0\u00d8 EIXO<\/strong><\/td>\n<td style=\"text-align: center\" colspan=\"4\"><strong>CARGA (daN)<\/strong><\/td>\n<\/tr>\n<tr>\n<td colspan=\"2\">\u00a050&#215;1.5<\/td>\n<td colspan=\"2\">8-10-12-SW11<\/td>\n<td colspan=\"4\">12<\/td>\n<\/tr>\n<tr>\n<td colspan=\"2\">50&#215;2.8<\/td>\n<td colspan=\"2\">8-10-12-SW11<\/td>\n<td colspan=\"4\">12<\/td>\n<\/tr>\n<tr>\n<td colspan=\"2\">\u00a060&#215;1.5<\/td>\n<td colspan=\"2\">8-10-12-SW11<\/td>\n<td colspan=\"4\">12<\/td>\n<\/tr>\n<tr>\n<td colspan=\"2\">\u00a060&#215;2<\/td>\n<td colspan=\"2\">8-10-12-SW11<\/td>\n<td colspan=\"4\">12<\/td>\n<\/tr>\n<tr>\n<td colspan=\"2\">63&#215;3<\/td>\n<td colspan=\"2\">8-10-12-SW11<\/td>\n<td colspan=\"4\">12<\/td>\n<\/tr>\n<tr>\n<td colspan=\"2\">80&#215;2<\/td>\n<td colspan=\"2\">8-10-12-SW11<\/td>\n<td colspan=\"4\">12<\/td>\n<\/tr>\n<tr>\n<td style=\"text-align: center\" colspan=\"8\"><\/td>\n<\/tr>\n<tr>\n<td colspan=\"4\"><strong><img loading=\"lazy\" decoding=\"async\" class=\"size-full wp-image-926 alignleft\" src=\"https:\/\/eurotransis.com\/wp-content\/uploads\/2016\/04\/cabezal.png\" alt=\"cabezal\" width=\"101\" height=\"72\" \/><\/strong><strong>POLIPROPILENO<\/strong><\/td>\n<td colspan=\"4\">\n<p><strong><strong><img loading=\"lazy\" decoding=\"async\" class=\"wp-image-1453 size-full alignleft\" src=\"https:\/\/eurotransis.com\/wp-content\/uploads\/2016\/04\/hilera.png\" alt=\"\" width=\"101\" height=\"73\" srcset=\"https:\/\/eurotransis.com\/wp-content\/uploads\/2016\/04\/hilera.png 101w, https:\/\/eurotransis.com\/wp-content\/uploads\/2016\/04\/hilera-64x46.png 64w\" sizes=\"auto, (max-width: 101px) 100vw, 101px\" \/><\/strong><\/strong><strong>DUAS CARREIRAS DE ESFERAS<\/strong><\/p>\n<p><strong>A\u00c7O INOXID\u00c1VEL AISI-420<\/strong><\/td>\n<\/tr>\n<\/tbody>\n<\/table>\n<p>&nbsp;<\/p>\n","protected":false},"excerpt":{"rendered":"<p>Cabe\u00e7a em polipropileno e duas carreiras de esferas em a\u00e7o inoxid\u00e1vel.<\/p>\n<p>S\u00e3o adequados para transportar cargas leves.<\/p>\n<p>Poss\u00edveis ind\u00fastrias de aplica\u00e7\u00e3o: Log\u00edstica, Aeroportos, Frutas e Legumes, Farmac\u00eautica.<\/p>\n","protected":false},"featured_media":17888,"comment_status":"closed","ping_status":"closed","template":"","meta":[],"product_brand":[],"product_cat":[771],"product_tag":[],"class_list":{"0":"post-4168","1":"product","2":"type-product","3":"status-publish","4":"has-post-thumbnail","6":"product_cat-series-ligeira-pt","8":"first","9":"instock","10":"shipping-taxable","11":"product-type-simple"},"_links":{"self":[{"href":"https:\/\/eurotransis.com\/pt-pt\/wp-json\/wp\/v2\/product\/4168","targetHints":{"allow":["GET"]}}],"collection":[{"href":"https:\/\/eurotransis.com\/pt-pt\/wp-json\/wp\/v2\/product"}],"about":[{"href":"https:\/\/eurotransis.com\/pt-pt\/wp-json\/wp\/v2\/types\/product"}],"replies":[{"embeddable":true,"href":"https:\/\/eurotransis.com\/pt-pt\/wp-json\/wp\/v2\/comments?post=4168"}],"wp:featuredmedia":[{"embeddable":true,"href":"https:\/\/eurotransis.com\/pt-pt\/wp-json\/wp\/v2\/media\/17888"}],"wp:attachment":[{"href":"https:\/\/eurotransis.com\/pt-pt\/wp-json\/wp\/v2\/media?parent=4168"}],"wp:term":[{"taxonomy":"product_brand","embeddable":true,"href":"https:\/\/eurotransis.com\/pt-pt\/wp-json\/wp\/v2\/product_brand?post=4168"},{"taxonomy":"product_cat","embeddable":true,"href":"https:\/\/eurotransis.com\/pt-pt\/wp-json\/wp\/v2\/product_cat?post=4168"},{"taxonomy":"product_tag","embeddable":true,"href":"https:\/\/eurotransis.com\/pt-pt\/wp-json\/wp\/v2\/product_tag?post=4168"}],"curies":[{"name":"wp","href":"https:\/\/api.w.org\/{rel}","templated":true}]}}