{"id":4763,"date":"2016-07-22T09:06:27","date_gmt":"2016-07-22T09:06:29","guid":{"rendered":"http:\/\/eurotransis.com\/pt-pt\/tienda\/rolos-pt-pt\/serie-em-522-copiar\/"},"modified":"2024-09-26T10:59:15","modified_gmt":"2024-09-26T08:59:15","slug":"rolo-serie-em-523","status":"publish","type":"product","link":"https:\/\/eurotransis.com\/pt-pt\/loja\/rolos-pt\/para-transporte-motorizado-pt\/rolos-motorizados-serie-ligeira-pt\/transmissao-por-corrente-pt\/transmissao-por-corrente-carreto-metalico-pt\/rolo-serie-em-523\/","title":{"rendered":"Rolo S\u00e9rie EM-523"},"content":{"rendered":"<table style=\"height: 201px\" width=\"1275\">\n<tbody>\n<tr>\n<td style=\"text-align: center;width: 438px\" colspan=\"4\"><strong>\u00d8 TUBO<\/strong><\/td>\n<td style=\"text-align: center;width: 631px\" colspan=\"2\"><b>\u00d8 EIXO<\/b><\/td>\n<\/tr>\n<tr>\n<td style=\"width: 186px\"><strong>(mm)<\/strong><\/td>\n<td style=\"width: 83px\"><strong>ST<\/strong><\/td>\n<td style=\"width: 106px\"><strong>STI<\/strong><\/td>\n<td style=\"width: 63px\"><strong>N<\/strong><\/td>\n<td style=\"width: 308px\"><b>8<\/b><\/td>\n<td style=\"width: 323px\"><strong>10<\/strong><\/td>\n<\/tr>\n<tr>\n<td style=\"width: 186px\"><strong>30&#215;1.5<\/strong><\/td>\n<td style=\"width: 83px\">SI<\/td>\n<td style=\"width: 106px\">SI<\/td>\n<td style=\"width: 63px\">SI<\/td>\n<td style=\"width: 308px\">SI<\/td>\n<td style=\"width: 323px\">SI<\/td>\n<\/tr>\n<tr>\n<td style=\"width: 438px\" colspan=\"4\">\n<p><strong><img loading=\"lazy\" decoding=\"async\" class=\"size-full wp-image-926 alignleft\" src=\"https:\/\/eurotransis.com\/wp-content\/uploads\/2016\/04\/cabezal.png\" alt=\"cabezal\" width=\"101\" height=\"72\" \/><\/strong><\/p>\n<p><strong>Cabe\u00e7a met\u00e1lica\u00a0embutida<\/strong><\/td>\n<td style=\"width: 631px\" colspan=\"2\">\n<p><strong><img loading=\"lazy\" decoding=\"async\" class=\"size-full wp-image-819 alignleft\" src=\"https:\/\/eurotransis.com\/wp-content\/uploads\/2016\/04\/rodillos-traccionados.png\" alt=\"rodillos traccionados\" width=\"100\" height=\"72\" srcset=\"https:\/\/eurotransis.com\/wp-content\/uploads\/2016\/04\/rodillos-traccionados.png 100w, https:\/\/eurotransis.com\/wp-content\/uploads\/2016\/04\/rodillos-traccionados-64x46.png 64w\" sizes=\"auto, (max-width: 100px) 100vw, 100px\" \/>Dupla<\/strong><\/p>\n<p><strong>Z12- 3\/8&#8243;\u00a0<\/strong><\/td>\n<\/tr>\n<tr>\n<td style=\"width: 438px\" colspan=\"4\"><strong><img loading=\"lazy\" decoding=\"async\" class=\"size-full wp-image-815 alignleft\" src=\"https:\/\/eurotransis.com\/wp-content\/uploads\/2016\/04\/aplicacion.png\" alt=\"aplicacion\" width=\"100\" height=\"75\" srcset=\"https:\/\/eurotransis.com\/wp-content\/uploads\/2016\/04\/aplicacion.png 100w, https:\/\/eurotransis.com\/wp-content\/uploads\/2016\/04\/aplicacion-64x48.png 64w\" sizes=\"auto, (max-width: 100px) 100vw, 100px\" \/>Fixo<br \/>\n<\/strong><\/td>\n<td style=\"width: 631px\" colspan=\"2\">\n<p><strong><img loading=\"lazy\" decoding=\"async\" class=\"size-full wp-image-930 alignleft\" src=\"https:\/\/eurotransis.com\/wp-content\/uploads\/2016\/04\/fuerza.png\" alt=\"fuerza\" width=\"100\" height=\"72\" srcset=\"https:\/\/eurotransis.com\/wp-content\/uploads\/2016\/04\/fuerza.png 100w, https:\/\/eurotransis.com\/wp-content\/uploads\/2016\/04\/fuerza-64x46.png 64w\" sizes=\"auto, (max-width: 100px) 100vw, 100px\" \/>EM-523 FIXO\u00a0 \u00a0 \u00a0 \u00a0 \u00a0 \u2013 10 daN\/Cabe\u00e7a<\/strong><\/p>\n<p><strong>EM-524 FRIC\u00c7\u00c3O\u00a0 \u2013 10 daN\/Cabe\u00e7a<\/strong><\/p>\n<p><strong>EM-525 SOLDADO \u2013 40 daN\/Cabe\u00e7<\/strong>a<\/td>\n<\/tr>\n<\/tbody>\n<\/table>\n<p>&nbsp;<\/p>\n","protected":false},"excerpt":{"rendered":"<p>O rolo transportador Roltia EM-523 \u00e9 um rolo acionado com roda dentada dupla de a\u00e7o Z-12 3\/8&#8243; para duas correntes simples. A roda dentada, que \u00e9 fixada no tubo, permite a transmiss\u00e3o da corrente conforme norma DIN-8187. \u00e9 fabricado em tubo de a\u00e7o \u00d830.<\/p>\n","protected":false},"featured_media":12740,"comment_status":"open","ping_status":"closed","template":"","meta":[],"product_brand":[],"product_cat":[685],"product_tag":[],"class_list":{"0":"post-4763","1":"product","2":"type-product","3":"status-publish","4":"has-post-thumbnail","6":"product_cat-transmissao-por-corrente-carreto-metalico-pt","8":"first","9":"instock","10":"shipping-taxable","11":"product-type-simple"},"_links":{"self":[{"href":"https:\/\/eurotransis.com\/pt-pt\/wp-json\/wp\/v2\/product\/4763","targetHints":{"allow":["GET"]}}],"collection":[{"href":"https:\/\/eurotransis.com\/pt-pt\/wp-json\/wp\/v2\/product"}],"about":[{"href":"https:\/\/eurotransis.com\/pt-pt\/wp-json\/wp\/v2\/types\/product"}],"replies":[{"embeddable":true,"href":"https:\/\/eurotransis.com\/pt-pt\/wp-json\/wp\/v2\/comments?post=4763"}],"wp:featuredmedia":[{"embeddable":true,"href":"https:\/\/eurotransis.com\/pt-pt\/wp-json\/wp\/v2\/media\/12740"}],"wp:attachment":[{"href":"https:\/\/eurotransis.com\/pt-pt\/wp-json\/wp\/v2\/media?parent=4763"}],"wp:term":[{"taxonomy":"product_brand","embeddable":true,"href":"https:\/\/eurotransis.com\/pt-pt\/wp-json\/wp\/v2\/product_brand?post=4763"},{"taxonomy":"product_cat","embeddable":true,"href":"https:\/\/eurotransis.com\/pt-pt\/wp-json\/wp\/v2\/product_cat?post=4763"},{"taxonomy":"product_tag","embeddable":true,"href":"https:\/\/eurotransis.com\/pt-pt\/wp-json\/wp\/v2\/product_tag?post=4763"}],"curies":[{"name":"wp","href":"https:\/\/api.w.org\/{rel}","templated":true}]}}