{"id":5087,"date":"2016-08-05T05:24:41","date_gmt":"2016-08-05T05:24:41","guid":{"rendered":"http:\/\/eurotransis.com\/tienda\/sin%20categorizar\/palete-stackers\/"},"modified":"2025-08-11T13:41:18","modified_gmt":"2025-08-11T11:41:18","slug":"empilhador-de-paletes","status":"publish","type":"product","link":"https:\/\/eurotransis.com\/pt-pt\/loja\/fabricante-transportadores-rolos-pt\/outras-solucoes-pt\/empilhador-de-paletes-pt\/empilhador-de-paletes\/","title":{"rendered":"Adapta\u00e7\u00e3o do Dispensador para Empilhar Paletes"},"content":{"rendered":"<p>Utilizamos sempre materiais de primeira qualidade e tecnologias de ponta para garantir a durabilidade e fiabilidade dos nossos stackers. Para isso, a equipe de especialistas em engenharia trabalha em estreita colabora\u00e7\u00e3o com o cliente para entender suas necessidades e oferecer solu\u00e7\u00f5es que superem suas expectativas.<\/p>\n<p><strong>Enviar todos os dados necess\u00e1rios para realizar uma an\u00e1lise pelo escrit\u00f3rio t\u00e9cnico:<\/strong><\/p>\n<ul>\n<li>\u00c9 necess\u00e1rio o plano do layout<\/li>\n<li>N\u00famero m\u00e1ximo de paletes<\/li>\n<li>Formato e dimens\u00f5es do palete<\/li>\n<li>Sa\u00edda do palete (traseira\/lateral)<\/li>\n<li>Dire\u00e7\u00e3o em que o palete ser\u00e1 manuseado<\/li>\n<li>Altura de trabalho<\/li>\n<li>Acabamento (pe\u00e7as fixas pintadas RAL)<\/li>\n<li>Dados adicionais<\/li>\n<\/ul>\n","protected":false},"excerpt":{"rendered":"<p>Utilizamos sempre materiais de primeira qualidade e tecnologias de ponta para garantir a durabilidade e fiabilidade dos nossos stackers. Para isso, a equipe de especialistas em engenharia trabalha em estreita colabora\u00e7\u00e3o com o cliente para entender suas necessidades e oferecer solu\u00e7\u00f5es que superem suas expectativas. Enviar todos os dados necess\u00e1rios para realizar uma an\u00e1lise pelo &hellip; <a href=\"https:\/\/eurotransis.com\/pt-pt\/loja\/fabricante-transportadores-rolos-pt\/outras-solucoes-pt\/empilhador-de-paletes-pt\/empilhador-de-paletes\/\">Veja mais<\/a><\/p>\n","protected":false},"featured_media":15237,"comment_status":"closed","ping_status":"closed","template":"","meta":[],"product_brand":[],"product_cat":[690,586],"product_tag":[],"class_list":{"0":"post-5087","1":"product","2":"type-product","3":"status-publish","4":"has-post-thumbnail","6":"product_cat-empilhador-de-paletes-pt","7":"product_cat-outras-solucoes-pt","9":"first","10":"instock","11":"shipping-taxable","12":"product-type-simple"},"_links":{"self":[{"href":"https:\/\/eurotransis.com\/pt-pt\/wp-json\/wp\/v2\/product\/5087","targetHints":{"allow":["GET"]}}],"collection":[{"href":"https:\/\/eurotransis.com\/pt-pt\/wp-json\/wp\/v2\/product"}],"about":[{"href":"https:\/\/eurotransis.com\/pt-pt\/wp-json\/wp\/v2\/types\/product"}],"replies":[{"embeddable":true,"href":"https:\/\/eurotransis.com\/pt-pt\/wp-json\/wp\/v2\/comments?post=5087"}],"wp:featuredmedia":[{"embeddable":true,"href":"https:\/\/eurotransis.com\/pt-pt\/wp-json\/wp\/v2\/media\/15237"}],"wp:attachment":[{"href":"https:\/\/eurotransis.com\/pt-pt\/wp-json\/wp\/v2\/media?parent=5087"}],"wp:term":[{"taxonomy":"product_brand","embeddable":true,"href":"https:\/\/eurotransis.com\/pt-pt\/wp-json\/wp\/v2\/product_brand?post=5087"},{"taxonomy":"product_cat","embeddable":true,"href":"https:\/\/eurotransis.com\/pt-pt\/wp-json\/wp\/v2\/product_cat?post=5087"},{"taxonomy":"product_tag","embeddable":true,"href":"https:\/\/eurotransis.com\/pt-pt\/wp-json\/wp\/v2\/product_tag?post=5087"}],"curies":[{"name":"wp","href":"https:\/\/api.w.org\/{rel}","templated":true}]}}