{"id":5283,"date":"2016-11-24T15:06:26","date_gmt":"2016-11-24T15:06:26","guid":{"rendered":"http:\/\/eurotransis.com\/pt-pt\/tienda\/rolos-pt-pt\/serie-emp-k2-copiar\/"},"modified":"2026-02-06T14:26:56","modified_gmt":"2026-02-06T13:26:56","slug":"serie-emp-340","status":"publish","type":"product","link":"https:\/\/eurotransis.com\/pt-pt\/loja\/rolos-pt\/para-transporte-por-gravidade-pt\/serie-media-pt\/cabezales-plasticos-serie-media-pt\/serie-emp-340\/","title":{"rendered":"Rolo S\u00e9rie EM-340 (HDPE)"},"content":{"rendered":"<table style=\"height: 201px\" width=\"1275\">\n<tbody>\n<tr>\n<td style=\"text-align: center;width: 570px\" colspan=\"4\"><\/td>\n<td style=\"text-align: center;width: 675px\" colspan=\"5\"><strong>\u00d8 TUBO<\/strong><\/td>\n<\/tr>\n<tr>\n<td style=\"text-align: center;width: 436px\" colspan=\"3\"><b>COMPRIMENTO PADR\u00c3O<\/b><\/td>\n<td style=\"text-align: center;width: 134px\"><strong>\u00d889&#215;6<\/strong><\/td>\n<td style=\"text-align: center;width: 134px\"><strong>\u00d8108&#215;6\u00a0<\/strong><\/td>\n<td style=\"text-align: center;width: 272px\" colspan=\"2\"><strong>\u00d8133&#215;10<\/strong><\/td>\n<td style=\"text-align: center;width: 269px\" colspan=\"2\"><strong>\u00d8159&#215;12<\/strong><\/td>\n<\/tr>\n<tr>\n<td style=\"text-align: center;width: 136px\"><b>BANDA \u00a0 \u00a0 \u00a0<\/b><\/td>\n<td style=\"text-align: center;width: 143px\">\n<p><strong>ROLO<\/strong><\/p>\n<p><strong>SUPERIOR<\/strong><\/td>\n<td style=\"text-align: center;width: 157px\"><strong>\u00a0 \u00a0 \u00a0 EIXO \u00a0 \u00a0 \u00a0 \u00a0<\/strong><\/td>\n<td style=\"width: 134px\"><strong>EIXO\u00a0\u00d820<\/strong><\/td>\n<td style=\"width: 134px\"><b><strong>EIXO<\/strong>\u00a0\u00d820<\/b><\/td>\n<td style=\"width: 131px\"><strong>EIXO\u00a0\u00d825<\/strong><\/td>\n<td style=\"width: 141px\"><strong>EIXO\u00a0\u00d830<\/strong><\/td>\n<td style=\"width: 138px\"><strong>EIXO\u00a0\u00d835<\/strong><\/td>\n<td style=\"width: 131px\"><strong>EIXO\u00a0\u00d840<\/strong><\/td>\n<\/tr>\n<tr>\n<td style=\"width: 136px\">500<\/td>\n<td style=\"width: 143px\">200<\/td>\n<td style=\"width: 157px\">226<\/td>\n<td style=\"width: 134px\">SI<\/td>\n<td style=\"width: 134px\">SI<\/td>\n<td style=\"width: 131px\">SI<\/td>\n<td style=\"width: 141px\">SI<\/td>\n<td style=\"width: 138px\">SI<\/td>\n<td style=\"width: 131px\">SI<\/td>\n<\/tr>\n<tr>\n<td style=\"width: 136px\">650<\/td>\n<td style=\"width: 143px\">250<\/td>\n<td style=\"width: 157px\">276<\/td>\n<td style=\"width: 134px\">SI<\/td>\n<td style=\"width: 134px\">SI<\/td>\n<td style=\"width: 131px\">SI<\/td>\n<td style=\"width: 141px\">SI<\/td>\n<td style=\"width: 138px\">SI<\/td>\n<td style=\"width: 131px\">SI<\/td>\n<\/tr>\n<tr>\n<td style=\"width: 136px\">800<\/td>\n<td style=\"width: 143px\">315<\/td>\n<td style=\"width: 157px\">341<\/td>\n<td style=\"width: 134px\">SI<\/td>\n<td style=\"width: 134px\">SI<\/td>\n<td style=\"width: 131px\">SI<\/td>\n<td style=\"width: 141px\">SI<\/td>\n<td style=\"width: 138px\">SI<\/td>\n<td style=\"width: 131px\">SI<\/td>\n<\/tr>\n<tr>\n<td style=\"width: 136px\">1000<\/td>\n<td style=\"width: 143px\">380<\/td>\n<td style=\"width: 157px\">406<\/td>\n<td style=\"width: 134px\">SI<\/td>\n<td style=\"width: 134px\">SI<\/td>\n<td style=\"width: 131px\">SI<\/td>\n<td style=\"width: 141px\">SI<\/td>\n<td style=\"width: 138px\">SI<\/td>\n<td style=\"width: 131px\">SI<\/td>\n<\/tr>\n<tr>\n<td style=\"width: 136px\">1200<\/td>\n<td style=\"width: 143px\">465<\/td>\n<td style=\"width: 157px\">491<\/td>\n<td style=\"width: 134px\">SI<\/td>\n<td style=\"width: 134px\">SI<\/td>\n<td style=\"width: 131px\">SI<\/td>\n<td style=\"width: 141px\">SI<\/td>\n<td style=\"width: 138px\">SI<\/td>\n<td style=\"width: 131px\">SI<\/td>\n<\/tr>\n<tr>\n<td style=\"text-align: center;width: 136px\"><b>BANDA \u00a0 \u00a0 \u00a0<\/b><\/td>\n<td style=\"text-align: center;width: 143px\"><strong>ROLO <\/strong><br \/>\n<strong>RETORNO<\/strong><\/td>\n<td style=\"text-align: center;width: 157px\"><strong>EIXO<\/strong><\/td>\n<td style=\"width: 134px\"><strong>EIXO \u00d820<\/strong><\/td>\n<td style=\"width: 134px\"><strong>EIXO\u00a0\u00d820<\/strong><\/td>\n<td style=\"width: 131px\"><strong>EIXO\u00a0\u00d825<\/strong><\/td>\n<td style=\"width: 141px\"><strong>EIXO\u00a0\u00d830<\/strong><\/td>\n<td style=\"width: 138px\"><strong>EIXO\u00a0\u00d835<\/strong><\/td>\n<td style=\"width: 131px\"><strong>EIXO\u00a0\u00d840<\/strong><\/td>\n<\/tr>\n<tr>\n<td style=\"width: 136px\">500<\/td>\n<td style=\"width: 143px\">600<\/td>\n<td style=\"width: 157px\">626<\/td>\n<td style=\"width: 134px\">SI<\/td>\n<td style=\"width: 134px\">SI<\/td>\n<td style=\"width: 131px\">SI<\/td>\n<td style=\"width: 141px\">SI<\/td>\n<td style=\"width: 138px\">SI<\/td>\n<td style=\"width: 131px\">SI<\/td>\n<\/tr>\n<tr>\n<td style=\"width: 136px\">650<\/td>\n<td style=\"width: 143px\">750<\/td>\n<td style=\"width: 157px\">782<\/td>\n<td style=\"width: 134px\">SI<\/td>\n<td style=\"width: 134px\">SI<\/td>\n<td style=\"width: 131px\">SI<\/td>\n<td style=\"width: 141px\">SI<\/td>\n<td style=\"width: 138px\">SI<\/td>\n<td style=\"width: 131px\">SI<\/td>\n<\/tr>\n<tr>\n<td style=\"width: 136px\">800<\/td>\n<td style=\"width: 143px\">950<\/td>\n<td style=\"width: 157px\">982<\/td>\n<td style=\"width: 134px\">SI<\/td>\n<td style=\"width: 134px\">SI<\/td>\n<td style=\"width: 131px\">SI<\/td>\n<td style=\"width: 141px\">SI<\/td>\n<td style=\"width: 138px\">SI<\/td>\n<td style=\"width: 131px\">SI<\/td>\n<\/tr>\n<tr>\n<td style=\"width: 136px\">1000<\/td>\n<td style=\"width: 143px\">1150<\/td>\n<td style=\"width: 157px\">1182<\/td>\n<td style=\"width: 134px\">SI<\/td>\n<td style=\"width: 134px\">SI<\/td>\n<td style=\"width: 131px\">SI<\/td>\n<td style=\"width: 141px\">SI<\/td>\n<td style=\"width: 138px\">SI<\/td>\n<td style=\"width: 131px\">SI<\/td>\n<\/tr>\n<tr>\n<td style=\"width: 436px\" colspan=\"3\">\n<p><strong><img loading=\"lazy\" decoding=\"async\" class=\"size-medium wp-image-640 alignleft\" src=\"https:\/\/eurotransis.com\/images\/catalogo\/iconos\/cabezal.png\" alt=\"cabezal\" width=\"101\" height=\"72\" \/><\/strong><strong>Cade\u00e7a HDPE<\/strong><\/p>\n<p><strong>Tubo UHMWPE<\/strong><\/p>\n<p><strong>Labirinto PA 30 GF<\/strong><\/td>\n<td style=\"width: 399px\" colspan=\"3\"><img loading=\"lazy\" decoding=\"async\" class=\"size-full wp-image-1206 alignleft\" src=\"https:\/\/eurotransis.com\/wp-content\/uploads\/2016\/04\/mineria-r.png\" alt=\"mineria r\" width=\"101\" height=\"74\" \/><strong>Minera\u00e7\u00e3o\u00a0pesada<\/strong><\/td>\n<td style=\"width: 410px\" colspan=\"3\"><strong><img loading=\"lazy\" decoding=\"async\" class=\"size-medium wp-image-648 alignleft\" src=\"https:\/\/eurotransis.com\/images\/catalogo\/iconos\/hilera.png\" alt=\"hilera\" width=\"101\" height=\"73\" \/>Rolamento precis\u00e3o<br \/>\n<\/strong><strong>Marca RVS<\/strong><\/td>\n<\/tr>\n<\/tbody>\n<\/table>\n<p><em><strong><u>ROLO HDPE<\/u><\/strong><\/em><\/p>\n<ul>\n<li>SLOTS ESPECIAIS PARA DRENAGEM POR FOR\u00c7A CENTR\u00cdFUGA PARA MANTER O ROLAMENTO 2RS SECO, AL\u00c9M DO FECHAMENTO TRIPLO LABIRINTO.<\/li>\n<li>PARA TEMPERATURAS DE -40\u00baC A +80\u00baC E PARA VELOCIDADES AT\u00c9 4,5 M\/S.<\/li>\n<li>MAIOR EFICI\u00caNCIA ENERG\u00c9TICA, ECONOMIZE AT\u00c9 \u00bc DO CONSUMO DE ENERGIA.<\/li>\n<li>MINIMIZA DANOS \u00c0S CORREIAS TRANSPORTADORAS.<\/li>\n<li>RESISTENTE A \u00c1CIDOS, ANTIOXIDA\u00c7\u00c3O E ANTIALCACINO.<\/li>\n<li>EXCELENTE OPERA\u00c7\u00c3O NAS CONDI\u00c7\u00d5ES E AMBIENTES MAIS EXTREMOS: MINERA\u00c7\u00c3O CONVENCIONAL E SUBTERR\u00c2NEA (ONDE PODE HAVER AC\u00daMULO DE G\u00c1S), PORTOS, USINAS DE RSU, F\u00c1BRICAS DE CIMENTO, T\u00daMULAS, TRANSPORTE DE GR\u00c3OS, QU\u00cdMICOS, FERTILIZANTES.<\/li>\n<li>EXCENTRICIDADE M\u00cdNIMA.<\/li>\n<li>REDUZ OS CUSTOS DE MANUTEN\u00c7\u00c3O.<\/li>\n<li>BAIXO N\u00cdVEL DE ABRAS\u00c3O E CORROS\u00c3O (RESISTENTE \u00c0 \u00c1GUA).<\/li>\n<li>RESISTENTE AO FOGO. ANTIEST\u00c1TICO.<\/li>\n<li>REDU\u00c7\u00c3O DOS CUSTOS NO ARRANQUE GRA\u00c7AS A UM PESO MAIS LEVE.<\/li>\n<li>MAIS LEVE QUE O ROLO DE A\u00c7O (APROXIMADAMENTE 55%).<\/li>\n<li>MUITO RESISTENTE A CHOQUES E COM PROPRIEDADE DE AUTO-REGENERA\u00c7\u00c3O.<\/li>\n<li>LONGA VIDA \u00daTIL.<\/li>\n<li>DIMINUI AS VIBRA\u00c7\u00d5ES.<\/li>\n<li>FUNCIONAMENTO MAIS SILENCIOSO. BAIXA EMISS\u00c3O DE RU\u00cdDO.<\/li>\n<li>RECICL\u00c1VEL.<\/li>\n<li>CUMPRE OS REGULAMENTOS ATEX.<\/li>\n<li>EST\u00c1 EM CONFORMIDADE COM OS REGULAMENTOS DA FDA.<\/li>\n<\/ul>\n","protected":false},"excerpt":{"rendered":"<p>A s\u00e9rie EM-340 da Roltia \u00e9 um rolo livre com tubo azul de polietileno de alta densidade PHDE-1000. \u00c9 um material com excelente resist\u00eancia qu\u00edmica e t\u00e9rmica. Est\u00e1 em conformidade com os regulamentos ATEX e FDA. Para temperaturas de -40\u00b0C a +80\u00b0C e velocidades de at\u00e9 4,5 m\/s.<\/p>\n","protected":false},"featured_media":12584,"comment_status":"closed","ping_status":"closed","template":"","meta":[],"product_brand":[],"product_cat":[533],"product_tag":[],"class_list":{"0":"post-5283","1":"product","2":"type-product","3":"status-publish","4":"has-post-thumbnail","6":"product_cat-cabezales-plasticos-serie-media-pt","8":"first","9":"instock","10":"shipping-taxable","11":"product-type-simple"},"_links":{"self":[{"href":"https:\/\/eurotransis.com\/pt-pt\/wp-json\/wp\/v2\/product\/5283","targetHints":{"allow":["GET"]}}],"collection":[{"href":"https:\/\/eurotransis.com\/pt-pt\/wp-json\/wp\/v2\/product"}],"about":[{"href":"https:\/\/eurotransis.com\/pt-pt\/wp-json\/wp\/v2\/types\/product"}],"replies":[{"embeddable":true,"href":"https:\/\/eurotransis.com\/pt-pt\/wp-json\/wp\/v2\/comments?post=5283"}],"wp:featuredmedia":[{"embeddable":true,"href":"https:\/\/eurotransis.com\/pt-pt\/wp-json\/wp\/v2\/media\/12584"}],"wp:attachment":[{"href":"https:\/\/eurotransis.com\/pt-pt\/wp-json\/wp\/v2\/media?parent=5283"}],"wp:term":[{"taxonomy":"product_brand","embeddable":true,"href":"https:\/\/eurotransis.com\/pt-pt\/wp-json\/wp\/v2\/product_brand?post=5283"},{"taxonomy":"product_cat","embeddable":true,"href":"https:\/\/eurotransis.com\/pt-pt\/wp-json\/wp\/v2\/product_cat?post=5283"},{"taxonomy":"product_tag","embeddable":true,"href":"https:\/\/eurotransis.com\/pt-pt\/wp-json\/wp\/v2\/product_tag?post=5283"}],"curies":[{"name":"wp","href":"https:\/\/api.w.org\/{rel}","templated":true}]}}