{"id":8498,"date":"2018-10-03T10:00:24","date_gmt":"2018-10-03T10:00:24","guid":{"rendered":"https:\/\/eurotransis.com\/?post_type=product&#038;p=8498"},"modified":"2025-01-30T07:10:49","modified_gmt":"2025-01-30T06:10:49","slug":"serie-em-520-pt","status":"publish","type":"product","link":"https:\/\/eurotransis.com\/pt-pt\/loja\/componentes-para-rolos-pt\/cabecas-de-tracao-pt\/cabecas-de-tracao-metalicas-pt\/transmissao-corrente-pt\/serie-ligeira-corrente-pt\/serie-em-520-pt\/","title":{"rendered":"S\u00e9rie EM-520"},"content":{"rendered":"<table style=\"height: 201px\" width=\"1275\">\n<tbody>\n<tr style=\"height: 21px\">\n<td style=\"text-align: center;height: 21px\" colspan=\"2\"><strong>\u00d8 TUBO<\/strong><\/td>\n<td style=\"text-align: center;height: 21px\"><strong><b>\u00d8 EIXO<\/b><\/strong><\/td>\n<td style=\"text-align: center;height: 21px\"><b>CARGA (daN)<\/b><\/td>\n<\/tr>\n<tr style=\"height: 21px\">\n<td style=\"text-align: center;height: 21px\" colspan=\"2\">30&#215;1.5<\/td>\n<td style=\"text-align: center;height: 21px\">8-10<\/td>\n<td style=\"text-align: center;height: 21px\">10<\/td>\n<\/tr>\n<tr style=\"height: 104px\">\n<td style=\"height: 104px\" colspan=\"3\">\n<p><img loading=\"lazy\" decoding=\"async\" class=\"wp-image-815 size-full alignleft\" src=\"https:\/\/eurotransis.com\/wp-content\/uploads\/2016\/04\/aplicacion.png\" alt=\"\" width=\"100\" height=\"75\" srcset=\"https:\/\/eurotransis.com\/wp-content\/uploads\/2016\/04\/aplicacion.png 100w, https:\/\/eurotransis.com\/wp-content\/uploads\/2016\/04\/aplicacion-64x48.png 64w\" sizes=\"auto, (max-width: 100px) 100vw, 100px\" \/><\/p>\n<p><strong><strong>Fixo<\/strong><\/strong><\/td>\n<td style=\"height: 104px\">\n<p><img loading=\"lazy\" decoding=\"async\" class=\"wp-image-819 size-full alignleft\" src=\"https:\/\/eurotransis.com\/wp-content\/uploads\/2016\/04\/rodillos-traccionados.png\" alt=\"\" width=\"100\" height=\"72\" srcset=\"https:\/\/eurotransis.com\/wp-content\/uploads\/2016\/04\/rodillos-traccionados.png 100w, https:\/\/eurotransis.com\/wp-content\/uploads\/2016\/04\/rodillos-traccionados-64x46.png 64w\" sizes=\"auto, (max-width: 100px) 100vw, 100px\" \/><strong>Simples<\/strong><\/p>\n<p><strong>Z12 &#8211; 3\/8&#8243;<\/strong><\/td>\n<\/tr>\n<tr style=\"height: 87px\">\n<td style=\"height: 87px\" colspan=\"3\"><img loading=\"lazy\" decoding=\"async\" class=\"wp-image-926 size-full alignleft\" src=\"https:\/\/eurotransis.com\/wp-content\/uploads\/2016\/04\/cabezal.png\" alt=\"\" width=\"101\" height=\"72\" \/><strong>A\u00e7o F-114<\/strong><\/td>\n<td style=\"height: 87px\">\u00a0<img loading=\"lazy\" decoding=\"async\" class=\"wp-image-1453 size-full alignleft\" src=\"https:\/\/eurotransis.com\/wp-content\/uploads\/2016\/04\/hilera.png\" alt=\"\" width=\"101\" height=\"73\" srcset=\"https:\/\/eurotransis.com\/wp-content\/uploads\/2016\/04\/hilera.png 101w, https:\/\/eurotransis.com\/wp-content\/uploads\/2016\/04\/hilera-64x46.png 64w\" sizes=\"auto, (max-width: 101px) 100vw, 101px\" \/><strong>61900-2RS<\/strong><\/td>\n<\/tr>\n<tr style=\"height: 26px\">\n<td style=\"height: 26px\" colspan=\"4\">\n<table style=\"height: 24px\" width=\"100%\">\n<tbody>\n<tr style=\"height: 24px\">\n<td style=\"height: 24px;width: 10.751%\" colspan=\"8\"><\/td>\n<\/tr>\n<\/tbody>\n<\/table>\n<\/td>\n<\/tr>\n<\/tbody>\n<\/table>\n<p>&nbsp;<\/p>\n","protected":false},"excerpt":{"rendered":"<p>Cabe\u00e7a met\u00e1lica com roda dentada simples Z-12 3\/8&#8221; em a\u00e7o F-114 para tra\u00e7\u00e3o com corrente DIN-8187.<\/p>\n<p>Poss\u00edveis ind\u00fastrias de aplica\u00e7\u00e3o: Log\u00edstica, Manufatura, Cart\u00e3o, Agroalimentar.<\/p>\n","protected":false},"featured_media":18105,"comment_status":"closed","ping_status":"closed","template":"","meta":[],"product_brand":[],"product_cat":[779],"product_tag":[],"class_list":{"0":"post-8498","1":"product","2":"type-product","3":"status-publish","4":"has-post-thumbnail","6":"product_cat-serie-ligeira-corrente-pt","8":"first","9":"instock","10":"shipping-taxable","11":"product-type-simple"},"_links":{"self":[{"href":"https:\/\/eurotransis.com\/pt-pt\/wp-json\/wp\/v2\/product\/8498","targetHints":{"allow":["GET"]}}],"collection":[{"href":"https:\/\/eurotransis.com\/pt-pt\/wp-json\/wp\/v2\/product"}],"about":[{"href":"https:\/\/eurotransis.com\/pt-pt\/wp-json\/wp\/v2\/types\/product"}],"replies":[{"embeddable":true,"href":"https:\/\/eurotransis.com\/pt-pt\/wp-json\/wp\/v2\/comments?post=8498"}],"wp:featuredmedia":[{"embeddable":true,"href":"https:\/\/eurotransis.com\/pt-pt\/wp-json\/wp\/v2\/media\/18105"}],"wp:attachment":[{"href":"https:\/\/eurotransis.com\/pt-pt\/wp-json\/wp\/v2\/media?parent=8498"}],"wp:term":[{"taxonomy":"product_brand","embeddable":true,"href":"https:\/\/eurotransis.com\/pt-pt\/wp-json\/wp\/v2\/product_brand?post=8498"},{"taxonomy":"product_cat","embeddable":true,"href":"https:\/\/eurotransis.com\/pt-pt\/wp-json\/wp\/v2\/product_cat?post=8498"},{"taxonomy":"product_tag","embeddable":true,"href":"https:\/\/eurotransis.com\/pt-pt\/wp-json\/wp\/v2\/product_tag?post=8498"}],"curies":[{"name":"wp","href":"https:\/\/api.w.org\/{rel}","templated":true}]}}